
{"id":498,"date":"2024-11-14T15:18:20","date_gmt":"2024-11-14T15:18:20","guid":{"rendered":"https:\/\/staging22.invictus-lead-generation.com\/?page_id=498"},"modified":"2025-01-15T09:44:28","modified_gmt":"2025-01-15T09:44:28","slug":"datenschutz","status":"publish","type":"page","link":"https:\/\/www.erstehilfeschuleberlin.de\/tr\/datenschutz\/","title":{"rendered":"Veri koruma"},"content":{"rendered":"<div style=\"height:100px\" aria-hidden=\"true\" class=\"wp-block-spacer\"><\/div>\n\n\n\n<h1 class=\"wp-block-heading\">\u0130lk Yard\u0131m Okulu Christina Maddocks GmbH Gizlilik Politikas\u0131<\/h1>\n\n\n\n<p><br>Bu Gizlilik Politikas\u0131, www.erstehilfeschuleberlin.de (\u201eWeb Sitesi\u201c) adresini kulland\u0131\u011f\u0131n\u0131zda ki\u015fisel verilerinizin nas\u0131l topland\u0131\u011f\u0131n\u0131, kullan\u0131ld\u0131\u011f\u0131n\u0131 ve payla\u015f\u0131ld\u0131\u011f\u0131n\u0131 a\u00e7\u0131klamaktad\u0131r.<\/p>\n\n\n\n<p><br>TARAFIMIZDAN TOPLANAN KI\u0307\u015eI\u0307SEL VERI\u0307LER<br>Web Sitesini ziyaret etti\u011finizde, web taray\u0131c\u0131s\u0131, IP adresi, saat dilimi ve cihaz\u0131n\u0131zda y\u00fckl\u00fc olan baz\u0131 \u00e7erezler hakk\u0131nda bilgiler de dahil olmak \u00fczere cihaz\u0131n\u0131z hakk\u0131nda belirli bilgileri otomatik olarak toplar\u0131z. Web Sitesine g\u00f6z att\u0131\u011f\u0131n\u0131zda, g\u00f6r\u00fcnt\u00fcledi\u011finiz tek tek web sayfalar\u0131 veya \u00fcr\u00fcnler, sizi Web Sitesine getiren web siteleri veya arama terimleri ve Web Sitesi ile nas\u0131l etkile\u015fimde bulundu\u011funuz hakk\u0131nda da bilgi toplar\u0131z. Otomatik olarak toplanan bu bilgileri \u201eCihaz Bilgileri\" olarak adland\u0131r\u0131yoruz.<\/p>\n\n\n\n<p>A\u015fa\u011f\u0131daki teknolojileri kullanarak cihaz bilgilerini topluyoruz:<\/p>\n\n\n\n<ul class=\"wp-block-list\">\n<li>\u201e\u00c7erezler\u201c bir cihazda veya bilgisayarda depolanan ve genellikle anonim benzersiz bir tan\u0131mlay\u0131c\u0131 i\u00e7eren veri dosyalar\u0131d\u0131r.<br>\u00c7erezler ve \u00e7erezlerin nas\u0131l devre d\u0131\u015f\u0131 b\u0131rak\u0131laca\u011f\u0131 hakk\u0131nda daha fazla bilgi http:\/\/www.allaboutcookies.org adresinde bulunabilir.<\/li>\n\n\n\n<li>\u201eG\u00fcnl\u00fck dosyalar\u0131\u201c web sitesindeki eylemleri kaydeder ve IP adresi, taray\u0131c\u0131 t\u00fcr\u00fc, internet servis sa\u011flay\u0131c\u0131s\u0131, y\u00f6nlendirme\/\u00e7\u0131k\u0131\u015f sayfalar\u0131 ve tarih\/saat damgalar\u0131 gibi verileri toplar.<\/li>\n\n\n\n<li>\u201eWeb i\u015faret\u00e7ileri\u201c, \u201eetiketler\u201c ve \u201epikseller\u201c, web sitesinde nas\u0131l gezindi\u011finiz hakk\u0131nda bilgi toplayan elektronik dosyalard\u0131r. Web sitesinde bir sat\u0131n alma i\u015flemi yapt\u0131\u011f\u0131n\u0131zda veya yapmaya \u00e7al\u0131\u015ft\u0131\u011f\u0131n\u0131zda, sizinle ilgili belirli bilgileri de toplar\u0131z. Bu bilgiler \u015funlar\u0131 i\u00e7erir<br>ad, fatura adresi, teslimat adresi, \u00f6deme bilgileri (kredi kart\u0131 numaralar\u0131 dahil), e-posta adresi ve telefon numaras\u0131n\u0131 i\u00e7erir. Bu bilgileri \u201esipari\u015f bilgileri\u201c olarak adland\u0131r\u0131yoruz.<\/li>\n<\/ul>\n\n\n\n<p>Bu gizlilik politikas\u0131nda \u201eki\u015fisel veriler\u201c hem cihaz bilgilerini hem de sipari\u015f bilgilerini ifade eder.<\/p>\n\n\n\n<h2 class=\"wp-block-heading\">KI\u0307\u015eI\u0307SEL VERI\u0307LERI\u0307NI\u0307ZI\u0307 NASIL KULLANIYORUZ?<\/h2>\n\n\n\n<p>Toplad\u0131\u011f\u0131m\u0131z sipari\u015f bilgilerini genellikle Site \u00fczerinden ald\u0131\u011f\u0131m\u0131z sipari\u015fleri yerine getirmek i\u00e7in kullan\u0131r\u0131z (\u00f6deme bilgilerinizi i\u015flemek, nakliye sa\u011flamak ve fatura ve\/veya sipari\u015f onaylar\u0131 g\u00f6ndermek dahil).<br><\/p>\n\n\n\n<p>Bu sipari\u015f bilgilerini \u015fu ama\u00e7larla da kullan\u0131r\u0131z:<br>- Sizinle ileti\u015fim;<br>- Potansiyel risk veya doland\u0131r\u0131c\u0131l\u0131k i\u00e7in sipari\u015flerimizi kontrol etmek ve gizlilik ayarlar\u0131n\u0131za uygun olmas\u0131 ko\u015fuluyla size \u00fcr\u00fcnlerimiz veya hizmetlerimizle ilgili bilgi veya reklam sa\u011flamak.<br><\/p>\n\n\n\n<p>Toplad\u0131\u011f\u0131m\u0131z cihaz bilgilerini potansiyel riskleri ve doland\u0131r\u0131c\u0131l\u0131\u011f\u0131 (\u00f6zellikle IP adresinizi) kontrol etmek ve genel olarak web sitemizi iyile\u015ftirmek ve optimize etmek i\u00e7in (\u00f6rne\u011fin, m\u00fc\u015fterilerimizin gezinme davran\u0131\u015flar\u0131n\u0131 ve web sitesiyle etkile\u015fimlerini analiz ederek ve pazarlama ve reklam kampanyalar\u0131m\u0131z\u0131n ba\u015far\u0131s\u0131n\u0131 de\u011ferlendirmek i\u00e7in) kullan\u0131yoruz.<br><\/p>\n\n\n\n<h2 class=\"wp-block-heading\">KI\u0307\u015eI\u0307SEL VERI\u0307LERI\u0307NI\u0307ZI\u0307N A\u00c7IKLANMASI<\/h2>\n\n\n\n<p>Ki\u015fisel verilerinizi, ki\u015fisel verilerinizi yukar\u0131da a\u00e7\u0131kland\u0131\u011f\u0131 \u015fekilde kullanmam\u0131za yard\u0131mc\u0131 olan \u00fc\u00e7\u00fcnc\u00fc taraflarla payla\u015f\u0131yoruz. Google Analytics'i \u015fu ama\u00e7larla kullan\u0131yoruz<br>M\u00fc\u015fterilerimizin web sitesini nas\u0131l kulland\u0131\u011f\u0131n\u0131 anlamak. Google'\u0131n ki\u015fisel verilerinizi nas\u0131l kulland\u0131\u011f\u0131 hakk\u0131nda daha fazla bilgiyi burada bulabilirsiniz: https:\/\/policies.google.com\/privacy?hl=de. Google Analytics'i buradan devre d\u0131\u015f\u0131 b\u0131rakabilirsiniz: https:\/\/tools.google.com\/dlpage\/gaoptout.<br><\/p>\n\n\n\n<p>Son olarak, ki\u015fisel bilgilerinizi y\u00fcr\u00fcrl\u00fckteki yasa ve y\u00f6netmeliklere uymak, bir mahkeme celbine, arama emrine veya ald\u0131\u011f\u0131m\u0131z bilgilere y\u00f6nelik di\u011fer yasal taleplere yan\u0131t vermek veya y\u00fcr\u00fcrl\u00fckteki yasalar kapsam\u0131ndaki haklar\u0131m\u0131z\u0131 kullanmak i\u00e7in de payla\u015fabiliriz.<br>Aksi takdirde.<br><br>Yukar\u0131da a\u00e7\u0131kland\u0131\u011f\u0131 gibi, ki\u015fisel verilerinizi ilginizi \u00e7ekebilece\u011fini d\u00fc\u015f\u00fcnd\u00fc\u011f\u00fcm\u00fcz hedefli reklamlar veya pazarlama ileti\u015fimleri sa\u011flamak i\u00e7in kullan\u0131r\u0131z. Hedefli reklamc\u0131l\u0131\u011f\u0131n nas\u0131l \u00e7al\u0131\u015ft\u0131\u011f\u0131 hakk\u0131nda daha fazla bilgi,<br>http:\/\/www.networkadvertising.org\/understanding-onlineadvertising\/how-does-it-work adresindeki Network Advertising Initiative (\u201eNAI\u201c) bilgi sayfas\u0131nda bulunabilir.<br>Hedefli reklamlar\u0131 buradan devre d\u0131\u015f\u0131 b\u0131rakabilirsiniz:<br><br>FACEBOOK - https:\/\/www.facebook.com\/settings\/?tab=ads<br>GOOGLE - https:\/\/www.google.com\/settings\/ads\/anonymous<br>BING - https:\/\/advertise.bingads.microsoft.com\/en-us\/resources\/policies\/personalized-ads<br><\/p>\n\n\n\n<p>Ayr\u0131ca, bu hizmetlerden baz\u0131lar\u0131n\u0131 Digital Advertising Alliance'\u0131n devre d\u0131\u015f\u0131 b\u0131rakma portal\u0131 arac\u0131l\u0131\u011f\u0131yla devre d\u0131\u015f\u0131 b\u0131rakabilirsiniz: http:\/\/optout.aboutads.info\/.<\/p>\n\n\n\n<p><br><strong>TAK\u0130P ETMEY\u0130N<br><\/strong>Taray\u0131c\u0131n\u0131zdan \u201eDo NoTrack\u201c sinyali al\u0131rsak web sitemizin veri toplama ve kullanma prosed\u00fcrlerini de\u011fi\u015ftirmedi\u011fimizi l\u00fctfen unutmay\u0131n.<br><\/p>\n\n\n\n<p><strong>S\u0130Z\u0130N HAKLARINIZ<br><\/strong>Avrupa'da ikamet ediyorsan\u0131z, hakk\u0131n\u0131zda tuttu\u011fumuz ki\u015fisel verilere eri\u015fme ve bunlar\u0131n d\u00fczeltilmesini, g\u00fcncellenmesini veya silinmesini talep etme hakk\u0131na sahipsiniz. Bu hakk\u0131n\u0131z\u0131 kullanmak istiyorsan\u0131z, l\u00fctfen a\u015fa\u011f\u0131daki ileti\u015fim bilgilerini kullanarak bizimle ileti\u015fime ge\u00e7in.<br><\/p>\n\n\n\n<p>Avrupa'da bulunuyorsan\u0131z, sizinle yap\u0131lan s\u00f6zle\u015fmeleri yerine getirmek (\u00f6rne\u011fin, Site \u00fczerinden bir sipari\u015f vermeniz durumunda) veya yukar\u0131da listelenen me\u015fru ticari \u00e7\u0131karlar\u0131m\u0131z\u0131 takip etmek i\u00e7in bilgilerinizi i\u015fleyebilece\u011fimizi de l\u00fctfen unutmay\u0131n. Verilerinizin Kanada ve Amerika Birle\u015fik Devletleri de dahil olmak \u00fczere Avrupa d\u0131\u015f\u0131na aktar\u0131laca\u011f\u0131n\u0131 da l\u00fctfen unutmay\u0131n.<br><\/p>\n\n\n\n<p><strong>VER\u0130 SAKLAMA<br><\/strong>Web Sitesi \u00fczerinden bir sipari\u015f verirseniz, bu verileri silmemizi istemedi\u011finiz s\u00fcrece sipari\u015f bilgilerinizi kay\u0131tlar\u0131m\u0131z i\u00e7in saklayaca\u011f\u0131z.<br><\/p>\n\n\n\n<p><strong>DE\u011e\u0130\u015e\u0130KL\u0130KLER<\/strong><br>Uygulamalar\u0131m\u0131zdaki de\u011fi\u015fiklikleri yans\u0131tmak i\u00e7in veya di\u011fer operasyonel, yasal veya d\u00fczenleyici nedenlerle bu Gizlilik Politikas\u0131n\u0131 zaman zaman de\u011fi\u015ftirebiliriz.<br><\/p>\n\n\n\n<p><strong>\u0130LET\u0130\u015e\u0130M<\/strong><br>Gizlilik uygulamalar\u0131m\u0131z hakk\u0131nda daha fazla bilgi almak, sorular\u0131n\u0131z varsa veya bir \u015fikayette bulunmak istiyorsan\u0131z, l\u00fctfen christina@erstehilfeschuleberlin.de adresinden e-posta yoluyla veya a\u015fa\u011f\u0131daki adresten posta yoluyla bizimle ileti\u015fime ge\u00e7in:<br>Adlergestell 129, Berlin, Berlin, 12439 , Almanya<\/p>\n\n\n\n<p><\/p>","protected":false},"excerpt":{"rendered":"<p>Erste Hilfe Schule Christina Maddocks GmbH Datenschutzerkl\u00e4rung In dieser Datenschutzerkl\u00e4rung wird beschrieben, wie Ihre personenbezogenen Daten erfasst, verwendet und weitergegeben werden, wenn Sie www.erstehilfeschuleberlin.de (die &#8222;Website&#8220;) nutzen. VON UNS ERFASSTE PERSONENBEZOGENE DATENWenn Sie die Website besuchen, erfassen wir automatisch bestimmte Informationen \u00fcber Ihr Ger\u00e4t, darunter Informationen zum Webbrowser, der IPAdresse, der Zeitzone und einigen der [&hellip;]<\/p>\n","protected":false},"author":1,"featured_media":0,"parent":0,"menu_order":0,"comment_status":"closed","ping_status":"closed","template":"","meta":{"footnotes":""},"class_list":["post-498","page","type-page","status-publish","hentry"],"yoast_head":"<!-- This site is optimized with the Yoast SEO plugin v27.5 - https:\/\/yoast.com\/product\/yoast-seo-wordpress\/ -->\n<title>Erste Hilfe Schule Datenschutzerkl\u00e4rung<\/title>\n<meta name=\"description\" content=\"Erste Hilfe Schule Christina Maddocks GmbH Datenschutzerkl\u00e4rung\" \/>\n<meta name=\"robots\" content=\"index, follow, max-snippet:-1, max-image-preview:large, max-video-preview:-1\" \/>\n<link rel=\"canonical\" href=\"https:\/\/www.erstehilfeschuleberlin.de\/tr\/datenschutz\/\" \/>\n<meta property=\"og:locale\" content=\"tr_TR\" \/>\n<meta property=\"og:type\" content=\"article\" \/>\n<meta property=\"og:title\" content=\"Erste Hilfe Schule Datenschutzerkl\u00e4rung\" \/>\n<meta property=\"og:description\" content=\"Erste Hilfe Schule Christina Maddocks GmbH Datenschutzerkl\u00e4rung\" \/>\n<meta property=\"og:url\" content=\"https:\/\/www.erstehilfeschuleberlin.de\/tr\/datenschutz\/\" \/>\n<meta property=\"og:site_name\" content=\"Erste Hilfe Schule Berlin\" \/>\n<meta property=\"article:publisher\" content=\"https:\/\/www.facebook.com\/christina.maddocks\/\" \/>\n<meta property=\"article:modified_time\" content=\"2025-01-15T09:44:28+00:00\" \/>\n<meta name=\"twitter:card\" content=\"summary_large_image\" \/>\n<meta name=\"twitter:label1\" content=\"Tahmini okuma s\u00fcresi\" \/>\n\t<meta name=\"twitter:data1\" content=\"5 dakika\" \/>\n<script type=\"application\/ld+json\" class=\"yoast-schema-graph\">{\"@context\":\"https:\\\/\\\/schema.org\",\"@graph\":[{\"@type\":\"WebPage\",\"@id\":\"https:\\\/\\\/www.erstehilfeschuleberlin.de\\\/datenschutz\\\/\",\"url\":\"https:\\\/\\\/www.erstehilfeschuleberlin.de\\\/datenschutz\\\/\",\"name\":\"Erste Hilfe Schule Datenschutzerkl\u00e4rung\",\"isPartOf\":{\"@id\":\"https:\\\/\\\/www.erstehilfeschuleberlin.de\\\/#website\"},\"datePublished\":\"2024-11-14T15:18:20+00:00\",\"dateModified\":\"2025-01-15T09:44:28+00:00\",\"description\":\"Erste Hilfe Schule Christina Maddocks GmbH Datenschutzerkl\u00e4rung\",\"breadcrumb\":{\"@id\":\"https:\\\/\\\/www.erstehilfeschuleberlin.de\\\/datenschutz\\\/#breadcrumb\"},\"inLanguage\":\"tr\",\"potentialAction\":[{\"@type\":\"ReadAction\",\"target\":[\"https:\\\/\\\/www.erstehilfeschuleberlin.de\\\/datenschutz\\\/\"]}]},{\"@type\":\"BreadcrumbList\",\"@id\":\"https:\\\/\\\/www.erstehilfeschuleberlin.de\\\/datenschutz\\\/#breadcrumb\",\"itemListElement\":[{\"@type\":\"ListItem\",\"position\":1,\"name\":\"Startseite\",\"item\":\"https:\\\/\\\/www.erstehilfeschuleberlin.de\\\/\"},{\"@type\":\"ListItem\",\"position\":2,\"name\":\"Datenschutz\"}]},{\"@type\":\"WebSite\",\"@id\":\"https:\\\/\\\/www.erstehilfeschuleberlin.de\\\/#website\",\"url\":\"https:\\\/\\\/www.erstehilfeschuleberlin.de\\\/\",\"name\":\"Erste Hilfe Schule Berlin\",\"description\":\"\",\"publisher\":{\"@id\":\"https:\\\/\\\/www.erstehilfeschuleberlin.de\\\/#organization\"},\"potentialAction\":[{\"@type\":\"SearchAction\",\"target\":{\"@type\":\"EntryPoint\",\"urlTemplate\":\"https:\\\/\\\/www.erstehilfeschuleberlin.de\\\/?s={search_term_string}\"},\"query-input\":{\"@type\":\"PropertyValueSpecification\",\"valueRequired\":true,\"valueName\":\"search_term_string\"}}],\"inLanguage\":\"tr\"},{\"@type\":\"Organization\",\"@id\":\"https:\\\/\\\/www.erstehilfeschuleberlin.de\\\/#organization\",\"name\":\"Erste Hilfe Schule Berlin GmbH\",\"url\":\"https:\\\/\\\/www.erstehilfeschuleberlin.de\\\/\",\"logo\":{\"@type\":\"ImageObject\",\"inLanguage\":\"tr\",\"@id\":\"https:\\\/\\\/www.erstehilfeschuleberlin.de\\\/#\\\/schema\\\/logo\\\/image\\\/\",\"url\":\"https:\\\/\\\/www.erstehilfeschuleberlin.de\\\/wp-content\\\/uploads\\\/2024\\\/11\\\/Erste-Hilfe-Schule-logo-e1731399170464.png\",\"contentUrl\":\"https:\\\/\\\/www.erstehilfeschuleberlin.de\\\/wp-content\\\/uploads\\\/2024\\\/11\\\/Erste-Hilfe-Schule-logo-e1731399170464.png\",\"width\":1256,\"height\":380,\"caption\":\"Erste Hilfe Schule Berlin GmbH\"},\"image\":{\"@id\":\"https:\\\/\\\/www.erstehilfeschuleberlin.de\\\/#\\\/schema\\\/logo\\\/image\\\/\"},\"sameAs\":[\"https:\\\/\\\/www.facebook.com\\\/christina.maddocks\\\/\",\"https:\\\/\\\/www.instagram.com\\\/christina.maddocks\\\/\",\"https:\\\/\\\/www.youtube.com\\\/@nursemaddocks\"]}]}<\/script>\n<!-- \/ Yoast SEO plugin. -->","yoast_head_json":{"title":"Erste Hilfe Schule Datenschutzerkl\u00e4rung","description":"\u0130lk Yard\u0131m Okulu Christina Maddocks GmbH Gizlilik Politikas\u0131","robots":{"index":"index","follow":"follow","max-snippet":"max-snippet:-1","max-image-preview":"max-image-preview:large","max-video-preview":"max-video-preview:-1"},"canonical":"https:\/\/www.erstehilfeschuleberlin.de\/tr\/datenschutz\/","og_locale":"tr_TR","og_type":"article","og_title":"Erste Hilfe Schule Datenschutzerkl\u00e4rung","og_description":"Erste Hilfe Schule Christina Maddocks GmbH Datenschutzerkl\u00e4rung","og_url":"https:\/\/www.erstehilfeschuleberlin.de\/tr\/datenschutz\/","og_site_name":"Erste Hilfe Schule Berlin","article_publisher":"https:\/\/www.facebook.com\/christina.maddocks\/","article_modified_time":"2025-01-15T09:44:28+00:00","twitter_card":"summary_large_image","twitter_misc":{"Tahmini okuma s\u00fcresi":"5 dakika"},"schema":{"@context":"https:\/\/schema.org","@graph":[{"@type":"WebPage","@id":"https:\/\/www.erstehilfeschuleberlin.de\/datenschutz\/","url":"https:\/\/www.erstehilfeschuleberlin.de\/datenschutz\/","name":"Erste Hilfe Schule Datenschutzerkl\u00e4rung","isPartOf":{"@id":"https:\/\/www.erstehilfeschuleberlin.de\/#website"},"datePublished":"2024-11-14T15:18:20+00:00","dateModified":"2025-01-15T09:44:28+00:00","description":"\u0130lk Yard\u0131m Okulu Christina Maddocks GmbH Gizlilik Politikas\u0131","breadcrumb":{"@id":"https:\/\/www.erstehilfeschuleberlin.de\/datenschutz\/#breadcrumb"},"inLanguage":"tr","potentialAction":[{"@type":"ReadAction","target":["https:\/\/www.erstehilfeschuleberlin.de\/datenschutz\/"]}]},{"@type":"BreadcrumbList","@id":"https:\/\/www.erstehilfeschuleberlin.de\/datenschutz\/#breadcrumb","itemListElement":[{"@type":"ListItem","position":1,"name":"Startseite","item":"https:\/\/www.erstehilfeschuleberlin.de\/"},{"@type":"ListItem","position":2,"name":"Datenschutz"}]},{"@type":"WebSite","@id":"https:\/\/www.erstehilfeschuleberlin.de\/#website","url":"https:\/\/www.erstehilfeschuleberlin.de\/","name":"Berlin \u0130lk Yard\u0131m Okulu","description":"","publisher":{"@id":"https:\/\/www.erstehilfeschuleberlin.de\/#organization"},"potentialAction":[{"@type":"SearchAction","target":{"@type":"EntryPoint","urlTemplate":"https:\/\/www.erstehilfeschuleberlin.de\/?s={search_term_string}"},"query-input":{"@type":"PropertyValueSpecification","valueRequired":true,"valueName":"search_term_string"}}],"inLanguage":"tr"},{"@type":"Organization","@id":"https:\/\/www.erstehilfeschuleberlin.de\/#organization","name":"\u0130lk Yard\u0131m Okulu Berlin GmbH","url":"https:\/\/www.erstehilfeschuleberlin.de\/","logo":{"@type":"ImageObject","inLanguage":"tr","@id":"https:\/\/www.erstehilfeschuleberlin.de\/#\/schema\/logo\/image\/","url":"https:\/\/www.erstehilfeschuleberlin.de\/wp-content\/uploads\/2024\/11\/Erste-Hilfe-Schule-logo-e1731399170464.png","contentUrl":"https:\/\/www.erstehilfeschuleberlin.de\/wp-content\/uploads\/2024\/11\/Erste-Hilfe-Schule-logo-e1731399170464.png","width":1256,"height":380,"caption":"Erste Hilfe Schule Berlin GmbH"},"image":{"@id":"https:\/\/www.erstehilfeschuleberlin.de\/#\/schema\/logo\/image\/"},"sameAs":["https:\/\/www.facebook.com\/christina.maddocks\/","https:\/\/www.instagram.com\/christina.maddocks\/","https:\/\/www.youtube.com\/@nursemaddocks"]}]}},"_links":{"self":[{"href":"https:\/\/www.erstehilfeschuleberlin.de\/tr\/wp-json\/wp\/v2\/pages\/498","targetHints":{"allow":["GET"]}}],"collection":[{"href":"https:\/\/www.erstehilfeschuleberlin.de\/tr\/wp-json\/wp\/v2\/pages"}],"about":[{"href":"https:\/\/www.erstehilfeschuleberlin.de\/tr\/wp-json\/wp\/v2\/types\/page"}],"author":[{"embeddable":true,"href":"https:\/\/www.erstehilfeschuleberlin.de\/tr\/wp-json\/wp\/v2\/users\/1"}],"replies":[{"embeddable":true,"href":"https:\/\/www.erstehilfeschuleberlin.de\/tr\/wp-json\/wp\/v2\/comments?post=498"}],"version-history":[{"count":4,"href":"https:\/\/www.erstehilfeschuleberlin.de\/tr\/wp-json\/wp\/v2\/pages\/498\/revisions"}],"predecessor-version":[{"id":1881,"href":"https:\/\/www.erstehilfeschuleberlin.de\/tr\/wp-json\/wp\/v2\/pages\/498\/revisions\/1881"}],"wp:attachment":[{"href":"https:\/\/www.erstehilfeschuleberlin.de\/tr\/wp-json\/wp\/v2\/media?parent=498"}],"curies":[{"name":"wp","href":"https:\/\/api.w.org\/{rel}","templated":true}]}}