
{"id":494,"date":"2024-11-14T15:08:56","date_gmt":"2024-11-14T15:08:56","guid":{"rendered":"https:\/\/staging22.invictus-lead-generation.com\/?page_id=494"},"modified":"2025-01-15T09:52:14","modified_gmt":"2025-01-15T09:52:14","slug":"stornierungsbedingungen","status":"publish","type":"page","link":"https:\/\/www.erstehilfeschuleberlin.de\/tr\/stornierungsbedingungen\/","title":{"rendered":"\u0130ptal ko\u015fullar\u0131"},"content":{"rendered":"<div style=\"height:100px\" aria-hidden=\"true\" class=\"wp-block-spacer\"><\/div>\n\n\n\n<h1 class=\"wp-block-heading\">\u0130ptal ko\u015fullar\u0131<\/h1>\n\n\n\n<p>T\u00fcm kat\u0131l\u0131mc\u0131lar i\u00e7in a\u00e7\u0131k ve adil bir temel sa\u011flamak amac\u0131yla, kurslar\u0131m\u0131z ve etkinliklerimiz i\u00e7in a\u015fa\u011f\u0131daki iptal ko\u015fullar\u0131 ge\u00e7erlidir. Bu ko\u015fullar, kay\u0131tlar\u0131n iptalini ve halihaz\u0131rda yap\u0131lm\u0131\u015f olan \u00f6demelerin ele al\u0131nmas\u0131n\u0131 y\u00f6netir. L\u00fctfen ko\u015fullar\u0131 dikkatlice okuyunuz.<\/p>\n\n\n\n<h2 class=\"wp-block-heading\"><strong>1. Kat\u0131l\u0131mc\u0131 taraf\u0131ndan iptal edilmesi<\/strong><\/h2>\n\n\n\n<p>Kayd\u0131n\u0131z\u0131 iptal etmek isterseniz, l\u00fctfen bize yaz\u0131l\u0131 olarak (e-posta veya mektupla) bilgi verin. \u0130ptal ko\u015fullar\u0131 a\u015fa\u011f\u0131daki gibidir:<\/p>\n\n\n\n<p>\u2022 <strong>Kursun ba\u015flamas\u0131ndan 30 g\u00fcn \u00f6ncesine kadar<\/strong>Kursun ba\u015flamas\u0131ndan en az 30 g\u00fcn \u00f6nce al\u0131nan iptaller, 10 % i\u015flem \u00fccreti d\u00fc\u015f\u00fclerek tam olarak iade edilecektir.<\/p>\n\n\n\n<p>\u2022 <strong>Kursun ba\u015flamas\u0131ndan 29 ila 14 g\u00fcn \u00f6nce<\/strong>Kursun ba\u015flamas\u0131ndan 29 ila 14 g\u00fcn \u00f6nce al\u0131nan iptallerde kurs \u00fccretinin 50 %'si iade edilecektir.<\/p>\n\n\n\n<p>\u2022 <strong>Kursun ba\u015flamas\u0131na 14 g\u00fcnden az bir s\u00fcre kala<\/strong>Kursun ba\u015flamas\u0131na 14 g\u00fcnden daha az bir s\u00fcre kala yap\u0131lan iptallerde, yerler genellikle yeniden tahsis edilemeyece\u011finden para iadesi yap\u0131lmayacakt\u0131r.<\/p>\n\n\n\n<h2 class=\"wp-block-heading\"><strong>2. yeniden rezervasyon<\/strong><\/h2>\n\n\n\n<p>Bir kat\u0131l\u0131mc\u0131n\u0131n yeniden rezervasyon yapt\u0131rmas\u0131 veya ba\u015fka bir kat\u0131l\u0131mc\u0131yla de\u011fi\u015ftirilmesi kurs ba\u015flang\u0131c\u0131na kadar m\u00fcmk\u00fcnd\u00fcr. Bir kursa kat\u0131l\u0131m\u0131n\u0131z\u0131 daha sonraki bir tarih i\u00e7in yeniden rezerve etmek isterseniz, bu, kursun orijinal ba\u015flang\u0131c\u0131ndan 14 g\u00fcn \u00f6ncesine kadar \u00fccretsiz olarak m\u00fcmk\u00fcnd\u00fcr, aksi takdirde normal iptal ko\u015fullar\u0131 ge\u00e7erlidir.<\/p>\n\n\n\n<h2 class=\"wp-block-heading\"><strong>3. sa\u011flay\u0131c\u0131 taraf\u0131ndan iptal<\/strong><\/h2>\n\n\n\n<p>\u0130stisnai durumlarda, bir kursu iptal etmek zorunda kalabiliriz (\u00f6rne\u011fin, yetersiz kat\u0131l\u0131mc\u0131 say\u0131s\u0131, e\u011fitmenin hastal\u0131\u011f\u0131 veya m\u00fccbir sebepler nedeniyle). Bu durumda, kurs \u00fccretinin tamam\u0131n\u0131 iade edece\u011fiz veya size ba\u015fka bir tarihte kat\u0131lma f\u0131rsat\u0131 sunaca\u011f\u0131z.<\/p>\n\n\n\n<h2 class=\"wp-block-heading\"><strong>4. m\u00fccbir sebepler<\/strong><\/h2>\n\n\n\n<p>M\u00fccbir sebepler (\u00f6rne\u011fin do\u011fal afetler, salg\u0131n hastal\u0131klar, siyasi huzursuzluk) durumunda, kursu iptal etme veya erteleme hakk\u0131m\u0131z\u0131 sakl\u0131 tutar\u0131z. Bu durumda, \u00f6denen kurs \u00fccretini iade edece\u011fiz veya size daha sonraki bir tarihte kat\u0131lma f\u0131rsat\u0131 sunaca\u011f\u0131z.<\/p>\n\n\n\n<h2 class=\"wp-block-heading\"><strong>5. Daha fazla bilgi<\/strong><\/h2>\n\n\n\n<p>\u0130ptal ko\u015fullar\u0131m\u0131z hakk\u0131nda daha fazla bilgi veya sorular\u0131n\u0131z i\u00e7in l\u00fctfen istedi\u011finiz zaman bizimle ileti\u015fime ge\u00e7in. Sorunuzla ilgili olarak size yard\u0131mc\u0131 olmaktan mutluluk duyaca\u011f\u0131z.<\/p>\n\n\n\n<p>Anlay\u0131\u015f\u0131n\u0131z i\u00e7in te\u015fekk\u00fcr ediyor ve sizi kurslar\u0131m\u0131zda a\u011f\u0131rlamay\u0131 d\u00f6rt g\u00f6zle bekliyoruz!<\/p>","protected":false},"excerpt":{"rendered":"<p>Stornierungsbedingungen Um eine klare und faire Grundlage f\u00fcr alle Teilnehmer zu gew\u00e4hrleisten, gelten die folgenden Stornobedingungen f\u00fcr unsere Kurse und Veranstaltungen. Diese Bedingungen regeln die Stornierung von Anmeldungen und den Umgang mit bereits geleisteten Zahlungen. Bitte lesen Sie die Bedingungen sorgf\u00e4ltig durch. 1. Stornierung durch den Teilnehmer Wenn Sie Ihre Anmeldung stornieren m\u00f6chten, bitten wir [&hellip;]<\/p>\n","protected":false},"author":1,"featured_media":0,"parent":0,"menu_order":0,"comment_status":"closed","ping_status":"closed","template":"","meta":{"footnotes":""},"class_list":["post-494","page","type-page","status-publish","hentry"],"yoast_head":"<!-- This site is optimized with the Yoast SEO plugin v27.5 - https:\/\/yoast.com\/product\/yoast-seo-wordpress\/ -->\n<title>Stornierungsbedingungen | Erste Hilfe Schule Berlin<\/title>\n<meta name=\"description\" content=\"Erfahren Sie mehr \u00fcber die Stornierungsbedingungen unserer Erste Hilfe Kurse. Wir bieten faire Regelungen f\u00fcr Ihre Buchung.\" \/>\n<meta name=\"robots\" content=\"index, follow, max-snippet:-1, max-image-preview:large, max-video-preview:-1\" \/>\n<link rel=\"canonical\" href=\"https:\/\/www.erstehilfeschuleberlin.de\/tr\/stornierungsbedingungen\/\" \/>\n<meta property=\"og:locale\" content=\"tr_TR\" \/>\n<meta property=\"og:type\" content=\"article\" \/>\n<meta property=\"og:title\" content=\"Stornierungsbedingungen | Erste Hilfe Schule Berlin\" \/>\n<meta property=\"og:description\" content=\"Erfahren Sie mehr \u00fcber die Stornierungsbedingungen unserer Erste Hilfe Kurse. Wir bieten faire Regelungen f\u00fcr Ihre Buchung.\" \/>\n<meta property=\"og:url\" content=\"https:\/\/www.erstehilfeschuleberlin.de\/tr\/stornierungsbedingungen\/\" \/>\n<meta property=\"og:site_name\" content=\"Erste Hilfe Schule Berlin\" \/>\n<meta property=\"article:publisher\" content=\"https:\/\/www.facebook.com\/christina.maddocks\/\" \/>\n<meta property=\"article:modified_time\" content=\"2025-01-15T09:52:14+00:00\" \/>\n<meta name=\"twitter:card\" content=\"summary_large_image\" \/>\n<meta name=\"twitter:label1\" content=\"Tahmini okuma s\u00fcresi\" \/>\n\t<meta name=\"twitter:data1\" content=\"2 dakika\" \/>\n<script type=\"application\/ld+json\" class=\"yoast-schema-graph\">{\"@context\":\"https:\\\/\\\/schema.org\",\"@graph\":[{\"@type\":\"WebPage\",\"@id\":\"https:\\\/\\\/www.erstehilfeschuleberlin.de\\\/stornierungsbedingungen\\\/\",\"url\":\"https:\\\/\\\/www.erstehilfeschuleberlin.de\\\/stornierungsbedingungen\\\/\",\"name\":\"Stornierungsbedingungen | Erste Hilfe Schule Berlin\",\"isPartOf\":{\"@id\":\"https:\\\/\\\/www.erstehilfeschuleberlin.de\\\/#website\"},\"datePublished\":\"2024-11-14T15:08:56+00:00\",\"dateModified\":\"2025-01-15T09:52:14+00:00\",\"description\":\"Erfahren Sie mehr \u00fcber die Stornierungsbedingungen unserer Erste Hilfe Kurse. Wir bieten faire Regelungen f\u00fcr Ihre Buchung.\",\"breadcrumb\":{\"@id\":\"https:\\\/\\\/www.erstehilfeschuleberlin.de\\\/stornierungsbedingungen\\\/#breadcrumb\"},\"inLanguage\":\"tr\",\"potentialAction\":[{\"@type\":\"ReadAction\",\"target\":[\"https:\\\/\\\/www.erstehilfeschuleberlin.de\\\/stornierungsbedingungen\\\/\"]}]},{\"@type\":\"BreadcrumbList\",\"@id\":\"https:\\\/\\\/www.erstehilfeschuleberlin.de\\\/stornierungsbedingungen\\\/#breadcrumb\",\"itemListElement\":[{\"@type\":\"ListItem\",\"position\":1,\"name\":\"Startseite\",\"item\":\"https:\\\/\\\/www.erstehilfeschuleberlin.de\\\/\"},{\"@type\":\"ListItem\",\"position\":2,\"name\":\"Stornierungsbedingungen\"}]},{\"@type\":\"WebSite\",\"@id\":\"https:\\\/\\\/www.erstehilfeschuleberlin.de\\\/#website\",\"url\":\"https:\\\/\\\/www.erstehilfeschuleberlin.de\\\/\",\"name\":\"Erste Hilfe Schule Berlin\",\"description\":\"\",\"publisher\":{\"@id\":\"https:\\\/\\\/www.erstehilfeschuleberlin.de\\\/#organization\"},\"potentialAction\":[{\"@type\":\"SearchAction\",\"target\":{\"@type\":\"EntryPoint\",\"urlTemplate\":\"https:\\\/\\\/www.erstehilfeschuleberlin.de\\\/?s={search_term_string}\"},\"query-input\":{\"@type\":\"PropertyValueSpecification\",\"valueRequired\":true,\"valueName\":\"search_term_string\"}}],\"inLanguage\":\"tr\"},{\"@type\":\"Organization\",\"@id\":\"https:\\\/\\\/www.erstehilfeschuleberlin.de\\\/#organization\",\"name\":\"Erste Hilfe Schule Berlin GmbH\",\"url\":\"https:\\\/\\\/www.erstehilfeschuleberlin.de\\\/\",\"logo\":{\"@type\":\"ImageObject\",\"inLanguage\":\"tr\",\"@id\":\"https:\\\/\\\/www.erstehilfeschuleberlin.de\\\/#\\\/schema\\\/logo\\\/image\\\/\",\"url\":\"https:\\\/\\\/www.erstehilfeschuleberlin.de\\\/wp-content\\\/uploads\\\/2024\\\/11\\\/Erste-Hilfe-Schule-logo-e1731399170464.png\",\"contentUrl\":\"https:\\\/\\\/www.erstehilfeschuleberlin.de\\\/wp-content\\\/uploads\\\/2024\\\/11\\\/Erste-Hilfe-Schule-logo-e1731399170464.png\",\"width\":1256,\"height\":380,\"caption\":\"Erste Hilfe Schule Berlin GmbH\"},\"image\":{\"@id\":\"https:\\\/\\\/www.erstehilfeschuleberlin.de\\\/#\\\/schema\\\/logo\\\/image\\\/\"},\"sameAs\":[\"https:\\\/\\\/www.facebook.com\\\/christina.maddocks\\\/\",\"https:\\\/\\\/www.instagram.com\\\/christina.maddocks\\\/\",\"https:\\\/\\\/www.youtube.com\\\/@nursemaddocks\"]}]}<\/script>\n<!-- \/ Yoast SEO plugin. -->","yoast_head_json":{"title":"Stornierungsbedingungen | Erste Hilfe Schule Berlin","description":"Erfahren Sie mehr \u00fcber die Stornierungsbedingungen unserer Erste Hilfe Kurse. Wir bieten faire Regelungen f\u00fcr Ihre Buchung.","robots":{"index":"index","follow":"follow","max-snippet":"max-snippet:-1","max-image-preview":"max-image-preview:large","max-video-preview":"max-video-preview:-1"},"canonical":"https:\/\/www.erstehilfeschuleberlin.de\/tr\/stornierungsbedingungen\/","og_locale":"tr_TR","og_type":"article","og_title":"Stornierungsbedingungen | Erste Hilfe Schule Berlin","og_description":"Erfahren Sie mehr \u00fcber die Stornierungsbedingungen unserer Erste Hilfe Kurse. Wir bieten faire Regelungen f\u00fcr Ihre Buchung.","og_url":"https:\/\/www.erstehilfeschuleberlin.de\/tr\/stornierungsbedingungen\/","og_site_name":"Erste Hilfe Schule Berlin","article_publisher":"https:\/\/www.facebook.com\/christina.maddocks\/","article_modified_time":"2025-01-15T09:52:14+00:00","twitter_card":"summary_large_image","twitter_misc":{"Tahmini okuma s\u00fcresi":"2 dakika"},"schema":{"@context":"https:\/\/schema.org","@graph":[{"@type":"WebPage","@id":"https:\/\/www.erstehilfeschuleberlin.de\/stornierungsbedingungen\/","url":"https:\/\/www.erstehilfeschuleberlin.de\/stornierungsbedingungen\/","name":"Stornierungsbedingungen | Erste Hilfe Schule Berlin","isPartOf":{"@id":"https:\/\/www.erstehilfeschuleberlin.de\/#website"},"datePublished":"2024-11-14T15:08:56+00:00","dateModified":"2025-01-15T09:52:14+00:00","description":"Erfahren Sie mehr \u00fcber die Stornierungsbedingungen unserer Erste Hilfe Kurse. Wir bieten faire Regelungen f\u00fcr Ihre Buchung.","breadcrumb":{"@id":"https:\/\/www.erstehilfeschuleberlin.de\/stornierungsbedingungen\/#breadcrumb"},"inLanguage":"tr","potentialAction":[{"@type":"ReadAction","target":["https:\/\/www.erstehilfeschuleberlin.de\/stornierungsbedingungen\/"]}]},{"@type":"BreadcrumbList","@id":"https:\/\/www.erstehilfeschuleberlin.de\/stornierungsbedingungen\/#breadcrumb","itemListElement":[{"@type":"ListItem","position":1,"name":"Startseite","item":"https:\/\/www.erstehilfeschuleberlin.de\/"},{"@type":"ListItem","position":2,"name":"Stornierungsbedingungen"}]},{"@type":"WebSite","@id":"https:\/\/www.erstehilfeschuleberlin.de\/#website","url":"https:\/\/www.erstehilfeschuleberlin.de\/","name":"Berlin \u0130lk Yard\u0131m Okulu","description":"","publisher":{"@id":"https:\/\/www.erstehilfeschuleberlin.de\/#organization"},"potentialAction":[{"@type":"SearchAction","target":{"@type":"EntryPoint","urlTemplate":"https:\/\/www.erstehilfeschuleberlin.de\/?s={search_term_string}"},"query-input":{"@type":"PropertyValueSpecification","valueRequired":true,"valueName":"search_term_string"}}],"inLanguage":"tr"},{"@type":"Organization","@id":"https:\/\/www.erstehilfeschuleberlin.de\/#organization","name":"\u0130lk Yard\u0131m Okulu Berlin GmbH","url":"https:\/\/www.erstehilfeschuleberlin.de\/","logo":{"@type":"ImageObject","inLanguage":"tr","@id":"https:\/\/www.erstehilfeschuleberlin.de\/#\/schema\/logo\/image\/","url":"https:\/\/www.erstehilfeschuleberlin.de\/wp-content\/uploads\/2024\/11\/Erste-Hilfe-Schule-logo-e1731399170464.png","contentUrl":"https:\/\/www.erstehilfeschuleberlin.de\/wp-content\/uploads\/2024\/11\/Erste-Hilfe-Schule-logo-e1731399170464.png","width":1256,"height":380,"caption":"Erste Hilfe Schule Berlin GmbH"},"image":{"@id":"https:\/\/www.erstehilfeschuleberlin.de\/#\/schema\/logo\/image\/"},"sameAs":["https:\/\/www.facebook.com\/christina.maddocks\/","https:\/\/www.instagram.com\/christina.maddocks\/","https:\/\/www.youtube.com\/@nursemaddocks"]}]}},"_links":{"self":[{"href":"https:\/\/www.erstehilfeschuleberlin.de\/tr\/wp-json\/wp\/v2\/pages\/494","targetHints":{"allow":["GET"]}}],"collection":[{"href":"https:\/\/www.erstehilfeschuleberlin.de\/tr\/wp-json\/wp\/v2\/pages"}],"about":[{"href":"https:\/\/www.erstehilfeschuleberlin.de\/tr\/wp-json\/wp\/v2\/types\/page"}],"author":[{"embeddable":true,"href":"https:\/\/www.erstehilfeschuleberlin.de\/tr\/wp-json\/wp\/v2\/users\/1"}],"replies":[{"embeddable":true,"href":"https:\/\/www.erstehilfeschuleberlin.de\/tr\/wp-json\/wp\/v2\/comments?post=494"}],"version-history":[{"count":3,"href":"https:\/\/www.erstehilfeschuleberlin.de\/tr\/wp-json\/wp\/v2\/pages\/494\/revisions"}],"predecessor-version":[{"id":1883,"href":"https:\/\/www.erstehilfeschuleberlin.de\/tr\/wp-json\/wp\/v2\/pages\/494\/revisions\/1883"}],"wp:attachment":[{"href":"https:\/\/www.erstehilfeschuleberlin.de\/tr\/wp-json\/wp\/v2\/media?parent=494"}],"curies":[{"name":"wp","href":"https:\/\/api.w.org\/{rel}","templated":true}]}}