
{"id":489,"date":"2024-11-14T15:00:49","date_gmt":"2024-11-14T15:00:49","guid":{"rendered":"https:\/\/staging22.invictus-lead-generation.com\/?page_id=489"},"modified":"2025-11-06T08:41:35","modified_gmt":"2025-11-06T08:41:35","slug":"abrechnung","status":"publish","type":"page","link":"https:\/\/www.erstehilfeschuleberlin.de\/tr\/abrechnung\/","title":{"rendered":"Faturaland\u0131rma ve maliyetler"},"content":{"rendered":"<div style=\"height:100px\" aria-hidden=\"true\" class=\"wp-block-spacer\"><\/div>\n\n\n\n<h1 class=\"wp-block-heading\">Faturaland\u0131rma ve maliyetler<\/h1>\n\n\n\n<p>Bu&nbsp;<strong><a href=\"https:\/\/erstehilfeschuleberlin.de\/wp-content\/uploads\/2024\/11\/DGUV-Abrechnungsformular-.pdf\">DGUV muhasebe formu<\/a><\/strong>&nbsp;i\u015f sa\u011fl\u0131\u011f\u0131 ve g\u00fcvenli\u011fini te\u015fvik etmeye y\u00f6nelik \u00f6nlemlere kat\u0131lan \u015firketler ve kurulu\u015flar i\u00e7in \u00f6nemli bir belgedir. Alman Sosyal Kaza Sigortas\u0131 (DGUV) taraf\u0131ndan finanse edilen e\u011fitim kurslar\u0131n\u0131n, e\u011fitim programlar\u0131n\u0131n veya \u00f6nlemlerin d\u00fczg\u00fcn bir \u015fekilde muhasebele\u015ftirilmesi i\u00e7in kullan\u0131l\u0131r. Bu formun kullan\u0131lmas\u0131, \u015firketlerin e\u011fitim kurslar\u0131 ve al\u0131nan \u00f6nlemler i\u00e7in ilgili s\u00fcbvansiyonlar veya geri \u00f6demeler i\u00e7in ba\u015fvuruda bulunmalar\u0131n\u0131 sa\u011flar.<\/p>\n\n\n\n<h2 class=\"wp-block-heading\">Fatura formu<\/h2>\n\n\n\n<div data-wp-interactive=\"core\/file\" class=\"wp-block-file\"><object data-wp-bind--hidden=\"!state.hasPdfPreview\" hidden class=\"wp-block-file__embed\" data=\"https:\/\/www.erstehilfeschuleberlin.de\/wp-content\/uploads\/2024\/11\/DGUV-Abrechnungsformular-.pdf\" type=\"application\/pdf\" style=\"width:100%;height:600px\" aria-label=\"DGUV Abrechnungsformular g\u00f6m\u00fcs\u00fc.\"><\/object><a id=\"wp-block-file--media-3d6d6498-5ad6-42ea-9ddf-89b2c57798b2\" href=\"https:\/\/www.erstehilfeschuleberlin.de\/wp-content\/uploads\/2024\/11\/DGUV-Abrechnungsformular-.pdf\">DGUV muhasebe formu<\/a><a href=\"https:\/\/www.erstehilfeschuleberlin.de\/wp-content\/uploads\/2024\/11\/DGUV-Abrechnungsformular-.pdf\" class=\"wp-block-file__button wp-element-button\" download aria-describedby=\"wp-block-file--media-3d6d6498-5ad6-42ea-9ddf-89b2c57798b2\">\u0130ndir<\/a><\/div>\n\n\n\n<p>DGUV y\u00f6nergelerine uygun ilk yard\u0131m kurslar\u0131 i\u00e7in bu fatura formu, \u015firketler, e\u011fitim kurumlar\u0131 ve di\u011fer kurulu\u015flar taraf\u0131ndan istihdam edilen ve i\u015fverenleri arac\u0131l\u0131\u011f\u0131yla kaza sigortas\u0131na sahip olan ilk yard\u0131m e\u011fitim kurslar\u0131na kat\u0131lanlar i\u00e7in bir \u00f6deme arac\u0131 olarak hizmet vermektedir. Alman Sosyal Kaza Sigortas\u0131 (DGUV), ilk yard\u0131m g\u00f6revlilerinin acil durumlarda nitelikli ilk yard\u0131m sa\u011flayabilmeleri i\u00e7in d\u00fczenli e\u011fitim almalar\u0131n\u0131 \u015fart ko\u015fmaktad\u0131r. Bu form, kaza sigortas\u0131 sa\u011flay\u0131c\u0131lar\u0131 ile bu e\u011fitim kurslar\u0131 i\u00e7in yap\u0131lan masraflar\u0131 kar\u015f\u0131lamak i\u00e7in kullan\u0131l\u0131r. Berlin \u0130lk Yard\u0131m Okulu bu prosed\u00fcrle ilgilenir ve ilk yard\u0131m kursuna kat\u0131lanlar kurs g\u00fcn\u00fc doldurulmu\u015f formu yanlar\u0131nda getirirler.&nbsp;<\/p>\n\n\n\n<div style=\"height:100px\" aria-hidden=\"true\" class=\"wp-block-spacer\"><\/div>\n\n\n\n<h2 class=\"wp-block-heading\">Talimatlar<\/h2>\n\n\n\n<figure class=\"wp-block-embed is-type-video is-provider-youtube wp-block-embed-youtube wp-embed-aspect-16-9 wp-has-aspect-ratio\"><div class=\"wp-block-embed__wrapper\">\n<iframe title=\"\u015eirket ilk yard\u0131m e\u011fitim kurslar\u0131 i\u00e7in DGUV fatura formu\" width=\"800\" height=\"450\" src=\"https:\/\/www.youtube.com\/embed\/de4BeMBBmmA?feature=oembed\" frameborder=\"0\" allow=\"accelerometer; autoplay; clipboard-write; encrypted-media; gyroscope; picture-in-picture; web-share\" referrerpolicy=\"strict-origin-when-cross-origin\" allowfullscreen><\/iframe>\n<\/div><\/figure>\n\n\n\n<p>\u0130ngilizce talimatlar\u0131 bulabilirsiniz <a href=\"https:\/\/youtu.be\/CCdjsRBz-7g\">Burada<\/a>.<\/p>\n\n\n\n<div style=\"height:100px\" aria-hidden=\"true\" class=\"wp-block-spacer\"><\/div>\n\n\n\n<h2 class=\"wp-block-heading\"><strong>Formun i\u00e7eri\u011fi<\/strong><\/h2>\n\n\n\n<p>Form, e\u011fitim ve kat\u0131l\u0131mc\u0131lar hakk\u0131ndaki t\u00fcm temel bilgileri kaydeder.<\/p>\n\n\n\n<blockquote class=\"wp-block-quote is-layout-flow wp-block-quote-is-layout-flow\">\n<p>Prensip olarak, ye\u015fil b\u00f6l\u00fcm\u00fcn tamam\u0131 \u00fcye \u015firket taraf\u0131ndan doldurulmal\u0131d\u0131r.&nbsp;<\/p>\n<\/blockquote>\n\n\n\n<p><em>Sar\u0131 k\u0131s\u0131m Berlin \u0130lk Yard\u0131m Okulu taraf\u0131ndan doldurulur.&nbsp;<\/em><\/p>\n\n\n\n<p>1. <strong>E\u011fitim hakk\u0131nda bilgi<\/strong>\u0130lk yard\u0131m e\u011fitim kursunun tarihi ve yeri ile e\u011fitim sa\u011flay\u0131c\u0131s\u0131n\u0131n ad\u0131 ve adresi ve kurs numaras\u0131.&nbsp;<\/p>\n\n\n\n<p>2. <strong>Kat\u0131l\u0131mc\u0131 listesi<\/strong>Kursa kat\u0131lacak \u00e7al\u0131\u015fanlar\u0131n listesi, YALNIZCA kurs g\u00fcn\u00fc kat\u0131l\u0131m\u0131 onaylamak i\u00e7in KATILIMCININ imzas\u0131 ile ge\u00e7erlidir. E\u011fer 10'dan fazla kat\u0131l\u0131mc\u0131 varsa, ikinci bir form doldurulmal\u0131d\u0131r.&nbsp;<\/p>\n\n\n\n<p>3.&nbsp; <strong>\u015eirketin imzas\u0131 ve ka\u015fesi: Erste Hilfe Schule Berlin sadece ileti\u015fim bilgileri, \u00fcyelik numaras\u0131, ka\u015fe ve \u015firketin imzas\u0131 ile faturaland\u0131rma i\u00e7in formu g\u00f6nderebilir.&nbsp;<\/strong><\/p>\n\n\n\n<p><strong>4 BGW ve BGN i\u00e7in ayr\u0131 ayr\u0131 ba\u015fvurulmas\u0131 gereken \u00f6zel muhasebe formlar\u0131 vard\u0131r.&nbsp;<\/strong><\/p>\n\n\n\n<div style=\"height:100px\" aria-hidden=\"true\" class=\"wp-block-spacer\"><\/div>\n\n\n\n<h2 class=\"wp-block-heading\"><strong>DGUV fatura formu hakk\u0131nda \u00f6nemli bilgiler:<\/strong><\/h2>\n\n\n\n<p>1. <strong>Formun amac\u0131<\/strong>:<\/p>\n\n\n\n<p>- Uzla\u015fma formu, i\u015f g\u00fcvenli\u011fi ve sa\u011fl\u0131\u011f\u0131 alan\u0131nda e\u011fitim ve ileri e\u011fitim \u00f6nlemleri i\u00e7in DGUV taraf\u0131ndan sunulan s\u00fcbvansiyonlar\u0131 talep etmek i\u00e7in kullan\u0131l\u0131r.<\/p>\n\n\n\n<p>- Y\u00fcr\u00fct\u00fclen tedbirlerle ilgili t\u00fcm bilgilerin belgelenmesini sa\u011flar.<\/p>\n\n\n\n<p>2. <strong>Formu kimler kullanabilir?<\/strong>:<\/p>\n\n\n\n<p>- Tan\u0131nm\u0131\u015f e\u011fitim programlar\u0131na veya \u00f6nleme tedbirlerine kat\u0131lan t\u00fcm DGUV \u00fcyesi \u015firketler.<\/p>\n\n\n\n<p>- Buna, \u00e7al\u0131\u015fanlar\u0131na i\u015f g\u00fcvenli\u011fi alan\u0131nda daha fazla e\u011fitim sunmak isteyen \u00e7e\u015fitli sekt\u00f6rlerden \u015firketler de dahildir.<\/p>\n\n\n\n<p>3. <strong>Formun i\u00e7eri\u011fi<\/strong>:<\/p>\n\n\n\n<p>DGUV muhasebe formu tipik olarak a\u015fa\u011f\u0131daki bilgileri i\u00e7erir:<\/p>\n\n\n\n<p>\u2022 <strong>\u015eirket verileri<\/strong>\u015eirketin ad\u0131, adresi, ileti\u015fim bilgileri.<\/p>\n\n\n\n<p>\u2022 <strong>Kurs ve \u00f6l\u00e7\u00fc detaylar\u0131<\/strong>Tedbirin ba\u015fl\u0131\u011f\u0131, tarihi, s\u00fcresi, kat\u0131lan \u00e7al\u0131\u015fan say\u0131s\u0131.<\/p>\n\n\n\n<p>\u2022 <strong>Maliyete genel bak\u0131\u015f<\/strong>Tedbirin maliyetlerinin d\u00f6k\u00fcm\u00fc, halihaz\u0131rda \u00f6denmi\u015f olan tutarlar ve talep edilen geri \u00f6deme miktar\u0131.<\/p>\n\n\n\n<p>\u2022 <strong>\u0130mza ve onay<\/strong>Bilgilerin do\u011frulu\u011funun \u015firketteki sorumlu bir ki\u015fi taraf\u0131ndan teyit edilmesi.<\/p>\n\n\n\n<p>4. <strong>Formun teslim edilmesi<\/strong>:<\/p>\n\n\n\n<p>- Doldurulan talep formu genellikle ilgili kaza sigortas\u0131 kurumuna veya ilgili DGUV irtibat ki\u015fisine g\u00f6nderilmelidir.<\/p>\n\n\n\n<p>- Talebinizin zaman\u0131nda i\u015fleme al\u0131nabilmesini sa\u011flamak i\u00e7in l\u00fctfen son ba\u015fvuru tarihlerine dikkat edin.<\/p>\n\n\n\n<p>5. <strong>\u00d6nemli notlar<\/strong>:<\/p>\n\n\n\n<p>- \u0130\u015flemlerin gecikmesini \u00f6nlemek i\u00e7in formdaki t\u00fcm bilgilerin eksiksiz ve do\u011fru oldu\u011fundan emin olun.<\/p>\n\n\n\n<p>- Daha sonraki bir talep durumunda sunabilmek i\u00e7in ilgili t\u00fcm belgelerin (\u00f6rne\u011fin kat\u0131l\u0131m sertifikalar\u0131, faturalar) kopyalar\u0131n\u0131 saklaman\u0131z tavsiye edilir.<\/p>\n\n\n\n<p><strong>Sonu\u00e7<\/strong><\/p>\n\n\n\n<p>DGUV \u00f6deme formu veya ilgili kaza sigortas\u0131 fonundan kupon ba\u015fvurusu, i\u015f g\u00fcvenli\u011fi alan\u0131nda e\u011fitim i\u00e7in finansman\u0131n onaylanmas\u0131nda kilit bir unsurdur. Formu do\u011fru bir \u015fekilde doldurup zaman\u0131nda teslim ederek veya kupon ba\u015fvurusunda bulunarak \u015firketler, \u00e7al\u0131\u015fanlar\u0131n\u0131n sa\u011fl\u0131k ve g\u00fcvenli\u011fini iyile\u015ftirmeye y\u00f6nelik tedbirleri i\u00e7in mali destek alabilirler. Formun kullan\u0131m\u0131 veya ibraz edilmesi gereken belgelerle ilgili sorular\u0131n\u0131z varsa, l\u00fctfen DGUV veya yerel kaza sigortas\u0131 fonunuzla ileti\u015fime ge\u00e7in.<\/p>\n\n\n\n<div style=\"height:100px\" aria-hidden=\"true\" class=\"wp-block-spacer\"><\/div>\n\n\n\n<p><\/p>","protected":false},"excerpt":{"rendered":"<p>Abrechnung &amp; Kosten Das&nbsp;DGUV Abrechnungsformular&nbsp;ist ein wichtiges Dokument f\u00fcr Unternehmen und Organisationen, die an Ma\u00dfnahmen zur F\u00f6rderung der Arbeitssicherheit und Gesundheitsschutz teilnehmen. Es dient der ordnungsgem\u00e4\u00dfen Abrechnung von Lehrg\u00e4ngen, Schulungen oder Ma\u00dfnahmen, die von der Deutschen Gesetzlichen Unfallversicherung (DGUV) gef\u00f6rdert werden. Die Verwendung dieses Formulars erm\u00f6glicht es den Unternehmen, die entsprechenden Zusch\u00fcsse oder Erstattungen f\u00fcr [&hellip;]<\/p>\n","protected":false},"author":1,"featured_media":0,"parent":0,"menu_order":0,"comment_status":"closed","ping_status":"closed","template":"","meta":{"footnotes":""},"class_list":["post-489","page","type-page","status-publish","hentry"],"yoast_head":"<!-- This site is optimized with the Yoast SEO plugin v27.5 - https:\/\/yoast.com\/product\/yoast-seo-wordpress\/ -->\n<title>Abrechnungsformular f\u00fcr Erste-Hilfe-Kurse nach DGUV-Richtlinien<\/title>\n<meta name=\"description\" content=\"Das ausgef\u00fcllte Abrechnungsformular ist in der Regel an die zust\u00e4ndige Unfallkasse oder den Ansprechpartner der DGUV zu senden.\" \/>\n<meta name=\"robots\" content=\"index, follow, max-snippet:-1, max-image-preview:large, max-video-preview:-1\" \/>\n<link rel=\"canonical\" href=\"https:\/\/www.erstehilfeschuleberlin.de\/tr\/abrechnung\/\" \/>\n<meta property=\"og:locale\" content=\"tr_TR\" \/>\n<meta property=\"og:type\" content=\"article\" \/>\n<meta property=\"og:title\" content=\"Abrechnungsformular f\u00fcr Erste-Hilfe-Kurse nach DGUV-Richtlinien\" \/>\n<meta property=\"og:description\" content=\"Das ausgef\u00fcllte Abrechnungsformular ist in der Regel an die zust\u00e4ndige Unfallkasse oder den Ansprechpartner der DGUV zu senden.\" \/>\n<meta property=\"og:url\" content=\"https:\/\/www.erstehilfeschuleberlin.de\/tr\/abrechnung\/\" \/>\n<meta property=\"og:site_name\" content=\"Erste Hilfe Schule Berlin\" \/>\n<meta property=\"article:publisher\" content=\"https:\/\/www.facebook.com\/christina.maddocks\/\" \/>\n<meta property=\"article:modified_time\" content=\"2025-11-06T08:41:35+00:00\" \/>\n<meta name=\"twitter:card\" content=\"summary_large_image\" \/>\n<meta name=\"twitter:label1\" content=\"Tahmini okuma s\u00fcresi\" \/>\n\t<meta name=\"twitter:data1\" content=\"4 dakika\" \/>\n<script type=\"application\/ld+json\" class=\"yoast-schema-graph\">{\"@context\":\"https:\\\/\\\/schema.org\",\"@graph\":[{\"@type\":\"WebPage\",\"@id\":\"https:\\\/\\\/www.erstehilfeschuleberlin.de\\\/abrechnung\\\/\",\"url\":\"https:\\\/\\\/www.erstehilfeschuleberlin.de\\\/abrechnung\\\/\",\"name\":\"Abrechnungsformular f\u00fcr Erste-Hilfe-Kurse nach DGUV-Richtlinien\",\"isPartOf\":{\"@id\":\"https:\\\/\\\/www.erstehilfeschuleberlin.de\\\/#website\"},\"datePublished\":\"2024-11-14T15:00:49+00:00\",\"dateModified\":\"2025-11-06T08:41:35+00:00\",\"description\":\"Das ausgef\u00fcllte Abrechnungsformular ist in der Regel an die zust\u00e4ndige Unfallkasse oder den Ansprechpartner der DGUV zu senden.\",\"breadcrumb\":{\"@id\":\"https:\\\/\\\/www.erstehilfeschuleberlin.de\\\/abrechnung\\\/#breadcrumb\"},\"inLanguage\":\"tr\",\"potentialAction\":[{\"@type\":\"ReadAction\",\"target\":[\"https:\\\/\\\/www.erstehilfeschuleberlin.de\\\/abrechnung\\\/\"]}]},{\"@type\":\"BreadcrumbList\",\"@id\":\"https:\\\/\\\/www.erstehilfeschuleberlin.de\\\/abrechnung\\\/#breadcrumb\",\"itemListElement\":[{\"@type\":\"ListItem\",\"position\":1,\"name\":\"Startseite\",\"item\":\"https:\\\/\\\/www.erstehilfeschuleberlin.de\\\/\"},{\"@type\":\"ListItem\",\"position\":2,\"name\":\"Abrechnung &amp; Kosten\"}]},{\"@type\":\"WebSite\",\"@id\":\"https:\\\/\\\/www.erstehilfeschuleberlin.de\\\/#website\",\"url\":\"https:\\\/\\\/www.erstehilfeschuleberlin.de\\\/\",\"name\":\"Erste Hilfe Schule Berlin\",\"description\":\"\",\"publisher\":{\"@id\":\"https:\\\/\\\/www.erstehilfeschuleberlin.de\\\/#organization\"},\"potentialAction\":[{\"@type\":\"SearchAction\",\"target\":{\"@type\":\"EntryPoint\",\"urlTemplate\":\"https:\\\/\\\/www.erstehilfeschuleberlin.de\\\/?s={search_term_string}\"},\"query-input\":{\"@type\":\"PropertyValueSpecification\",\"valueRequired\":true,\"valueName\":\"search_term_string\"}}],\"inLanguage\":\"tr\"},{\"@type\":\"Organization\",\"@id\":\"https:\\\/\\\/www.erstehilfeschuleberlin.de\\\/#organization\",\"name\":\"Erste Hilfe Schule Berlin GmbH\",\"url\":\"https:\\\/\\\/www.erstehilfeschuleberlin.de\\\/\",\"logo\":{\"@type\":\"ImageObject\",\"inLanguage\":\"tr\",\"@id\":\"https:\\\/\\\/www.erstehilfeschuleberlin.de\\\/#\\\/schema\\\/logo\\\/image\\\/\",\"url\":\"https:\\\/\\\/www.erstehilfeschuleberlin.de\\\/wp-content\\\/uploads\\\/2024\\\/11\\\/Erste-Hilfe-Schule-logo-e1731399170464.png\",\"contentUrl\":\"https:\\\/\\\/www.erstehilfeschuleberlin.de\\\/wp-content\\\/uploads\\\/2024\\\/11\\\/Erste-Hilfe-Schule-logo-e1731399170464.png\",\"width\":1256,\"height\":380,\"caption\":\"Erste Hilfe Schule Berlin GmbH\"},\"image\":{\"@id\":\"https:\\\/\\\/www.erstehilfeschuleberlin.de\\\/#\\\/schema\\\/logo\\\/image\\\/\"},\"sameAs\":[\"https:\\\/\\\/www.facebook.com\\\/christina.maddocks\\\/\",\"https:\\\/\\\/www.instagram.com\\\/christina.maddocks\\\/\",\"https:\\\/\\\/www.youtube.com\\\/@nursemaddocks\"]}]}<\/script>\n<!-- \/ Yoast SEO plugin. -->","yoast_head_json":{"title":"Abrechnungsformular f\u00fcr Erste-Hilfe-Kurse nach DGUV-Richtlinien","description":"Das ausgef\u00fcllte Abrechnungsformular ist in der Regel an die zust\u00e4ndige Unfallkasse oder den Ansprechpartner der DGUV zu senden.","robots":{"index":"index","follow":"follow","max-snippet":"max-snippet:-1","max-image-preview":"max-image-preview:large","max-video-preview":"max-video-preview:-1"},"canonical":"https:\/\/www.erstehilfeschuleberlin.de\/tr\/abrechnung\/","og_locale":"tr_TR","og_type":"article","og_title":"Abrechnungsformular f\u00fcr Erste-Hilfe-Kurse nach DGUV-Richtlinien","og_description":"Das ausgef\u00fcllte Abrechnungsformular ist in der Regel an die zust\u00e4ndige Unfallkasse oder den Ansprechpartner der DGUV zu senden.","og_url":"https:\/\/www.erstehilfeschuleberlin.de\/tr\/abrechnung\/","og_site_name":"Erste Hilfe Schule Berlin","article_publisher":"https:\/\/www.facebook.com\/christina.maddocks\/","article_modified_time":"2025-11-06T08:41:35+00:00","twitter_card":"summary_large_image","twitter_misc":{"Tahmini okuma s\u00fcresi":"4 dakika"},"schema":{"@context":"https:\/\/schema.org","@graph":[{"@type":"WebPage","@id":"https:\/\/www.erstehilfeschuleberlin.de\/abrechnung\/","url":"https:\/\/www.erstehilfeschuleberlin.de\/abrechnung\/","name":"Abrechnungsformular f\u00fcr Erste-Hilfe-Kurse nach DGUV-Richtlinien","isPartOf":{"@id":"https:\/\/www.erstehilfeschuleberlin.de\/#website"},"datePublished":"2024-11-14T15:00:49+00:00","dateModified":"2025-11-06T08:41:35+00:00","description":"Das ausgef\u00fcllte Abrechnungsformular ist in der Regel an die zust\u00e4ndige Unfallkasse oder den Ansprechpartner der DGUV zu senden.","breadcrumb":{"@id":"https:\/\/www.erstehilfeschuleberlin.de\/abrechnung\/#breadcrumb"},"inLanguage":"tr","potentialAction":[{"@type":"ReadAction","target":["https:\/\/www.erstehilfeschuleberlin.de\/abrechnung\/"]}]},{"@type":"BreadcrumbList","@id":"https:\/\/www.erstehilfeschuleberlin.de\/abrechnung\/#breadcrumb","itemListElement":[{"@type":"ListItem","position":1,"name":"Startseite","item":"https:\/\/www.erstehilfeschuleberlin.de\/"},{"@type":"ListItem","position":2,"name":"Abrechnung &amp; Kosten"}]},{"@type":"WebSite","@id":"https:\/\/www.erstehilfeschuleberlin.de\/#website","url":"https:\/\/www.erstehilfeschuleberlin.de\/","name":"Berlin \u0130lk Yard\u0131m Okulu","description":"","publisher":{"@id":"https:\/\/www.erstehilfeschuleberlin.de\/#organization"},"potentialAction":[{"@type":"SearchAction","target":{"@type":"EntryPoint","urlTemplate":"https:\/\/www.erstehilfeschuleberlin.de\/?s={search_term_string}"},"query-input":{"@type":"PropertyValueSpecification","valueRequired":true,"valueName":"search_term_string"}}],"inLanguage":"tr"},{"@type":"Organization","@id":"https:\/\/www.erstehilfeschuleberlin.de\/#organization","name":"\u0130lk Yard\u0131m Okulu Berlin GmbH","url":"https:\/\/www.erstehilfeschuleberlin.de\/","logo":{"@type":"ImageObject","inLanguage":"tr","@id":"https:\/\/www.erstehilfeschuleberlin.de\/#\/schema\/logo\/image\/","url":"https:\/\/www.erstehilfeschuleberlin.de\/wp-content\/uploads\/2024\/11\/Erste-Hilfe-Schule-logo-e1731399170464.png","contentUrl":"https:\/\/www.erstehilfeschuleberlin.de\/wp-content\/uploads\/2024\/11\/Erste-Hilfe-Schule-logo-e1731399170464.png","width":1256,"height":380,"caption":"Erste Hilfe Schule Berlin GmbH"},"image":{"@id":"https:\/\/www.erstehilfeschuleberlin.de\/#\/schema\/logo\/image\/"},"sameAs":["https:\/\/www.facebook.com\/christina.maddocks\/","https:\/\/www.instagram.com\/christina.maddocks\/","https:\/\/www.youtube.com\/@nursemaddocks"]}]}},"_links":{"self":[{"href":"https:\/\/www.erstehilfeschuleberlin.de\/tr\/wp-json\/wp\/v2\/pages\/489","targetHints":{"allow":["GET"]}}],"collection":[{"href":"https:\/\/www.erstehilfeschuleberlin.de\/tr\/wp-json\/wp\/v2\/pages"}],"about":[{"href":"https:\/\/www.erstehilfeschuleberlin.de\/tr\/wp-json\/wp\/v2\/types\/page"}],"author":[{"embeddable":true,"href":"https:\/\/www.erstehilfeschuleberlin.de\/tr\/wp-json\/wp\/v2\/users\/1"}],"replies":[{"embeddable":true,"href":"https:\/\/www.erstehilfeschuleberlin.de\/tr\/wp-json\/wp\/v2\/comments?post=489"}],"version-history":[{"count":11,"href":"https:\/\/www.erstehilfeschuleberlin.de\/tr\/wp-json\/wp\/v2\/pages\/489\/revisions"}],"predecessor-version":[{"id":1880,"href":"https:\/\/www.erstehilfeschuleberlin.de\/tr\/wp-json\/wp\/v2\/pages\/489\/revisions\/1880"}],"wp:attachment":[{"href":"https:\/\/www.erstehilfeschuleberlin.de\/tr\/wp-json\/wp\/v2\/media?parent=489"}],"curies":[{"name":"wp","href":"https:\/\/api.w.org\/{rel}","templated":true}]}}