
{"id":498,"date":"2024-11-14T15:18:20","date_gmt":"2024-11-14T15:18:20","guid":{"rendered":"https:\/\/staging22.invictus-lead-generation.com\/?page_id=498"},"modified":"2025-01-15T09:44:28","modified_gmt":"2025-01-15T09:44:28","slug":"datenschutz","status":"publish","type":"page","link":"https:\/\/www.erstehilfeschuleberlin.de\/pt\/datenschutz\/","title":{"rendered":"Prote\u00e7\u00e3o de dados"},"content":{"rendered":"<div style=\"height:100px\" aria-hidden=\"true\" class=\"wp-block-spacer\"><\/div>\n\n\n\n<h1 class=\"wp-block-heading\">Escola de Primeiros Socorros Christina Maddocks GmbH Pol\u00edtica de privacidade<\/h1>\n\n\n\n<p><br>Esta Pol\u00edtica de Privacidade descreve a forma como os seus dados pessoais s\u00e3o recolhidos, utilizados e partilhados quando utiliza o www.erstehilfeschuleberlin.de (o \u201eS\u00edtio Web\u201c).<\/p>\n\n\n\n<p><br>DADOS PESSOAIS RECOLHIDOS POR N\u00d3S<br>Quando o utilizador visita o Web site, recolhemos automaticamente determinadas informa\u00e7\u00f5es sobre o seu dispositivo, incluindo informa\u00e7\u00f5es sobre o browser, o endere\u00e7o IP, o fuso hor\u00e1rio e alguns dos cookies instalados no seu dispositivo. Quando o utilizador navega no Web site, tamb\u00e9m recolhemos informa\u00e7\u00f5es sobre as p\u00e1ginas Web ou produtos individuais que visualiza, os Web sites ou termos de pesquisa que o trouxeram ao Web site e informa\u00e7\u00f5es sobre a forma como interage com o Web site. Referimo-nos a estas informa\u00e7\u00f5es recolhidas automaticamente como \u201eInforma\u00e7\u00f5es do dispositivo<\/p>\n\n\n\n<p>Recolhemos informa\u00e7\u00f5es sobre o dispositivo utilizando as seguintes tecnologias:<\/p>\n\n\n\n<ul class=\"wp-block-list\">\n<li>\u201eOs \u201ccookies\" s\u00e3o ficheiros de dados que s\u00e3o armazenados num dispositivo ou computador e que cont\u00eam frequentemente um identificador \u00fanico an\u00f3nimo.<br>Para mais informa\u00e7\u00f5es sobre cookies e sobre como os desativar, consultar http:\/\/www.allaboutcookies.org.<\/li>\n\n\n\n<li>\u201eOs \u201cficheiros de registo\" registam as ac\u00e7\u00f5es no s\u00edtio Web e recolhem dados como o endere\u00e7o IP, o tipo de navegador, o fornecedor de servi\u00e7os Internet, as p\u00e1ginas de refer\u00eancia\/sa\u00edda e os carimbos de data\/hora.<\/li>\n\n\n\n<li>\u201eWeb beacons\u201c, \u201etags\u201c e \u201epixels\u201c s\u00e3o ficheiros electr\u00f3nicos que recolhem informa\u00e7\u00f5es sobre a forma como o utilizador navega no s\u00edtio Web. Quando o utilizador faz uma compra ou tenta fazer uma compra no s\u00edtio Web, tamb\u00e9m recolhemos determinadas informa\u00e7\u00f5es sobre o utilizador. Estas incluem<br>inclui nome, endere\u00e7o de fatura\u00e7\u00e3o, endere\u00e7o de envio, informa\u00e7\u00f5es de pagamento (incluindo n\u00fameros de cart\u00e3o de cr\u00e9dito), endere\u00e7o de correio eletr\u00f3nico e n\u00famero de telefone. Referimo-nos a estas informa\u00e7\u00f5es como \u201einforma\u00e7\u00f5es de encomenda\u201c.<\/li>\n<\/ul>\n\n\n\n<p>Na presente pol\u00edtica de privacidade, \u201edados pessoais\u201c refere-se tanto a informa\u00e7\u00f5es do dispositivo como a informa\u00e7\u00f5es da encomenda.<\/p>\n\n\n\n<h2 class=\"wp-block-heading\">COMO \u00c9 QUE UTILIZAMOS OS SEUS DADOS PESSOAIS?<\/h2>\n\n\n\n<p>Geralmente, utilizamos as informa\u00e7\u00f5es sobre encomendas que recolhemos para satisfazer as encomendas que recebemos atrav\u00e9s do S\u00edtio (incluindo o processamento das suas informa\u00e7\u00f5es de pagamento, o fornecimento de envios e o envio de facturas e\/ou confirma\u00e7\u00f5es de encomendas).<br><\/p>\n\n\n\n<p>Tamb\u00e9m utilizamos estas informa\u00e7\u00f5es de encomenda para:<br>- Comunica\u00e7\u00e3o consigo;<br>- Verificar as nossas encomendas quanto a potenciais riscos ou fraudes e fornecer ao utilizador informa\u00e7\u00f5es ou publicidade relacionadas com os nossos produtos ou servi\u00e7os, desde que tal seja compat\u00edvel com as defini\u00e7\u00f5es de privacidade do utilizador.<br><\/p>\n\n\n\n<p>Utilizamos as informa\u00e7\u00f5es do dispositivo que recolhemos para verificar potenciais riscos e fraudes (em especial o seu endere\u00e7o IP) e, de um modo geral, para melhorar e otimizar o nosso s\u00edtio Web (por exemplo, analisando o comportamento de navega\u00e7\u00e3o dos nossos clientes e a sua intera\u00e7\u00e3o com o s\u00edtio Web e para avaliar o \u00eaxito das nossas campanhas de marketing e publicidade).<br><\/p>\n\n\n\n<h2 class=\"wp-block-heading\">DIVULGA\u00c7\u00c3O DOS SEUS DADOS PESSOAIS<\/h2>\n\n\n\n<p>Partilhamos os seus dados pessoais com terceiros que nos ajudam a utilizar os seus dados pessoais conforme descrito acima. Utilizamos o Google Analytics para<br>compreender como os nossos clientes utilizam o s\u00edtio Web. Pode encontrar mais informa\u00e7\u00f5es sobre a forma como a Google utiliza os seus dados pessoais aqui: https:\/\/policies.google.com\/privacy?hl=de. Pode desativar o Google Analytics aqui: https:\/\/tools.google.com\/dlpage\/gaoptout.<br><\/p>\n\n\n\n<p>Por \u00faltimo, tamb\u00e9m podemos partilhar as suas informa\u00e7\u00f5es pessoais para cumprir as leis e regulamentos aplic\u00e1veis, para responder a uma intima\u00e7\u00e3o, mandado de busca ou outro pedido legal de informa\u00e7\u00f5es que recebamos, ou para exercer os nossos direitos ao abrigo da lei aplic\u00e1vel.<br>caso contr\u00e1rio.<br><br>Tal como descrito acima, utilizamos os seus dados pessoais para lhe fornecer publicidade direcionada ou comunica\u00e7\u00f5es de marketing que acreditamos serem do seu interesse. Mais informa\u00e7\u00f5es sobre como funciona a publicidade direcionada,<br>pode ser consultado na p\u00e1gina de informa\u00e7\u00e3o da Network Advertising Initiative (\u201eNAI\u201c) em http:\/\/www.networkadvertising.org\/understanding-onlineadvertising\/how-does-it-work.<br>Pode desativar os an\u00fancios direcionados aqui:<br><br>FACEBOOK - https:\/\/www.facebook.com\/settings\/?tab=ads<br>GOOGLE - https:\/\/www.google.com\/settings\/ads\/anonymous<br>BING - https:\/\/advertise.bingads.microsoft.com\/en-us\/resources\/policies\/personalized-ads<br><\/p>\n\n\n\n<p>Al\u00e9m disso, pode desativar alguns destes servi\u00e7os atrav\u00e9s do portal de auto-exclus\u00e3o da Digital Advertising Alliance: http:\/\/optout.aboutads.info\/.<\/p>\n\n\n\n<p><br><strong>N\u00c3O RASTREAR<br><\/strong>Tenha em aten\u00e7\u00e3o que n\u00e3o alteramos os procedimentos de recolha e utiliza\u00e7\u00e3o de dados do nosso s\u00edtio Web se recebermos um sinal \u201eDo NoTrack\u201c do seu browser.<br><\/p>\n\n\n\n<p><strong>OS SEUS DIREITOS<br><\/strong>Se for um residente europeu, tem o direito de aceder aos dados pessoais que temos sobre si e de solicitar a sua corre\u00e7\u00e3o, atualiza\u00e7\u00e3o ou elimina\u00e7\u00e3o. Se pretender exercer este direito, contacte-nos utilizando os dados de contacto abaixo indicados.<br><\/p>\n\n\n\n<p>Se estiver localizado na Europa, tenha tamb\u00e9m em aten\u00e7\u00e3o que podemos processar as suas informa\u00e7\u00f5es para cumprir contratos consigo (por exemplo, se efetuar uma encomenda atrav\u00e9s do S\u00edtio) ou para prosseguir os nossos interesses comerciais leg\u00edtimos acima referidos. Tenha tamb\u00e9m em aten\u00e7\u00e3o que os seus dados ser\u00e3o transferidos para fora da Europa, incluindo o Canad\u00e1 e os Estados Unidos.<br><\/p>\n\n\n\n<p><strong>RETEN\u00c7\u00c3O DE DADOS<br><\/strong>Se o utilizador fizer uma encomenda atrav\u00e9s do s\u00edtio Web, conservaremos as informa\u00e7\u00f5es da encomenda nos nossos registos, a menos que o utilizador nos pe\u00e7a para apagar esses dados.<br><\/p>\n\n\n\n<p><strong>ALTERA\u00c7\u00d5ES<\/strong><br>Poderemos alterar esta Pol\u00edtica de Privacidade ocasionalmente para refletir altera\u00e7\u00f5es nas nossas pr\u00e1ticas ou por outras raz\u00f5es operacionais, legais ou regulamentares.<br><\/p>\n\n\n\n<p><strong>CONTACTO<\/strong><br>Para obter mais informa\u00e7\u00f5es sobre as nossas pr\u00e1ticas de privacidade, se tiver d\u00favidas ou se pretender apresentar uma queixa, contacte-nos por correio eletr\u00f3nico para christina@erstehilfeschuleberlin.de ou por correio para o endere\u00e7o abaixo indicado:<br>Adlergestell 129, Berlim, Berlim, 12439 , Alemanha<\/p>\n\n\n\n<p><\/p>","protected":false},"excerpt":{"rendered":"<p>Erste Hilfe Schule Christina Maddocks GmbH Datenschutzerkl\u00e4rung In dieser Datenschutzerkl\u00e4rung wird beschrieben, wie Ihre personenbezogenen Daten erfasst, verwendet und weitergegeben werden, wenn Sie www.erstehilfeschuleberlin.de (die &#8222;Website&#8220;) nutzen. VON UNS ERFASSTE PERSONENBEZOGENE DATENWenn Sie die Website besuchen, erfassen wir automatisch bestimmte Informationen \u00fcber Ihr Ger\u00e4t, darunter Informationen zum Webbrowser, der IPAdresse, der Zeitzone und einigen der [&hellip;]<\/p>\n","protected":false},"author":1,"featured_media":0,"parent":0,"menu_order":0,"comment_status":"closed","ping_status":"closed","template":"","meta":{"footnotes":""},"class_list":["post-498","page","type-page","status-publish","hentry"],"yoast_head":"<!-- This site is optimized with the Yoast SEO plugin v27.4 - https:\/\/yoast.com\/product\/yoast-seo-wordpress\/ -->\n<title>Erste Hilfe Schule Datenschutzerkl\u00e4rung<\/title>\n<meta name=\"description\" content=\"Erste Hilfe Schule Christina Maddocks GmbH Datenschutzerkl\u00e4rung\" \/>\n<meta name=\"robots\" content=\"index, follow, max-snippet:-1, max-image-preview:large, max-video-preview:-1\" \/>\n<link rel=\"canonical\" href=\"https:\/\/www.erstehilfeschuleberlin.de\/pt\/datenschutz\/\" \/>\n<meta property=\"og:locale\" content=\"pt_PT\" \/>\n<meta property=\"og:type\" content=\"article\" \/>\n<meta property=\"og:title\" content=\"Erste Hilfe Schule Datenschutzerkl\u00e4rung\" \/>\n<meta property=\"og:description\" content=\"Erste Hilfe Schule Christina Maddocks GmbH Datenschutzerkl\u00e4rung\" \/>\n<meta property=\"og:url\" content=\"https:\/\/www.erstehilfeschuleberlin.de\/pt\/datenschutz\/\" \/>\n<meta property=\"og:site_name\" content=\"Erste Hilfe Schule Berlin\" \/>\n<meta property=\"article:publisher\" content=\"https:\/\/www.facebook.com\/christina.maddocks\/\" \/>\n<meta property=\"article:modified_time\" content=\"2025-01-15T09:44:28+00:00\" \/>\n<meta name=\"twitter:card\" content=\"summary_large_image\" \/>\n<meta name=\"twitter:label1\" content=\"Tempo estimado de leitura\" \/>\n\t<meta name=\"twitter:data1\" content=\"5 minutos\" \/>\n<script type=\"application\/ld+json\" class=\"yoast-schema-graph\">{\"@context\":\"https:\\\/\\\/schema.org\",\"@graph\":[{\"@type\":\"WebPage\",\"@id\":\"https:\\\/\\\/www.erstehilfeschuleberlin.de\\\/datenschutz\\\/\",\"url\":\"https:\\\/\\\/www.erstehilfeschuleberlin.de\\\/datenschutz\\\/\",\"name\":\"Erste Hilfe Schule Datenschutzerkl\u00e4rung\",\"isPartOf\":{\"@id\":\"https:\\\/\\\/www.erstehilfeschuleberlin.de\\\/#website\"},\"datePublished\":\"2024-11-14T15:18:20+00:00\",\"dateModified\":\"2025-01-15T09:44:28+00:00\",\"description\":\"Erste Hilfe Schule Christina Maddocks GmbH Datenschutzerkl\u00e4rung\",\"breadcrumb\":{\"@id\":\"https:\\\/\\\/www.erstehilfeschuleberlin.de\\\/datenschutz\\\/#breadcrumb\"},\"inLanguage\":\"pt-PT\",\"potentialAction\":[{\"@type\":\"ReadAction\",\"target\":[\"https:\\\/\\\/www.erstehilfeschuleberlin.de\\\/datenschutz\\\/\"]}]},{\"@type\":\"BreadcrumbList\",\"@id\":\"https:\\\/\\\/www.erstehilfeschuleberlin.de\\\/datenschutz\\\/#breadcrumb\",\"itemListElement\":[{\"@type\":\"ListItem\",\"position\":1,\"name\":\"Startseite\",\"item\":\"https:\\\/\\\/www.erstehilfeschuleberlin.de\\\/\"},{\"@type\":\"ListItem\",\"position\":2,\"name\":\"Datenschutz\"}]},{\"@type\":\"WebSite\",\"@id\":\"https:\\\/\\\/www.erstehilfeschuleberlin.de\\\/#website\",\"url\":\"https:\\\/\\\/www.erstehilfeschuleberlin.de\\\/\",\"name\":\"Erste Hilfe Schule Berlin\",\"description\":\"\",\"publisher\":{\"@id\":\"https:\\\/\\\/www.erstehilfeschuleberlin.de\\\/#organization\"},\"potentialAction\":[{\"@type\":\"SearchAction\",\"target\":{\"@type\":\"EntryPoint\",\"urlTemplate\":\"https:\\\/\\\/www.erstehilfeschuleberlin.de\\\/?s={search_term_string}\"},\"query-input\":{\"@type\":\"PropertyValueSpecification\",\"valueRequired\":true,\"valueName\":\"search_term_string\"}}],\"inLanguage\":\"pt-PT\"},{\"@type\":\"Organization\",\"@id\":\"https:\\\/\\\/www.erstehilfeschuleberlin.de\\\/#organization\",\"name\":\"Erste Hilfe Schule Berlin GmbH\",\"url\":\"https:\\\/\\\/www.erstehilfeschuleberlin.de\\\/\",\"logo\":{\"@type\":\"ImageObject\",\"inLanguage\":\"pt-PT\",\"@id\":\"https:\\\/\\\/www.erstehilfeschuleberlin.de\\\/#\\\/schema\\\/logo\\\/image\\\/\",\"url\":\"https:\\\/\\\/www.erstehilfeschuleberlin.de\\\/wp-content\\\/uploads\\\/2024\\\/11\\\/Erste-Hilfe-Schule-logo-e1731399170464.png\",\"contentUrl\":\"https:\\\/\\\/www.erstehilfeschuleberlin.de\\\/wp-content\\\/uploads\\\/2024\\\/11\\\/Erste-Hilfe-Schule-logo-e1731399170464.png\",\"width\":1256,\"height\":380,\"caption\":\"Erste Hilfe Schule Berlin GmbH\"},\"image\":{\"@id\":\"https:\\\/\\\/www.erstehilfeschuleberlin.de\\\/#\\\/schema\\\/logo\\\/image\\\/\"},\"sameAs\":[\"https:\\\/\\\/www.facebook.com\\\/christina.maddocks\\\/\",\"https:\\\/\\\/www.instagram.com\\\/christina.maddocks\\\/\",\"https:\\\/\\\/www.youtube.com\\\/@nursemaddocks\"]}]}<\/script>\n<!-- \/ Yoast SEO plugin. -->","yoast_head_json":{"title":"Erste Hilfe Schule Datenschutzerkl\u00e4rung","description":"Escola de Primeiros Socorros Christina Maddocks GmbH Pol\u00edtica de privacidade","robots":{"index":"index","follow":"follow","max-snippet":"max-snippet:-1","max-image-preview":"max-image-preview:large","max-video-preview":"max-video-preview:-1"},"canonical":"https:\/\/www.erstehilfeschuleberlin.de\/pt\/datenschutz\/","og_locale":"pt_PT","og_type":"article","og_title":"Erste Hilfe Schule Datenschutzerkl\u00e4rung","og_description":"Erste Hilfe Schule Christina Maddocks GmbH Datenschutzerkl\u00e4rung","og_url":"https:\/\/www.erstehilfeschuleberlin.de\/pt\/datenschutz\/","og_site_name":"Erste Hilfe Schule Berlin","article_publisher":"https:\/\/www.facebook.com\/christina.maddocks\/","article_modified_time":"2025-01-15T09:44:28+00:00","twitter_card":"summary_large_image","twitter_misc":{"Tempo estimado de leitura":"5 minutos"},"schema":{"@context":"https:\/\/schema.org","@graph":[{"@type":"WebPage","@id":"https:\/\/www.erstehilfeschuleberlin.de\/datenschutz\/","url":"https:\/\/www.erstehilfeschuleberlin.de\/datenschutz\/","name":"Erste Hilfe Schule Datenschutzerkl\u00e4rung","isPartOf":{"@id":"https:\/\/www.erstehilfeschuleberlin.de\/#website"},"datePublished":"2024-11-14T15:18:20+00:00","dateModified":"2025-01-15T09:44:28+00:00","description":"Escola de Primeiros Socorros Christina Maddocks GmbH Pol\u00edtica de privacidade","breadcrumb":{"@id":"https:\/\/www.erstehilfeschuleberlin.de\/datenschutz\/#breadcrumb"},"inLanguage":"pt-PT","potentialAction":[{"@type":"ReadAction","target":["https:\/\/www.erstehilfeschuleberlin.de\/datenschutz\/"]}]},{"@type":"BreadcrumbList","@id":"https:\/\/www.erstehilfeschuleberlin.de\/datenschutz\/#breadcrumb","itemListElement":[{"@type":"ListItem","position":1,"name":"Startseite","item":"https:\/\/www.erstehilfeschuleberlin.de\/"},{"@type":"ListItem","position":2,"name":"Datenschutz"}]},{"@type":"WebSite","@id":"https:\/\/www.erstehilfeschuleberlin.de\/#website","url":"https:\/\/www.erstehilfeschuleberlin.de\/","name":"Escola de Primeiros Socorros de Berlim","description":"","publisher":{"@id":"https:\/\/www.erstehilfeschuleberlin.de\/#organization"},"potentialAction":[{"@type":"SearchAction","target":{"@type":"EntryPoint","urlTemplate":"https:\/\/www.erstehilfeschuleberlin.de\/?s={search_term_string}"},"query-input":{"@type":"PropertyValueSpecification","valueRequired":true,"valueName":"search_term_string"}}],"inLanguage":"pt-PT"},{"@type":"Organization","@id":"https:\/\/www.erstehilfeschuleberlin.de\/#organization","name":"Escola de Primeiros Socorros de Berlim GmbH","url":"https:\/\/www.erstehilfeschuleberlin.de\/","logo":{"@type":"ImageObject","inLanguage":"pt-PT","@id":"https:\/\/www.erstehilfeschuleberlin.de\/#\/schema\/logo\/image\/","url":"https:\/\/www.erstehilfeschuleberlin.de\/wp-content\/uploads\/2024\/11\/Erste-Hilfe-Schule-logo-e1731399170464.png","contentUrl":"https:\/\/www.erstehilfeschuleberlin.de\/wp-content\/uploads\/2024\/11\/Erste-Hilfe-Schule-logo-e1731399170464.png","width":1256,"height":380,"caption":"Erste Hilfe Schule Berlin GmbH"},"image":{"@id":"https:\/\/www.erstehilfeschuleberlin.de\/#\/schema\/logo\/image\/"},"sameAs":["https:\/\/www.facebook.com\/christina.maddocks\/","https:\/\/www.instagram.com\/christina.maddocks\/","https:\/\/www.youtube.com\/@nursemaddocks"]}]}},"_links":{"self":[{"href":"https:\/\/www.erstehilfeschuleberlin.de\/pt\/wp-json\/wp\/v2\/pages\/498","targetHints":{"allow":["GET"]}}],"collection":[{"href":"https:\/\/www.erstehilfeschuleberlin.de\/pt\/wp-json\/wp\/v2\/pages"}],"about":[{"href":"https:\/\/www.erstehilfeschuleberlin.de\/pt\/wp-json\/wp\/v2\/types\/page"}],"author":[{"embeddable":true,"href":"https:\/\/www.erstehilfeschuleberlin.de\/pt\/wp-json\/wp\/v2\/users\/1"}],"replies":[{"embeddable":true,"href":"https:\/\/www.erstehilfeschuleberlin.de\/pt\/wp-json\/wp\/v2\/comments?post=498"}],"version-history":[{"count":4,"href":"https:\/\/www.erstehilfeschuleberlin.de\/pt\/wp-json\/wp\/v2\/pages\/498\/revisions"}],"predecessor-version":[{"id":1881,"href":"https:\/\/www.erstehilfeschuleberlin.de\/pt\/wp-json\/wp\/v2\/pages\/498\/revisions\/1881"}],"wp:attachment":[{"href":"https:\/\/www.erstehilfeschuleberlin.de\/pt\/wp-json\/wp\/v2\/media?parent=498"}],"curies":[{"name":"wp","href":"https:\/\/api.w.org\/{rel}","templated":true}]}}