
{"id":494,"date":"2024-11-14T15:08:56","date_gmt":"2024-11-14T15:08:56","guid":{"rendered":"https:\/\/staging22.invictus-lead-generation.com\/?page_id=494"},"modified":"2025-01-15T09:52:14","modified_gmt":"2025-01-15T09:52:14","slug":"stornierungsbedingungen","status":"publish","type":"page","link":"https:\/\/www.erstehilfeschuleberlin.de\/pt\/stornierungsbedingungen\/","title":{"rendered":"Condi\u00e7\u00f5es de anula\u00e7\u00e3o"},"content":{"rendered":"<div style=\"height:100px\" aria-hidden=\"true\" class=\"wp-block-spacer\"><\/div>\n\n\n\n<h1 class=\"wp-block-heading\">Condi\u00e7\u00f5es de anula\u00e7\u00e3o<\/h1>\n\n\n\n<p>Para garantir uma base clara e justa para todos os participantes, aplicam-se as seguintes condi\u00e7\u00f5es de cancelamento aos nossos cursos e eventos. Estas condi\u00e7\u00f5es regem o cancelamento de inscri\u00e7\u00f5es e o tratamento dos pagamentos j\u00e1 efectuados. Leia atentamente as condi\u00e7\u00f5es.<\/p>\n\n\n\n<h2 class=\"wp-block-heading\"><strong>1. cancelamento pelo participante<\/strong><\/h2>\n\n\n\n<p>Se pretender anular a sua inscri\u00e7\u00e3o, deve informar-nos por escrito (por correio eletr\u00f3nico ou carta). As condi\u00e7\u00f5es de anula\u00e7\u00e3o s\u00e3o as seguintes:<\/p>\n\n\n\n<p>\u2022 <strong>At\u00e9 30 dias antes do in\u00edcio do curso<\/strong>Os cancelamentos recebidos pelo menos 30 dias antes do in\u00edcio do curso ser\u00e3o reembolsados na totalidade, menos uma taxa de processamento de 10 %.<\/p>\n\n\n\n<p>\u2022 <strong>De 29 a 14 dias antes do in\u00edcio do curso<\/strong>Os cancelamentos recebidos entre 29 e 14 dias antes do in\u00edcio do curso ser\u00e3o reembolsados em 50 % do valor do curso.<\/p>\n\n\n\n<p>\u2022 <strong>Menos de 14 dias antes do in\u00edcio do curso<\/strong>Os cancelamentos recebidos menos de 14 dias antes do in\u00edcio do curso n\u00e3o ser\u00e3o reembolsados, uma vez que os lugares n\u00e3o podem normalmente ser reatribu\u00eddos.<\/p>\n\n\n\n<h2 class=\"wp-block-heading\"><strong>2. rebooking<\/strong><\/h2>\n\n\n\n<p>A remarca\u00e7\u00e3o ou substitui\u00e7\u00e3o de um participante por outro participante \u00e9 poss\u00edvel at\u00e9 ao in\u00edcio do curso. Se pretender remarcar a sua participa\u00e7\u00e3o num curso para uma data posterior, tal \u00e9 poss\u00edvel gratuitamente at\u00e9 14 dias antes do in\u00edcio original do curso, caso contr\u00e1rio aplicam-se as condi\u00e7\u00f5es normais de cancelamento.<\/p>\n\n\n\n<h2 class=\"wp-block-heading\"><strong>3. anula\u00e7\u00e3o pelo prestador<\/strong><\/h2>\n\n\n\n<p>Em casos excepcionais, podemos ter de cancelar um curso (por exemplo, devido a um n\u00famero insuficiente de participantes, doen\u00e7a do instrutor ou for\u00e7a maior). Neste caso, reembolsaremos a totalidade do pre\u00e7o do curso ou ofereceremos a possibilidade de participar numa outra data.<\/p>\n\n\n\n<h2 class=\"wp-block-heading\"><strong>4. for\u00e7a maior<\/strong><\/h2>\n\n\n\n<p>Em caso de for\u00e7a maior (por exemplo, cat\u00e1strofes naturais, pandemias, agita\u00e7\u00e3o pol\u00edtica), reservamo-nos o direito de cancelar ou adiar o curso. Neste caso, procederemos ao reembolso do montante pago ou ofereceremos a possibilidade de frequentar o curso numa data posterior.<\/p>\n\n\n\n<h2 class=\"wp-block-heading\"><strong>5. informa\u00e7\u00f5es complementares<\/strong><\/h2>\n\n\n\n<p>Para mais informa\u00e7\u00f5es ou quest\u00f5es sobre as nossas condi\u00e7\u00f5es de cancelamento, contacte-nos em qualquer altura. Teremos todo o gosto em ajud\u00e1-lo com a sua quest\u00e3o.<\/p>\n\n\n\n<p>Agradecemos a sua compreens\u00e3o e esperamos poder receb\u00ea-lo nos nossos cursos!<\/p>","protected":false},"excerpt":{"rendered":"<p>Stornierungsbedingungen Um eine klare und faire Grundlage f\u00fcr alle Teilnehmer zu gew\u00e4hrleisten, gelten die folgenden Stornobedingungen f\u00fcr unsere Kurse und Veranstaltungen. Diese Bedingungen regeln die Stornierung von Anmeldungen und den Umgang mit bereits geleisteten Zahlungen. Bitte lesen Sie die Bedingungen sorgf\u00e4ltig durch. 1. Stornierung durch den Teilnehmer Wenn Sie Ihre Anmeldung stornieren m\u00f6chten, bitten wir [&hellip;]<\/p>\n","protected":false},"author":1,"featured_media":0,"parent":0,"menu_order":0,"comment_status":"closed","ping_status":"closed","template":"","meta":{"footnotes":""},"class_list":["post-494","page","type-page","status-publish","hentry"],"yoast_head":"<!-- This site is optimized with the Yoast SEO plugin v27.4 - https:\/\/yoast.com\/product\/yoast-seo-wordpress\/ -->\n<title>Stornierungsbedingungen | Erste Hilfe Schule Berlin<\/title>\n<meta name=\"description\" content=\"Erfahren Sie mehr \u00fcber die Stornierungsbedingungen unserer Erste Hilfe Kurse. Wir bieten faire Regelungen f\u00fcr Ihre Buchung.\" \/>\n<meta name=\"robots\" content=\"index, follow, max-snippet:-1, max-image-preview:large, max-video-preview:-1\" \/>\n<link rel=\"canonical\" href=\"https:\/\/www.erstehilfeschuleberlin.de\/pt\/stornierungsbedingungen\/\" \/>\n<meta property=\"og:locale\" content=\"pt_PT\" \/>\n<meta property=\"og:type\" content=\"article\" \/>\n<meta property=\"og:title\" content=\"Stornierungsbedingungen | Erste Hilfe Schule Berlin\" \/>\n<meta property=\"og:description\" content=\"Erfahren Sie mehr \u00fcber die Stornierungsbedingungen unserer Erste Hilfe Kurse. Wir bieten faire Regelungen f\u00fcr Ihre Buchung.\" \/>\n<meta property=\"og:url\" content=\"https:\/\/www.erstehilfeschuleberlin.de\/pt\/stornierungsbedingungen\/\" \/>\n<meta property=\"og:site_name\" content=\"Erste Hilfe Schule Berlin\" \/>\n<meta property=\"article:publisher\" content=\"https:\/\/www.facebook.com\/christina.maddocks\/\" \/>\n<meta property=\"article:modified_time\" content=\"2025-01-15T09:52:14+00:00\" \/>\n<meta name=\"twitter:card\" content=\"summary_large_image\" \/>\n<meta name=\"twitter:label1\" content=\"Tempo estimado de leitura\" \/>\n\t<meta name=\"twitter:data1\" content=\"2 minutos\" \/>\n<script type=\"application\/ld+json\" class=\"yoast-schema-graph\">{\"@context\":\"https:\\\/\\\/schema.org\",\"@graph\":[{\"@type\":\"WebPage\",\"@id\":\"https:\\\/\\\/www.erstehilfeschuleberlin.de\\\/stornierungsbedingungen\\\/\",\"url\":\"https:\\\/\\\/www.erstehilfeschuleberlin.de\\\/stornierungsbedingungen\\\/\",\"name\":\"Stornierungsbedingungen | Erste Hilfe Schule Berlin\",\"isPartOf\":{\"@id\":\"https:\\\/\\\/www.erstehilfeschuleberlin.de\\\/#website\"},\"datePublished\":\"2024-11-14T15:08:56+00:00\",\"dateModified\":\"2025-01-15T09:52:14+00:00\",\"description\":\"Erfahren Sie mehr \u00fcber die Stornierungsbedingungen unserer Erste Hilfe Kurse. Wir bieten faire Regelungen f\u00fcr Ihre Buchung.\",\"breadcrumb\":{\"@id\":\"https:\\\/\\\/www.erstehilfeschuleberlin.de\\\/stornierungsbedingungen\\\/#breadcrumb\"},\"inLanguage\":\"pt-PT\",\"potentialAction\":[{\"@type\":\"ReadAction\",\"target\":[\"https:\\\/\\\/www.erstehilfeschuleberlin.de\\\/stornierungsbedingungen\\\/\"]}]},{\"@type\":\"BreadcrumbList\",\"@id\":\"https:\\\/\\\/www.erstehilfeschuleberlin.de\\\/stornierungsbedingungen\\\/#breadcrumb\",\"itemListElement\":[{\"@type\":\"ListItem\",\"position\":1,\"name\":\"Startseite\",\"item\":\"https:\\\/\\\/www.erstehilfeschuleberlin.de\\\/\"},{\"@type\":\"ListItem\",\"position\":2,\"name\":\"Stornierungsbedingungen\"}]},{\"@type\":\"WebSite\",\"@id\":\"https:\\\/\\\/www.erstehilfeschuleberlin.de\\\/#website\",\"url\":\"https:\\\/\\\/www.erstehilfeschuleberlin.de\\\/\",\"name\":\"Erste Hilfe Schule Berlin\",\"description\":\"\",\"publisher\":{\"@id\":\"https:\\\/\\\/www.erstehilfeschuleberlin.de\\\/#organization\"},\"potentialAction\":[{\"@type\":\"SearchAction\",\"target\":{\"@type\":\"EntryPoint\",\"urlTemplate\":\"https:\\\/\\\/www.erstehilfeschuleberlin.de\\\/?s={search_term_string}\"},\"query-input\":{\"@type\":\"PropertyValueSpecification\",\"valueRequired\":true,\"valueName\":\"search_term_string\"}}],\"inLanguage\":\"pt-PT\"},{\"@type\":\"Organization\",\"@id\":\"https:\\\/\\\/www.erstehilfeschuleberlin.de\\\/#organization\",\"name\":\"Erste Hilfe Schule Berlin GmbH\",\"url\":\"https:\\\/\\\/www.erstehilfeschuleberlin.de\\\/\",\"logo\":{\"@type\":\"ImageObject\",\"inLanguage\":\"pt-PT\",\"@id\":\"https:\\\/\\\/www.erstehilfeschuleberlin.de\\\/#\\\/schema\\\/logo\\\/image\\\/\",\"url\":\"https:\\\/\\\/www.erstehilfeschuleberlin.de\\\/wp-content\\\/uploads\\\/2024\\\/11\\\/Erste-Hilfe-Schule-logo-e1731399170464.png\",\"contentUrl\":\"https:\\\/\\\/www.erstehilfeschuleberlin.de\\\/wp-content\\\/uploads\\\/2024\\\/11\\\/Erste-Hilfe-Schule-logo-e1731399170464.png\",\"width\":1256,\"height\":380,\"caption\":\"Erste Hilfe Schule Berlin GmbH\"},\"image\":{\"@id\":\"https:\\\/\\\/www.erstehilfeschuleberlin.de\\\/#\\\/schema\\\/logo\\\/image\\\/\"},\"sameAs\":[\"https:\\\/\\\/www.facebook.com\\\/christina.maddocks\\\/\",\"https:\\\/\\\/www.instagram.com\\\/christina.maddocks\\\/\",\"https:\\\/\\\/www.youtube.com\\\/@nursemaddocks\"]}]}<\/script>\n<!-- \/ Yoast SEO plugin. -->","yoast_head_json":{"title":"Stornierungsbedingungen | Erste Hilfe Schule Berlin","description":"Erfahren Sie mehr \u00fcber die Stornierungsbedingungen unserer Erste Hilfe Kurse. Wir bieten faire Regelungen f\u00fcr Ihre Buchung.","robots":{"index":"index","follow":"follow","max-snippet":"max-snippet:-1","max-image-preview":"max-image-preview:large","max-video-preview":"max-video-preview:-1"},"canonical":"https:\/\/www.erstehilfeschuleberlin.de\/pt\/stornierungsbedingungen\/","og_locale":"pt_PT","og_type":"article","og_title":"Stornierungsbedingungen | Erste Hilfe Schule Berlin","og_description":"Erfahren Sie mehr \u00fcber die Stornierungsbedingungen unserer Erste Hilfe Kurse. Wir bieten faire Regelungen f\u00fcr Ihre Buchung.","og_url":"https:\/\/www.erstehilfeschuleberlin.de\/pt\/stornierungsbedingungen\/","og_site_name":"Erste Hilfe Schule Berlin","article_publisher":"https:\/\/www.facebook.com\/christina.maddocks\/","article_modified_time":"2025-01-15T09:52:14+00:00","twitter_card":"summary_large_image","twitter_misc":{"Tempo estimado de leitura":"2 minutos"},"schema":{"@context":"https:\/\/schema.org","@graph":[{"@type":"WebPage","@id":"https:\/\/www.erstehilfeschuleberlin.de\/stornierungsbedingungen\/","url":"https:\/\/www.erstehilfeschuleberlin.de\/stornierungsbedingungen\/","name":"Stornierungsbedingungen | Erste Hilfe Schule Berlin","isPartOf":{"@id":"https:\/\/www.erstehilfeschuleberlin.de\/#website"},"datePublished":"2024-11-14T15:08:56+00:00","dateModified":"2025-01-15T09:52:14+00:00","description":"Erfahren Sie mehr \u00fcber die Stornierungsbedingungen unserer Erste Hilfe Kurse. Wir bieten faire Regelungen f\u00fcr Ihre Buchung.","breadcrumb":{"@id":"https:\/\/www.erstehilfeschuleberlin.de\/stornierungsbedingungen\/#breadcrumb"},"inLanguage":"pt-PT","potentialAction":[{"@type":"ReadAction","target":["https:\/\/www.erstehilfeschuleberlin.de\/stornierungsbedingungen\/"]}]},{"@type":"BreadcrumbList","@id":"https:\/\/www.erstehilfeschuleberlin.de\/stornierungsbedingungen\/#breadcrumb","itemListElement":[{"@type":"ListItem","position":1,"name":"Startseite","item":"https:\/\/www.erstehilfeschuleberlin.de\/"},{"@type":"ListItem","position":2,"name":"Stornierungsbedingungen"}]},{"@type":"WebSite","@id":"https:\/\/www.erstehilfeschuleberlin.de\/#website","url":"https:\/\/www.erstehilfeschuleberlin.de\/","name":"Escola de Primeiros Socorros de Berlim","description":"","publisher":{"@id":"https:\/\/www.erstehilfeschuleberlin.de\/#organization"},"potentialAction":[{"@type":"SearchAction","target":{"@type":"EntryPoint","urlTemplate":"https:\/\/www.erstehilfeschuleberlin.de\/?s={search_term_string}"},"query-input":{"@type":"PropertyValueSpecification","valueRequired":true,"valueName":"search_term_string"}}],"inLanguage":"pt-PT"},{"@type":"Organization","@id":"https:\/\/www.erstehilfeschuleberlin.de\/#organization","name":"Escola de Primeiros Socorros de Berlim GmbH","url":"https:\/\/www.erstehilfeschuleberlin.de\/","logo":{"@type":"ImageObject","inLanguage":"pt-PT","@id":"https:\/\/www.erstehilfeschuleberlin.de\/#\/schema\/logo\/image\/","url":"https:\/\/www.erstehilfeschuleberlin.de\/wp-content\/uploads\/2024\/11\/Erste-Hilfe-Schule-logo-e1731399170464.png","contentUrl":"https:\/\/www.erstehilfeschuleberlin.de\/wp-content\/uploads\/2024\/11\/Erste-Hilfe-Schule-logo-e1731399170464.png","width":1256,"height":380,"caption":"Erste Hilfe Schule Berlin GmbH"},"image":{"@id":"https:\/\/www.erstehilfeschuleberlin.de\/#\/schema\/logo\/image\/"},"sameAs":["https:\/\/www.facebook.com\/christina.maddocks\/","https:\/\/www.instagram.com\/christina.maddocks\/","https:\/\/www.youtube.com\/@nursemaddocks"]}]}},"_links":{"self":[{"href":"https:\/\/www.erstehilfeschuleberlin.de\/pt\/wp-json\/wp\/v2\/pages\/494","targetHints":{"allow":["GET"]}}],"collection":[{"href":"https:\/\/www.erstehilfeschuleberlin.de\/pt\/wp-json\/wp\/v2\/pages"}],"about":[{"href":"https:\/\/www.erstehilfeschuleberlin.de\/pt\/wp-json\/wp\/v2\/types\/page"}],"author":[{"embeddable":true,"href":"https:\/\/www.erstehilfeschuleberlin.de\/pt\/wp-json\/wp\/v2\/users\/1"}],"replies":[{"embeddable":true,"href":"https:\/\/www.erstehilfeschuleberlin.de\/pt\/wp-json\/wp\/v2\/comments?post=494"}],"version-history":[{"count":3,"href":"https:\/\/www.erstehilfeschuleberlin.de\/pt\/wp-json\/wp\/v2\/pages\/494\/revisions"}],"predecessor-version":[{"id":1883,"href":"https:\/\/www.erstehilfeschuleberlin.de\/pt\/wp-json\/wp\/v2\/pages\/494\/revisions\/1883"}],"wp:attachment":[{"href":"https:\/\/www.erstehilfeschuleberlin.de\/pt\/wp-json\/wp\/v2\/media?parent=494"}],"curies":[{"name":"wp","href":"https:\/\/api.w.org\/{rel}","templated":true}]}}