
{"id":489,"date":"2024-11-14T15:00:49","date_gmt":"2024-11-14T15:00:49","guid":{"rendered":"https:\/\/staging22.invictus-lead-generation.com\/?page_id=489"},"modified":"2025-11-06T08:41:35","modified_gmt":"2025-11-06T08:41:35","slug":"abrechnung","status":"publish","type":"page","link":"https:\/\/www.erstehilfeschuleberlin.de\/pt\/abrechnung\/","title":{"rendered":"Fatura\u00e7\u00e3o e custos"},"content":{"rendered":"<div style=\"height:100px\" aria-hidden=\"true\" class=\"wp-block-spacer\"><\/div>\n\n\n\n<h1 class=\"wp-block-heading\">Fatura\u00e7\u00e3o e custos<\/h1>\n\n\n\n<p>O&nbsp;<strong><a href=\"https:\/\/erstehilfeschuleberlin.de\/wp-content\/uploads\/2024\/11\/DGUV-Abrechnungsformular-.pdf\">Formul\u00e1rio contabil\u00edstico DGUV<\/a><\/strong>&nbsp;\u00e9 um documento importante para as empresas e organiza\u00e7\u00f5es que participam em ac\u00e7\u00f5es de promo\u00e7\u00e3o da seguran\u00e7a e sa\u00fade no trabalho. \u00c9 utilizado para a contabiliza\u00e7\u00e3o correta de cursos de forma\u00e7\u00e3o, programas de forma\u00e7\u00e3o ou medidas financiadas pelo Seguro Social de Acidentes Alem\u00e3o (DGUV). A utiliza\u00e7\u00e3o deste formul\u00e1rio permite que as empresas solicitem os subs\u00eddios ou reembolsos correspondentes para os cursos de forma\u00e7\u00e3o e as ac\u00e7\u00f5es realizadas.<\/p>\n\n\n\n<h2 class=\"wp-block-heading\">Formul\u00e1rio de fatura\u00e7\u00e3o<\/h2>\n\n\n\n<div data-wp-interactive=\"core\/file\" class=\"wp-block-file\"><object data-wp-bind--hidden=\"!state.hasPdfPreview\" hidden class=\"wp-block-file__embed\" data=\"https:\/\/www.erstehilfeschuleberlin.de\/wp-content\/uploads\/2024\/11\/DGUV-Abrechnungsformular-.pdf\" type=\"application\/pdf\" style=\"width:100%;height:600px\" aria-label=\"Incorpora\u00e7\u00e3o de DGUV Abrechnungsformular.\"><\/object><a id=\"wp-block-file--media-3d6d6498-5ad6-42ea-9ddf-89b2c57798b2\" href=\"https:\/\/www.erstehilfeschuleberlin.de\/wp-content\/uploads\/2024\/11\/DGUV-Abrechnungsformular-.pdf\">Formul\u00e1rio contabil\u00edstico DGUV<\/a><a href=\"https:\/\/www.erstehilfeschuleberlin.de\/wp-content\/uploads\/2024\/11\/DGUV-Abrechnungsformular-.pdf\" class=\"wp-block-file__button wp-element-button\" download aria-describedby=\"wp-block-file--media-3d6d6498-5ad6-42ea-9ddf-89b2c57798b2\">Descarregar<\/a><\/div>\n\n\n\n<p>Este formul\u00e1rio de fatura\u00e7\u00e3o para cursos de primeiros socorros, de acordo com as diretrizes da DGUV, serve como meio de pagamento para os participantes em cursos de forma\u00e7\u00e3o em primeiros socorros que trabalham em empresas, institui\u00e7\u00f5es de ensino e outras organiza\u00e7\u00f5es e t\u00eam seguro de acidentes atrav\u00e9s da sua entidade patronal. O Seguro Social de Acidentes alem\u00e3o (DGUV) exige que os socorristas recebam forma\u00e7\u00e3o regular para poderem prestar primeiros socorros qualificados em caso de emerg\u00eancia. Este formul\u00e1rio \u00e9 utilizado para liquidar os custos incorridos com estas ac\u00e7\u00f5es de forma\u00e7\u00e3o junto das entidades seguradoras de acidentes. A Escola de Primeiros Socorros de Berlim encarrega-se deste procedimento e os participantes no curso de primeiros socorros trazem consigo o formul\u00e1rio preenchido no dia do curso.&nbsp;<\/p>\n\n\n\n<div style=\"height:100px\" aria-hidden=\"true\" class=\"wp-block-spacer\"><\/div>\n\n\n\n<h2 class=\"wp-block-heading\">Instru\u00e7\u00f5es<\/h2>\n\n\n\n<figure class=\"wp-block-embed is-type-video is-provider-youtube wp-block-embed-youtube wp-embed-aspect-16-9 wp-has-aspect-ratio\"><div class=\"wp-block-embed__wrapper\">\n<iframe title=\"Formul\u00e1rio de fatura\u00e7\u00e3o DGUV para cursos de forma\u00e7\u00e3o em primeiros socorros para empresas\" width=\"800\" height=\"450\" src=\"https:\/\/www.youtube.com\/embed\/de4BeMBBmmA?feature=oembed\" frameborder=\"0\" allow=\"accelerometer; autoplay; clipboard-write; encrypted-media; gyroscope; picture-in-picture; web-share\" referrerpolicy=\"strict-origin-when-cross-origin\" allowfullscreen><\/iframe>\n<\/div><\/figure>\n\n\n\n<p>As instru\u00e7\u00f5es em ingl\u00eas podem ser encontradas <a href=\"https:\/\/youtu.be\/CCdjsRBz-7g\">aqui<\/a>.<\/p>\n\n\n\n<div style=\"height:100px\" aria-hidden=\"true\" class=\"wp-block-spacer\"><\/div>\n\n\n\n<h2 class=\"wp-block-heading\"><strong>Conte\u00fado do formul\u00e1rio<\/strong><\/h2>\n\n\n\n<p>O formul\u00e1rio regista todas as informa\u00e7\u00f5es essenciais sobre a forma\u00e7\u00e3o e os participantes.<\/p>\n\n\n\n<blockquote class=\"wp-block-quote is-layout-flow wp-block-quote-is-layout-flow\">\n<p>Em princ\u00edpio, toda a sec\u00e7\u00e3o verde deve ser preenchida pela empresa associada.&nbsp;<\/p>\n<\/blockquote>\n\n\n\n<p><em>A parte amarela \u00e9 preenchida pela Escola de Primeiros Socorros de Berlim.&nbsp;<\/em><\/p>\n\n\n\n<p>1. <strong>Informa\u00e7\u00f5es sobre a forma\u00e7\u00e3o<\/strong>Data e local do curso de forma\u00e7\u00e3o em primeiros socorros, bem como o nome e o endere\u00e7o do prestador da forma\u00e7\u00e3o e o n\u00famero do curso.&nbsp;<\/p>\n\n\n\n<p>2. <strong>Lista de participantes<\/strong>Lista dos empregados que participam no curso, v\u00e1lida APENAS com a assinatura do PARTICIPANTE para confirmar a presen\u00e7a no dia do curso. Se o n\u00famero de participantes for superior a 10, deve ser preenchido um segundo formul\u00e1rio.&nbsp;<\/p>\n\n\n\n<p>3.&nbsp; <strong>Assinatura e carimbo da empresa: S\u00f3 com os dados de contacto, o n\u00famero de membro, o carimbo e a assinatura da empresa, a Erste Hilfe Schule Berlin pode enviar o formul\u00e1rio para fatura\u00e7\u00e3o.&nbsp;<\/strong><\/p>\n\n\n\n<p><strong>4 A BGW e a BGN t\u00eam formul\u00e1rios contabil\u00edsticos especiais que devem ser solicitados separadamente.&nbsp;<\/strong><\/p>\n\n\n\n<div style=\"height:100px\" aria-hidden=\"true\" class=\"wp-block-spacer\"><\/div>\n\n\n\n<h2 class=\"wp-block-heading\"><strong>Informa\u00e7\u00f5es importantes sobre o formul\u00e1rio de fatura\u00e7\u00e3o DGUV:<\/strong><\/h2>\n\n\n\n<p>1. <strong>Objetivo do formul\u00e1rio<\/strong>:<\/p>\n\n\n\n<p>- O formul\u00e1rio de liquida\u00e7\u00e3o \u00e9 utilizado para solicitar os subs\u00eddios oferecidos pela DGUV para ac\u00e7\u00f5es de forma\u00e7\u00e3o e aperfei\u00e7oamento no dom\u00ednio da seguran\u00e7a e da sa\u00fade no trabalho.<\/p>\n\n\n\n<p>- Permite a documenta\u00e7\u00e3o de todas as informa\u00e7\u00f5es relevantes sobre as ac\u00e7\u00f5es realizadas.<\/p>\n\n\n\n<p>2. <strong>Quem pode utilizar o formul\u00e1rio?<\/strong>:<\/p>\n\n\n\n<p>- Todas as empresas membros da DGUV que participam em programas de forma\u00e7\u00e3o ou medidas de preven\u00e7\u00e3o reconhecidos.<\/p>\n\n\n\n<p>- Trata-se de empresas de v\u00e1rios sectores que pretendem oferecer aos seus trabalhadores uma forma\u00e7\u00e3o complementar relevante no dom\u00ednio da seguran\u00e7a no trabalho.<\/p>\n\n\n\n<p>3. <strong>Conte\u00fado do formul\u00e1rio<\/strong>:<\/p>\n\n\n\n<p>O formul\u00e1rio contabil\u00edstico da DGUV cont\u00e9m normalmente as seguintes informa\u00e7\u00f5es<\/p>\n\n\n\n<p>\u2022 <strong>Dados da empresa<\/strong>Nome, endere\u00e7o e dados de contacto da empresa.<\/p>\n\n\n\n<p>\u2022 <strong>Detalhes do curso e da medida<\/strong>T\u00edtulo da a\u00e7\u00e3o, data, dura\u00e7\u00e3o, n\u00famero de trabalhadores participantes.<\/p>\n\n\n\n<p>\u2022 <strong>Descri\u00e7\u00e3o geral dos custos<\/strong>Discrimina\u00e7\u00e3o dos custos da a\u00e7\u00e3o, dos montantes eventualmente j\u00e1 pagos e do montante do reembolso solicitado.<\/p>\n\n\n\n<p>\u2022 <strong>Assinatura e confirma\u00e7\u00e3o<\/strong>Confirma\u00e7\u00e3o da exatid\u00e3o das informa\u00e7\u00f5es por uma pessoa respons\u00e1vel da empresa.<\/p>\n\n\n\n<p>4. <strong>Apresenta\u00e7\u00e3o do formul\u00e1rio<\/strong>:<\/p>\n\n\n\n<p>- O formul\u00e1rio de requerimento preenchido deve, em geral, ser enviado \u00e0 caixa de seguro de acidentes competente ou \u00e0 pessoa de contacto da DGUV competente.<\/p>\n\n\n\n<p>- Tenha em aten\u00e7\u00e3o os prazos de apresenta\u00e7\u00e3o para garantir que o seu pedido pode ser processado atempadamente.<\/p>\n\n\n\n<p>5. <strong>Notas importantes<\/strong>:<\/p>\n\n\n\n<p>- Certifique-se de que todas as informa\u00e7\u00f5es do formul\u00e1rio est\u00e3o completas e corretas para evitar atrasos no processamento.<\/p>\n\n\n\n<p>- \u00c9 aconselh\u00e1vel conservar c\u00f3pias de todos os documentos pertinentes (por exemplo, certificados de participa\u00e7\u00e3o, facturas) para os poder apresentar em caso de reclama\u00e7\u00e3o posterior.<\/p>\n\n\n\n<p><strong>Conclus\u00e3o<\/strong><\/p>\n\n\n\n<p>O formul\u00e1rio de liquida\u00e7\u00e3o da DGUV ou o pedido de vales da respectiva caixa de seguro de acidentes \u00e9 um elemento fundamental para a aprova\u00e7\u00e3o do financiamento da forma\u00e7\u00e3o no dom\u00ednio da seguran\u00e7a no trabalho. O correto preenchimento do formul\u00e1rio e a sua apresenta\u00e7\u00e3o atempada ou o pedido de vales permitem \u00e0s empresas receber apoio financeiro para as suas ac\u00e7\u00f5es de melhoria da sa\u00fade e da seguran\u00e7a dos seus trabalhadores. Em caso de d\u00favidas sobre a utiliza\u00e7\u00e3o do formul\u00e1rio ou sobre os documentos a apresentar, contactar a DGUV ou a sua caixa de seguro de acidentes local.<\/p>\n\n\n\n<div style=\"height:100px\" aria-hidden=\"true\" class=\"wp-block-spacer\"><\/div>\n\n\n\n<p><\/p>","protected":false},"excerpt":{"rendered":"<p>Abrechnung &amp; Kosten Das&nbsp;DGUV Abrechnungsformular&nbsp;ist ein wichtiges Dokument f\u00fcr Unternehmen und Organisationen, die an Ma\u00dfnahmen zur F\u00f6rderung der Arbeitssicherheit und Gesundheitsschutz teilnehmen. Es dient der ordnungsgem\u00e4\u00dfen Abrechnung von Lehrg\u00e4ngen, Schulungen oder Ma\u00dfnahmen, die von der Deutschen Gesetzlichen Unfallversicherung (DGUV) gef\u00f6rdert werden. Die Verwendung dieses Formulars erm\u00f6glicht es den Unternehmen, die entsprechenden Zusch\u00fcsse oder Erstattungen f\u00fcr [&hellip;]<\/p>\n","protected":false},"author":1,"featured_media":0,"parent":0,"menu_order":0,"comment_status":"closed","ping_status":"closed","template":"","meta":{"footnotes":""},"class_list":["post-489","page","type-page","status-publish","hentry"],"yoast_head":"<!-- This site is optimized with the Yoast SEO plugin v27.4 - https:\/\/yoast.com\/product\/yoast-seo-wordpress\/ -->\n<title>Abrechnungsformular f\u00fcr Erste-Hilfe-Kurse nach DGUV-Richtlinien<\/title>\n<meta name=\"description\" content=\"Das ausgef\u00fcllte Abrechnungsformular ist in der Regel an die zust\u00e4ndige Unfallkasse oder den Ansprechpartner der DGUV zu senden.\" \/>\n<meta name=\"robots\" content=\"index, follow, max-snippet:-1, max-image-preview:large, max-video-preview:-1\" \/>\n<link rel=\"canonical\" href=\"https:\/\/www.erstehilfeschuleberlin.de\/pt\/abrechnung\/\" \/>\n<meta property=\"og:locale\" content=\"pt_PT\" \/>\n<meta property=\"og:type\" content=\"article\" \/>\n<meta property=\"og:title\" content=\"Abrechnungsformular f\u00fcr Erste-Hilfe-Kurse nach DGUV-Richtlinien\" \/>\n<meta property=\"og:description\" content=\"Das ausgef\u00fcllte Abrechnungsformular ist in der Regel an die zust\u00e4ndige Unfallkasse oder den Ansprechpartner der DGUV zu senden.\" \/>\n<meta property=\"og:url\" content=\"https:\/\/www.erstehilfeschuleberlin.de\/pt\/abrechnung\/\" \/>\n<meta property=\"og:site_name\" content=\"Erste Hilfe Schule Berlin\" \/>\n<meta property=\"article:publisher\" content=\"https:\/\/www.facebook.com\/christina.maddocks\/\" \/>\n<meta property=\"article:modified_time\" content=\"2025-11-06T08:41:35+00:00\" \/>\n<meta name=\"twitter:card\" content=\"summary_large_image\" \/>\n<meta name=\"twitter:label1\" content=\"Tempo estimado de leitura\" \/>\n\t<meta name=\"twitter:data1\" content=\"4 minutos\" \/>\n<script type=\"application\/ld+json\" class=\"yoast-schema-graph\">{\"@context\":\"https:\\\/\\\/schema.org\",\"@graph\":[{\"@type\":\"WebPage\",\"@id\":\"https:\\\/\\\/www.erstehilfeschuleberlin.de\\\/abrechnung\\\/\",\"url\":\"https:\\\/\\\/www.erstehilfeschuleberlin.de\\\/abrechnung\\\/\",\"name\":\"Abrechnungsformular f\u00fcr Erste-Hilfe-Kurse nach DGUV-Richtlinien\",\"isPartOf\":{\"@id\":\"https:\\\/\\\/www.erstehilfeschuleberlin.de\\\/#website\"},\"datePublished\":\"2024-11-14T15:00:49+00:00\",\"dateModified\":\"2025-11-06T08:41:35+00:00\",\"description\":\"Das ausgef\u00fcllte Abrechnungsformular ist in der Regel an die zust\u00e4ndige Unfallkasse oder den Ansprechpartner der DGUV zu senden.\",\"breadcrumb\":{\"@id\":\"https:\\\/\\\/www.erstehilfeschuleberlin.de\\\/abrechnung\\\/#breadcrumb\"},\"inLanguage\":\"pt-PT\",\"potentialAction\":[{\"@type\":\"ReadAction\",\"target\":[\"https:\\\/\\\/www.erstehilfeschuleberlin.de\\\/abrechnung\\\/\"]}]},{\"@type\":\"BreadcrumbList\",\"@id\":\"https:\\\/\\\/www.erstehilfeschuleberlin.de\\\/abrechnung\\\/#breadcrumb\",\"itemListElement\":[{\"@type\":\"ListItem\",\"position\":1,\"name\":\"Startseite\",\"item\":\"https:\\\/\\\/www.erstehilfeschuleberlin.de\\\/\"},{\"@type\":\"ListItem\",\"position\":2,\"name\":\"Abrechnung &amp; Kosten\"}]},{\"@type\":\"WebSite\",\"@id\":\"https:\\\/\\\/www.erstehilfeschuleberlin.de\\\/#website\",\"url\":\"https:\\\/\\\/www.erstehilfeschuleberlin.de\\\/\",\"name\":\"Erste Hilfe Schule Berlin\",\"description\":\"\",\"publisher\":{\"@id\":\"https:\\\/\\\/www.erstehilfeschuleberlin.de\\\/#organization\"},\"potentialAction\":[{\"@type\":\"SearchAction\",\"target\":{\"@type\":\"EntryPoint\",\"urlTemplate\":\"https:\\\/\\\/www.erstehilfeschuleberlin.de\\\/?s={search_term_string}\"},\"query-input\":{\"@type\":\"PropertyValueSpecification\",\"valueRequired\":true,\"valueName\":\"search_term_string\"}}],\"inLanguage\":\"pt-PT\"},{\"@type\":\"Organization\",\"@id\":\"https:\\\/\\\/www.erstehilfeschuleberlin.de\\\/#organization\",\"name\":\"Erste Hilfe Schule Berlin GmbH\",\"url\":\"https:\\\/\\\/www.erstehilfeschuleberlin.de\\\/\",\"logo\":{\"@type\":\"ImageObject\",\"inLanguage\":\"pt-PT\",\"@id\":\"https:\\\/\\\/www.erstehilfeschuleberlin.de\\\/#\\\/schema\\\/logo\\\/image\\\/\",\"url\":\"https:\\\/\\\/www.erstehilfeschuleberlin.de\\\/wp-content\\\/uploads\\\/2024\\\/11\\\/Erste-Hilfe-Schule-logo-e1731399170464.png\",\"contentUrl\":\"https:\\\/\\\/www.erstehilfeschuleberlin.de\\\/wp-content\\\/uploads\\\/2024\\\/11\\\/Erste-Hilfe-Schule-logo-e1731399170464.png\",\"width\":1256,\"height\":380,\"caption\":\"Erste Hilfe Schule Berlin GmbH\"},\"image\":{\"@id\":\"https:\\\/\\\/www.erstehilfeschuleberlin.de\\\/#\\\/schema\\\/logo\\\/image\\\/\"},\"sameAs\":[\"https:\\\/\\\/www.facebook.com\\\/christina.maddocks\\\/\",\"https:\\\/\\\/www.instagram.com\\\/christina.maddocks\\\/\",\"https:\\\/\\\/www.youtube.com\\\/@nursemaddocks\"]}]}<\/script>\n<!-- \/ Yoast SEO plugin. -->","yoast_head_json":{"title":"Abrechnungsformular f\u00fcr Erste-Hilfe-Kurse nach DGUV-Richtlinien","description":"Das ausgef\u00fcllte Abrechnungsformular ist in der Regel an die zust\u00e4ndige Unfallkasse oder den Ansprechpartner der DGUV zu senden.","robots":{"index":"index","follow":"follow","max-snippet":"max-snippet:-1","max-image-preview":"max-image-preview:large","max-video-preview":"max-video-preview:-1"},"canonical":"https:\/\/www.erstehilfeschuleberlin.de\/pt\/abrechnung\/","og_locale":"pt_PT","og_type":"article","og_title":"Abrechnungsformular f\u00fcr Erste-Hilfe-Kurse nach DGUV-Richtlinien","og_description":"Das ausgef\u00fcllte Abrechnungsformular ist in der Regel an die zust\u00e4ndige Unfallkasse oder den Ansprechpartner der DGUV zu senden.","og_url":"https:\/\/www.erstehilfeschuleberlin.de\/pt\/abrechnung\/","og_site_name":"Erste Hilfe Schule Berlin","article_publisher":"https:\/\/www.facebook.com\/christina.maddocks\/","article_modified_time":"2025-11-06T08:41:35+00:00","twitter_card":"summary_large_image","twitter_misc":{"Tempo estimado de leitura":"4 minutos"},"schema":{"@context":"https:\/\/schema.org","@graph":[{"@type":"WebPage","@id":"https:\/\/www.erstehilfeschuleberlin.de\/abrechnung\/","url":"https:\/\/www.erstehilfeschuleberlin.de\/abrechnung\/","name":"Abrechnungsformular f\u00fcr Erste-Hilfe-Kurse nach DGUV-Richtlinien","isPartOf":{"@id":"https:\/\/www.erstehilfeschuleberlin.de\/#website"},"datePublished":"2024-11-14T15:00:49+00:00","dateModified":"2025-11-06T08:41:35+00:00","description":"Das ausgef\u00fcllte Abrechnungsformular ist in der Regel an die zust\u00e4ndige Unfallkasse oder den Ansprechpartner der DGUV zu senden.","breadcrumb":{"@id":"https:\/\/www.erstehilfeschuleberlin.de\/abrechnung\/#breadcrumb"},"inLanguage":"pt-PT","potentialAction":[{"@type":"ReadAction","target":["https:\/\/www.erstehilfeschuleberlin.de\/abrechnung\/"]}]},{"@type":"BreadcrumbList","@id":"https:\/\/www.erstehilfeschuleberlin.de\/abrechnung\/#breadcrumb","itemListElement":[{"@type":"ListItem","position":1,"name":"Startseite","item":"https:\/\/www.erstehilfeschuleberlin.de\/"},{"@type":"ListItem","position":2,"name":"Abrechnung &amp; Kosten"}]},{"@type":"WebSite","@id":"https:\/\/www.erstehilfeschuleberlin.de\/#website","url":"https:\/\/www.erstehilfeschuleberlin.de\/","name":"Escola de Primeiros Socorros de Berlim","description":"","publisher":{"@id":"https:\/\/www.erstehilfeschuleberlin.de\/#organization"},"potentialAction":[{"@type":"SearchAction","target":{"@type":"EntryPoint","urlTemplate":"https:\/\/www.erstehilfeschuleberlin.de\/?s={search_term_string}"},"query-input":{"@type":"PropertyValueSpecification","valueRequired":true,"valueName":"search_term_string"}}],"inLanguage":"pt-PT"},{"@type":"Organization","@id":"https:\/\/www.erstehilfeschuleberlin.de\/#organization","name":"Escola de Primeiros Socorros de Berlim GmbH","url":"https:\/\/www.erstehilfeschuleberlin.de\/","logo":{"@type":"ImageObject","inLanguage":"pt-PT","@id":"https:\/\/www.erstehilfeschuleberlin.de\/#\/schema\/logo\/image\/","url":"https:\/\/www.erstehilfeschuleberlin.de\/wp-content\/uploads\/2024\/11\/Erste-Hilfe-Schule-logo-e1731399170464.png","contentUrl":"https:\/\/www.erstehilfeschuleberlin.de\/wp-content\/uploads\/2024\/11\/Erste-Hilfe-Schule-logo-e1731399170464.png","width":1256,"height":380,"caption":"Erste Hilfe Schule Berlin GmbH"},"image":{"@id":"https:\/\/www.erstehilfeschuleberlin.de\/#\/schema\/logo\/image\/"},"sameAs":["https:\/\/www.facebook.com\/christina.maddocks\/","https:\/\/www.instagram.com\/christina.maddocks\/","https:\/\/www.youtube.com\/@nursemaddocks"]}]}},"_links":{"self":[{"href":"https:\/\/www.erstehilfeschuleberlin.de\/pt\/wp-json\/wp\/v2\/pages\/489","targetHints":{"allow":["GET"]}}],"collection":[{"href":"https:\/\/www.erstehilfeschuleberlin.de\/pt\/wp-json\/wp\/v2\/pages"}],"about":[{"href":"https:\/\/www.erstehilfeschuleberlin.de\/pt\/wp-json\/wp\/v2\/types\/page"}],"author":[{"embeddable":true,"href":"https:\/\/www.erstehilfeschuleberlin.de\/pt\/wp-json\/wp\/v2\/users\/1"}],"replies":[{"embeddable":true,"href":"https:\/\/www.erstehilfeschuleberlin.de\/pt\/wp-json\/wp\/v2\/comments?post=489"}],"version-history":[{"count":11,"href":"https:\/\/www.erstehilfeschuleberlin.de\/pt\/wp-json\/wp\/v2\/pages\/489\/revisions"}],"predecessor-version":[{"id":1880,"href":"https:\/\/www.erstehilfeschuleberlin.de\/pt\/wp-json\/wp\/v2\/pages\/489\/revisions\/1880"}],"wp:attachment":[{"href":"https:\/\/www.erstehilfeschuleberlin.de\/pt\/wp-json\/wp\/v2\/media?parent=489"}],"curies":[{"name":"wp","href":"https:\/\/api.w.org\/{rel}","templated":true}]}}