
{"id":494,"date":"2024-11-14T15:08:56","date_gmt":"2024-11-14T15:08:56","guid":{"rendered":"https:\/\/staging22.invictus-lead-generation.com\/?page_id=494"},"modified":"2025-01-15T09:52:14","modified_gmt":"2025-01-15T09:52:14","slug":"stornierungsbedingungen","status":"publish","type":"page","link":"https:\/\/www.erstehilfeschuleberlin.de\/hi\/stornierungsbedingungen\/","title":{"rendered":"\u0930\u0926\u094d\u0926\u0940\u0915\u0930\u0923 \u0928\u0940\u0924\u093f"},"content":{"rendered":"<div style=\"height:100px\" aria-hidden=\"true\" class=\"wp-block-spacer\"><\/div>\n\n\n\n<h1 class=\"wp-block-heading\">\u0930\u0926\u094d\u0926\u0940\u0915\u0930\u0923 \u0928\u0940\u0924\u093f<\/h1>\n\n\n\n<p>\u0938\u092d\u0940 \u092a\u094d\u0930\u0924\u093f\u092d\u093e\u0917\u093f\u092f\u094b\u0902 \u0915\u0947 \u0932\u093f\u090f \u090f\u0915 \u0938\u094d\u092a\u0937\u094d\u091f \u0914\u0930 \u0928\u093f\u0937\u094d\u092a\u0915\u094d\u0937 \u0906\u0927\u093e\u0930 \u0938\u0941\u0928\u093f\u0936\u094d\u091a\u093f\u0924 \u0915\u0930\u0928\u0947 \u0915\u0947 \u0932\u093f\u090f, \u0939\u092e\u093e\u0930\u0947 \u092a\u093e\u0920\u094d\u092f\u0915\u094d\u0930\u092e\u094b\u0902 \u0914\u0930 \u0915\u093e\u0930\u094d\u092f\u0915\u094d\u0930\u092e\u094b\u0902 \u092a\u0930 \u0928\u093f\u092e\u094d\u0928\u0932\u093f\u0916\u093f\u0924 \u0930\u0926\u094d\u0926\u0940\u0915\u0930\u0923 \u0928\u0940\u0924\u093f \u0932\u093e\u0917\u0942 \u0939\u094b\u0924\u0940 \u0939\u0948\u0964 \u092f\u0939 \u0928\u0940\u0924\u093f \u092a\u0902\u091c\u0940\u0915\u0930\u0923 \u0930\u0926\u094d\u0926 \u0915\u0930\u0928\u0947 \u0914\u0930 \u092a\u0939\u0932\u0947 \u0938\u0947 \u0915\u093f\u090f \u0917\u090f \u092d\u0941\u0917\u0924\u093e\u0928\u094b\u0902 \u0915\u0947 \u092a\u094d\u0930\u092c\u0902\u0927\u0928 \u0915\u094b \u0928\u093f\u092f\u0902\u0924\u094d\u0930\u093f\u0924 \u0915\u0930\u0924\u0940 \u0939\u0948\u0964 \u0915\u0943\u092a\u092f\u093e \u0928\u0940\u0924\u093f \u0915\u094b \u0927\u094d\u092f\u093e\u0928\u092a\u0942\u0930\u094d\u0935\u0915 \u092a\u0922\u093c\u0947\u0902\u0964.<\/p>\n\n\n\n<h2 class=\"wp-block-heading\"><strong>1. \u092a\u094d\u0930\u0924\u093f\u092d\u093e\u0917\u0940 \u0926\u094d\u0935\u093e\u0930\u093e \u0930\u0926\u094d\u0926\u0940\u0915\u0930\u0923<\/strong><\/h2>\n\n\n\n<p>\u092f\u0926\u093f \u0906\u092a \u0905\u092a\u0928\u093e \u092a\u0902\u091c\u0940\u0915\u0930\u0923 \u0930\u0926\u094d\u0926 \u0915\u0930\u0928\u093e \u091a\u093e\u0939\u0924\u0947 \u0939\u0948\u0902, \u0924\u094b \u0915\u0943\u092a\u092f\u093e \u0939\u092e\u0947\u0902 \u0932\u093f\u0916\u093f\u0924 \u0930\u0942\u092a \u0938\u0947 \u0938\u0942\u091a\u093f\u0924 \u0915\u0930\u0947\u0902 (\u0908\u092e\u0947\u0932 \u092f\u093e \u092a\u0924\u094d\u0930 \u0926\u094d\u0935\u093e\u0930\u093e)\u0964 \u0930\u0926\u094d\u0926\u0940\u0915\u0930\u0923 \u0928\u0940\u0924\u093f \u0907\u0938 \u092a\u094d\u0930\u0915\u093e\u0930 \u0939\u0948:<\/p>\n\n\n\n<p>\u2022 <strong>\u092a\u093e\u0920\u094d\u092f\u0915\u094d\u0930\u092e \u0936\u0941\u0930\u0942 \u0939\u094b\u0928\u0947 \u0938\u0947 30 \u0926\u093f\u0928 \u092a\u0939\u0932\u0947 \u0924\u0915<\/strong>\u092a\u093e\u0920\u094d\u092f\u0915\u094d\u0930\u092e \u0936\u0941\u0930\u0942 \u0939\u094b\u0928\u0947 \u0938\u0947 \u0915\u092e \u0938\u0947 \u0915\u092e 30 \u0926\u093f\u0928 \u092a\u0939\u0932\u0947 \u0930\u0926\u094d\u0926\u0940\u0915\u0930\u0923 \u092a\u094d\u0930\u093e\u092a\u094d\u0924 \u0939\u094b\u0928\u0947 \u092a\u0930, \u0939\u092e 10 % \u0915\u0947 \u092a\u094d\u0930\u0938\u0902\u0938\u094d\u0915\u0930\u0923 \u0936\u0941\u0932\u094d\u0915 \u0915\u094b \u0918\u091f\u093e\u0915\u0930, \u092d\u0941\u0917\u0924\u093e\u0928 \u0915\u093f\u092f\u093e \u0917\u092f\u093e \u092a\u0942\u0930\u093e \u092a\u093e\u0920\u094d\u092f\u0915\u094d\u0930\u092e \u0936\u0941\u0932\u094d\u0915 \u0935\u093e\u092a\u0938 \u0915\u0930 \u0926\u0947\u0902\u0917\u0947\u0964.<\/p>\n\n\n\n<p>\u2022 <strong>\u092a\u093e\u0920\u094d\u092f\u0915\u094d\u0930\u092e \u0936\u0941\u0930\u0942 \u0939\u094b\u0928\u0947 \u0938\u0947 29 \u0938\u0947 14 \u0926\u093f\u0928 \u092a\u0939\u0932\u0947 \u0924\u0915<\/strong>\u092a\u093e\u0920\u094d\u092f\u0915\u094d\u0930\u092e \u0936\u0941\u0930\u0942 \u0939\u094b\u0928\u0947 \u0938\u0947 29 \u0938\u0947 14 \u0926\u093f\u0928 \u092a\u0939\u0932\u0947 \u092a\u094d\u0930\u093e\u092a\u094d\u0924 \u0930\u0926\u094d\u0926\u0940\u0915\u0930\u0923 \u0915\u0947 \u0932\u093f\u090f, \u0939\u092e \u092a\u093e\u0920\u094d\u092f\u0915\u094d\u0930\u092e \u0936\u0941\u0932\u094d\u0915 \u0915\u093e 50 % \u0935\u093e\u092a\u0938 \u0915\u0930 \u0926\u0947\u0902\u0917\u0947\u0964.<\/p>\n\n\n\n<p>\u2022 <strong>\u092a\u093e\u0920\u094d\u092f\u0915\u094d\u0930\u092e \u0936\u0941\u0930\u0942 \u0939\u094b\u0928\u0947 \u0938\u0947 14 \u0926\u093f\u0928 \u0938\u0947 \u0915\u092e \u0938\u092e\u092f \u092a\u0939\u0932\u0947<\/strong>\u092a\u093e\u0920\u094d\u092f\u0915\u094d\u0930\u092e \u0936\u0941\u0930\u0942 \u0939\u094b\u0928\u0947 \u0938\u0947 14 \u0926\u093f\u0928 \u0938\u0947 \u0915\u092e \u0938\u092e\u092f \u092a\u0939\u0932\u0947 \u0930\u0926\u094d\u0926\u0940\u0915\u0930\u0923 \u092a\u094d\u0930\u093e\u092a\u094d\u0924 \u0939\u094b\u0928\u0947 \u092a\u0930, \u092a\u093e\u0920\u094d\u092f\u0915\u094d\u0930\u092e \u0936\u0941\u0932\u094d\u0915 \u0935\u093e\u092a\u0938 \u0928\u0939\u0940\u0902 \u0915\u093f\u092f\u093e \u091c\u093e\u090f\u0917\u093e, \u0915\u094d\u092f\u094b\u0902\u0915\u093f \u0906\u092e\u0924\u094c\u0930 \u092a\u0930 \u0938\u094d\u0925\u093e\u0928\u094b\u0902 \u0915\u094b \u092a\u0941\u0928\u0903 \u0906\u0935\u0902\u091f\u093f\u0924 \u0928\u0939\u0940\u0902 \u0915\u093f\u092f\u093e \u091c\u093e \u0938\u0915\u0924\u093e \u0939\u0948\u0964.<\/p>\n\n\n\n<h2 class=\"wp-block-heading\"><strong>2. \u092a\u0941\u0928\u0903 \u092c\u0941\u0915\u093f\u0902\u0917<\/strong><\/h2>\n\n\n\n<p>\u0915\u094b\u0930\u094d\u0938 \u0936\u0941\u0930\u0942 \u0939\u094b\u0928\u0947 \u0924\u0915 \u0915\u093f\u0938\u0940 \u092a\u094d\u0930\u0924\u093f\u092d\u093e\u0917\u0940 \u0915\u0940 \u092a\u0941\u0928\u0903 \u092c\u0941\u0915\u093f\u0902\u0917 \u092f\u093e \u0909\u0938\u0915\u0940 \u091c\u0917\u0939 \u0915\u093f\u0938\u0940 \u0905\u0928\u094d\u092f \u092a\u094d\u0930\u0924\u093f\u092d\u093e\u0917\u0940 \u0915\u094b \u0936\u093e\u092e\u093f\u0932 \u0915\u0930\u0928\u093e \u0938\u0902\u092d\u0935 \u0939\u0948\u0964 \u092f\u0926\u093f \u0906\u092a \u0905\u092a\u0928\u0940 \u092d\u093e\u0917\u0940\u0926\u093e\u0930\u0940 \u0915\u094b \u092c\u093e\u0926 \u0915\u0940 \u0915\u093f\u0938\u0940 \u0924\u093f\u0925\u093f \u0915\u0947 \u0932\u093f\u090f \u092a\u0941\u0928\u0930\u094d\u0928\u093f\u0930\u094d\u0927\u093e\u0930\u093f\u0924 \u0915\u0930\u0928\u093e \u091a\u093e\u0939\u0924\u0947 \u0939\u0948\u0902, \u0924\u094b \u092f\u0939 \u0915\u094b\u0930\u094d\u0938 \u0936\u0941\u0930\u0942 \u0939\u094b\u0928\u0947 \u0915\u0940 \u092e\u0942\u0932 \u0924\u093f\u0925\u093f \u0938\u0947 14 \u0926\u093f\u0928 \u092a\u0939\u0932\u0947 \u0924\u0915 \u0928\u093f\u0903\u0936\u0941\u0932\u094d\u0915 \u0939\u0948; \u0905\u0928\u094d\u092f\u0925\u093e, \u092e\u093e\u0928\u0915 \u0930\u0926\u094d\u0926\u0940\u0915\u0930\u0923 \u0928\u0940\u0924\u093f \u0932\u093e\u0917\u0942 \u0939\u094b\u0917\u0940\u0964.<\/p>\n\n\n\n<h2 class=\"wp-block-heading\"><strong>3. \u092a\u094d\u0930\u0926\u093e\u0924\u093e \u0926\u094d\u0935\u093e\u0930\u093e \u0930\u0926\u094d\u0926\u0940\u0915\u0930\u0923<\/strong><\/h2>\n\n\n\n<p>\u0905\u0938\u093e\u0927\u093e\u0930\u0923 \u092e\u093e\u092e\u0932\u094b\u0902 \u092e\u0947\u0902, \u0939\u092e\u0947\u0902 \u0915\u094b\u0908 \u0915\u094b\u0930\u094d\u0938 \u0930\u0926\u094d\u0926 \u0915\u0930\u0928\u093e \u092a\u0921\u093c \u0938\u0915\u0924\u093e \u0939\u0948 (\u091c\u0948\u0938\u0947, \u0905\u092a\u0930\u094d\u092f\u093e\u092a\u094d\u0924 \u0928\u093e\u092e\u093e\u0902\u0915\u0928, \u092a\u094d\u0930\u0936\u093f\u0915\u094d\u0937\u0915 \u0915\u0940 \u092c\u0940\u092e\u093e\u0930\u0940, \u092f\u093e \u0915\u093f\u0938\u0940 \u0905\u092a\u094d\u0930\u0924\u094d\u092f\u093e\u0936\u093f\u0924 \u0918\u091f\u0928\u093e \u0915\u0947 \u0915\u093e\u0930\u0923)\u0964 \u0910\u0938\u0940 \u0938\u094d\u0925\u093f\u0924\u093f \u092e\u0947\u0902, \u0939\u092e \u092a\u0942\u0930\u0940 \u0915\u094b\u0930\u094d\u0938 \u092b\u0940\u0938 \u0935\u093e\u092a\u0938 \u0915\u0930 \u0926\u0947\u0902\u0917\u0947 \u092f\u093e \u0906\u092a\u0915\u094b \u0915\u093f\u0938\u0940 \u0905\u0928\u094d\u092f \u0924\u093f\u0925\u093f \u092a\u0930 \u092d\u093e\u0917 \u0932\u0947\u0928\u0947 \u0915\u093e \u0905\u0935\u0938\u0930 \u0926\u0947\u0902\u0917\u0947\u0964.<\/p>\n\n\n\n<h2 class=\"wp-block-heading\"><strong>4. \u0905\u092a\u094d\u0930\u0924\u094d\u092f\u093e\u0936\u093f\u0924 \u0918\u091f\u0928\u093e<\/strong><\/h2>\n\n\n\n<p>\u0905\u092a\u094d\u0930\u0924\u094d\u092f\u093e\u0936\u093f\u0924 \u0918\u091f\u0928\u093e (\u091c\u0948\u0938\u0947, \u092a\u094d\u0930\u093e\u0915\u0943\u0924\u093f\u0915 \u0906\u092a\u0926\u093e\u090f\u0901, \u092e\u0939\u093e\u092e\u093e\u0930\u0940, \u0930\u093e\u091c\u0928\u0940\u0924\u093f\u0915 \u0905\u0936\u093e\u0902\u0924\u093f) \u0915\u0940 \u0938\u094d\u0925\u093f\u0924\u093f \u092e\u0947\u0902, \u0939\u092e \u092a\u093e\u0920\u094d\u092f\u0915\u094d\u0930\u092e \u0915\u094b \u0930\u0926\u094d\u0926 \u092f\u093e \u0938\u094d\u0925\u0917\u093f\u0924 \u0915\u0930\u0928\u0947 \u0915\u093e \u0905\u0927\u093f\u0915\u093e\u0930 \u0938\u0941\u0930\u0915\u094d\u0937\u093f\u0924 \u0930\u0916\u0924\u0947 \u0939\u0948\u0902\u0964 \u0910\u0938\u0940 \u0938\u094d\u0925\u093f\u0924\u093f \u092e\u0947\u0902, \u0939\u092e \u092d\u0941\u0917\u0924\u093e\u0928 \u0915\u0940 \u0917\u0908 \u092a\u093e\u0920\u094d\u092f\u0915\u094d\u0930\u092e \u092b\u0940\u0938 \u0935\u093e\u092a\u0938 \u0915\u0930 \u0926\u0947\u0902\u0917\u0947 \u092f\u093e \u0906\u092a\u0915\u094b \u092c\u093e\u0926 \u092e\u0947\u0902 \u092d\u093e\u0917 \u0932\u0947\u0928\u0947 \u0915\u093e \u0905\u0935\u0938\u0930 \u092a\u094d\u0930\u0926\u093e\u0928 \u0915\u0930\u0947\u0902\u0917\u0947\u0964.<\/p>\n\n\n\n<h2 class=\"wp-block-heading\"><strong>5. \u0905\u0927\u093f\u0915 \u091c\u093e\u0928\u0915\u093e\u0930\u0940<\/strong><\/h2>\n\n\n\n<p>\u0939\u092e\u093e\u0930\u0940 \u0930\u0926\u094d\u0926\u0940\u0915\u0930\u0923 \u0928\u0940\u0924\u093f \u0915\u0947 \u092c\u093e\u0930\u0947 \u092e\u0947\u0902 \u0905\u0927\u093f\u0915 \u091c\u093e\u0928\u0915\u093e\u0930\u0940 \u092f\u093e \u092a\u094d\u0930\u0936\u094d\u0928\u094b\u0902 \u0915\u0947 \u0932\u093f\u090f, \u0915\u0943\u092a\u092f\u093e \u0915\u093f\u0938\u0940 \u092d\u0940 \u0938\u092e\u092f \u0939\u092e\u0938\u0947 \u0938\u0902\u092a\u0930\u094d\u0915 \u0915\u0930\u0947\u0902\u0964 \u0939\u092e\u0947\u0902 \u0906\u092a\u0915\u0940 \u0915\u093f\u0938\u0940 \u092d\u0940 \u0938\u092e\u0938\u094d\u092f\u093e \u092e\u0947\u0902 \u0938\u0939\u093e\u092f\u0924\u093e \u0915\u0930\u0928\u0947 \u092e\u0947\u0902 \u0916\u0941\u0936\u0940 \u0939\u094b\u0917\u0940\u0964.<\/p>\n\n\n\n<p>\u0906\u092a\u0915\u0940 \u0938\u092e\u091d \u0915\u0947 \u0932\u093f\u090f \u0927\u0928\u094d\u092f\u0935\u093e\u0926 \u0914\u0930 \u0939\u092e \u0906\u092a\u0915\u094b \u0939\u092e\u093e\u0930\u0947 \u092a\u093e\u0920\u094d\u092f\u0915\u094d\u0930\u092e\u094b\u0902 \u092e\u0947\u0902 \u0938\u094d\u0935\u093e\u0917\u0924 \u0915\u0930\u0928\u0947 \u0915\u0947 \u0932\u093f\u090f \u0924\u0924\u094d\u092a\u0930 \u0939\u0948\u0902!<\/p>","protected":false},"excerpt":{"rendered":"<p>Stornierungsbedingungen Um eine klare und faire Grundlage f\u00fcr alle Teilnehmer zu gew\u00e4hrleisten, gelten die folgenden Stornobedingungen f\u00fcr unsere Kurse und Veranstaltungen. Diese Bedingungen regeln die Stornierung von Anmeldungen und den Umgang mit bereits geleisteten Zahlungen. Bitte lesen Sie die Bedingungen sorgf\u00e4ltig durch. 1. Stornierung durch den Teilnehmer Wenn Sie Ihre Anmeldung stornieren m\u00f6chten, bitten wir [&hellip;]<\/p>\n","protected":false},"author":1,"featured_media":0,"parent":0,"menu_order":0,"comment_status":"closed","ping_status":"closed","template":"","meta":{"footnotes":""},"class_list":["post-494","page","type-page","status-publish","hentry"],"yoast_head":"<!-- This site is optimized with the Yoast SEO plugin v27.4 - https:\/\/yoast.com\/product\/yoast-seo-wordpress\/ -->\n<title>Stornierungsbedingungen | Erste Hilfe Schule Berlin<\/title>\n<meta name=\"description\" content=\"Erfahren Sie mehr \u00fcber die Stornierungsbedingungen unserer Erste Hilfe Kurse. Wir bieten faire Regelungen f\u00fcr Ihre Buchung.\" \/>\n<meta name=\"robots\" content=\"index, follow, max-snippet:-1, max-image-preview:large, max-video-preview:-1\" \/>\n<link rel=\"canonical\" href=\"https:\/\/www.erstehilfeschuleberlin.de\/hi\/stornierungsbedingungen\/\" \/>\n<meta property=\"og:locale\" content=\"hi_IN\" \/>\n<meta property=\"og:type\" content=\"article\" \/>\n<meta property=\"og:title\" content=\"Stornierungsbedingungen | Erste Hilfe Schule Berlin\" \/>\n<meta property=\"og:description\" content=\"Erfahren Sie mehr \u00fcber die Stornierungsbedingungen unserer Erste Hilfe Kurse. Wir bieten faire Regelungen f\u00fcr Ihre Buchung.\" \/>\n<meta property=\"og:url\" content=\"https:\/\/www.erstehilfeschuleberlin.de\/hi\/stornierungsbedingungen\/\" \/>\n<meta property=\"og:site_name\" content=\"Erste Hilfe Schule Berlin\" \/>\n<meta property=\"article:publisher\" content=\"https:\/\/www.facebook.com\/christina.maddocks\/\" \/>\n<meta property=\"article:modified_time\" content=\"2025-01-15T09:52:14+00:00\" \/>\n<meta name=\"twitter:card\" content=\"summary_large_image\" \/>\n<meta name=\"twitter:label1\" content=\"\u0905\u0928\u0941\u092e\u093e\u0928\u093f\u0924 \u092a\u0922\u093c\u0928\u0947 \u0915\u093e \u0938\u092e\u092f\" \/>\n\t<meta name=\"twitter:data1\" content=\"2 \u092e\u093f\u0928\u091f\" \/>\n<script type=\"application\/ld+json\" class=\"yoast-schema-graph\">{\"@context\":\"https:\\\/\\\/schema.org\",\"@graph\":[{\"@type\":\"WebPage\",\"@id\":\"https:\\\/\\\/www.erstehilfeschuleberlin.de\\\/stornierungsbedingungen\\\/\",\"url\":\"https:\\\/\\\/www.erstehilfeschuleberlin.de\\\/stornierungsbedingungen\\\/\",\"name\":\"Stornierungsbedingungen | Erste Hilfe Schule Berlin\",\"isPartOf\":{\"@id\":\"https:\\\/\\\/www.erstehilfeschuleberlin.de\\\/#website\"},\"datePublished\":\"2024-11-14T15:08:56+00:00\",\"dateModified\":\"2025-01-15T09:52:14+00:00\",\"description\":\"Erfahren Sie mehr \u00fcber die Stornierungsbedingungen unserer Erste Hilfe Kurse. Wir bieten faire Regelungen f\u00fcr Ihre Buchung.\",\"breadcrumb\":{\"@id\":\"https:\\\/\\\/www.erstehilfeschuleberlin.de\\\/stornierungsbedingungen\\\/#breadcrumb\"},\"inLanguage\":\"hi-IN\",\"potentialAction\":[{\"@type\":\"ReadAction\",\"target\":[\"https:\\\/\\\/www.erstehilfeschuleberlin.de\\\/stornierungsbedingungen\\\/\"]}]},{\"@type\":\"BreadcrumbList\",\"@id\":\"https:\\\/\\\/www.erstehilfeschuleberlin.de\\\/stornierungsbedingungen\\\/#breadcrumb\",\"itemListElement\":[{\"@type\":\"ListItem\",\"position\":1,\"name\":\"Startseite\",\"item\":\"https:\\\/\\\/www.erstehilfeschuleberlin.de\\\/\"},{\"@type\":\"ListItem\",\"position\":2,\"name\":\"Stornierungsbedingungen\"}]},{\"@type\":\"WebSite\",\"@id\":\"https:\\\/\\\/www.erstehilfeschuleberlin.de\\\/#website\",\"url\":\"https:\\\/\\\/www.erstehilfeschuleberlin.de\\\/\",\"name\":\"Erste Hilfe Schule Berlin\",\"description\":\"\",\"publisher\":{\"@id\":\"https:\\\/\\\/www.erstehilfeschuleberlin.de\\\/#organization\"},\"potentialAction\":[{\"@type\":\"SearchAction\",\"target\":{\"@type\":\"EntryPoint\",\"urlTemplate\":\"https:\\\/\\\/www.erstehilfeschuleberlin.de\\\/?s={search_term_string}\"},\"query-input\":{\"@type\":\"PropertyValueSpecification\",\"valueRequired\":true,\"valueName\":\"search_term_string\"}}],\"inLanguage\":\"hi-IN\"},{\"@type\":\"Organization\",\"@id\":\"https:\\\/\\\/www.erstehilfeschuleberlin.de\\\/#organization\",\"name\":\"Erste Hilfe Schule Berlin GmbH\",\"url\":\"https:\\\/\\\/www.erstehilfeschuleberlin.de\\\/\",\"logo\":{\"@type\":\"ImageObject\",\"inLanguage\":\"hi-IN\",\"@id\":\"https:\\\/\\\/www.erstehilfeschuleberlin.de\\\/#\\\/schema\\\/logo\\\/image\\\/\",\"url\":\"https:\\\/\\\/www.erstehilfeschuleberlin.de\\\/wp-content\\\/uploads\\\/2024\\\/11\\\/Erste-Hilfe-Schule-logo-e1731399170464.png\",\"contentUrl\":\"https:\\\/\\\/www.erstehilfeschuleberlin.de\\\/wp-content\\\/uploads\\\/2024\\\/11\\\/Erste-Hilfe-Schule-logo-e1731399170464.png\",\"width\":1256,\"height\":380,\"caption\":\"Erste Hilfe Schule Berlin GmbH\"},\"image\":{\"@id\":\"https:\\\/\\\/www.erstehilfeschuleberlin.de\\\/#\\\/schema\\\/logo\\\/image\\\/\"},\"sameAs\":[\"https:\\\/\\\/www.facebook.com\\\/christina.maddocks\\\/\",\"https:\\\/\\\/www.instagram.com\\\/christina.maddocks\\\/\",\"https:\\\/\\\/www.youtube.com\\\/@nursemaddocks\"]}]}<\/script>\n<!-- \/ Yoast SEO plugin. -->","yoast_head_json":{"title":"Stornierungsbedingungen | Erste Hilfe Schule Berlin","description":"Erfahren Sie mehr \u00fcber die Stornierungsbedingungen unserer Erste Hilfe Kurse. Wir bieten faire Regelungen f\u00fcr Ihre Buchung.","robots":{"index":"index","follow":"follow","max-snippet":"max-snippet:-1","max-image-preview":"max-image-preview:large","max-video-preview":"max-video-preview:-1"},"canonical":"https:\/\/www.erstehilfeschuleberlin.de\/hi\/stornierungsbedingungen\/","og_locale":"hi_IN","og_type":"article","og_title":"Stornierungsbedingungen | Erste Hilfe Schule Berlin","og_description":"Erfahren Sie mehr \u00fcber die Stornierungsbedingungen unserer Erste Hilfe Kurse. Wir bieten faire Regelungen f\u00fcr Ihre Buchung.","og_url":"https:\/\/www.erstehilfeschuleberlin.de\/hi\/stornierungsbedingungen\/","og_site_name":"Erste Hilfe Schule Berlin","article_publisher":"https:\/\/www.facebook.com\/christina.maddocks\/","article_modified_time":"2025-01-15T09:52:14+00:00","twitter_card":"summary_large_image","twitter_misc":{"\u0905\u0928\u0941\u092e\u093e\u0928\u093f\u0924 \u092a\u0922\u093c\u0928\u0947 \u0915\u093e \u0938\u092e\u092f":"2 \u092e\u093f\u0928\u091f"},"schema":{"@context":"https:\/\/schema.org","@graph":[{"@type":"WebPage","@id":"https:\/\/www.erstehilfeschuleberlin.de\/stornierungsbedingungen\/","url":"https:\/\/www.erstehilfeschuleberlin.de\/stornierungsbedingungen\/","name":"Stornierungsbedingungen | Erste Hilfe Schule Berlin","isPartOf":{"@id":"https:\/\/www.erstehilfeschuleberlin.de\/#website"},"datePublished":"2024-11-14T15:08:56+00:00","dateModified":"2025-01-15T09:52:14+00:00","description":"Erfahren Sie mehr \u00fcber die Stornierungsbedingungen unserer Erste Hilfe Kurse. Wir bieten faire Regelungen f\u00fcr Ihre Buchung.","breadcrumb":{"@id":"https:\/\/www.erstehilfeschuleberlin.de\/stornierungsbedingungen\/#breadcrumb"},"inLanguage":"hi-IN","potentialAction":[{"@type":"ReadAction","target":["https:\/\/www.erstehilfeschuleberlin.de\/stornierungsbedingungen\/"]}]},{"@type":"BreadcrumbList","@id":"https:\/\/www.erstehilfeschuleberlin.de\/stornierungsbedingungen\/#breadcrumb","itemListElement":[{"@type":"ListItem","position":1,"name":"Startseite","item":"https:\/\/www.erstehilfeschuleberlin.de\/"},{"@type":"ListItem","position":2,"name":"Stornierungsbedingungen"}]},{"@type":"WebSite","@id":"https:\/\/www.erstehilfeschuleberlin.de\/#website","url":"https:\/\/www.erstehilfeschuleberlin.de\/","name":"\u092a\u094d\u0930\u093e\u0925\u092e\u093f\u0915 \u091a\u093f\u0915\u093f\u0924\u094d\u0938\u093e \u0935\u093f\u0926\u094d\u092f\u093e\u0932\u092f \u092c\u0930\u094d\u0932\u093f\u0928","description":"","publisher":{"@id":"https:\/\/www.erstehilfeschuleberlin.de\/#organization"},"potentialAction":[{"@type":"SearchAction","target":{"@type":"EntryPoint","urlTemplate":"https:\/\/www.erstehilfeschuleberlin.de\/?s={search_term_string}"},"query-input":{"@type":"PropertyValueSpecification","valueRequired":true,"valueName":"search_term_string"}}],"inLanguage":"hi-IN"},{"@type":"Organization","@id":"https:\/\/www.erstehilfeschuleberlin.de\/#organization","name":"\u092b\u0930\u094d\u0938\u094d\u091f \u090f\u0921 \u0938\u094d\u0915\u0942\u0932 \u092c\u0930\u094d\u0932\u093f\u0928 GmbH","url":"https:\/\/www.erstehilfeschuleberlin.de\/","logo":{"@type":"ImageObject","inLanguage":"hi-IN","@id":"https:\/\/www.erstehilfeschuleberlin.de\/#\/schema\/logo\/image\/","url":"https:\/\/www.erstehilfeschuleberlin.de\/wp-content\/uploads\/2024\/11\/Erste-Hilfe-Schule-logo-e1731399170464.png","contentUrl":"https:\/\/www.erstehilfeschuleberlin.de\/wp-content\/uploads\/2024\/11\/Erste-Hilfe-Schule-logo-e1731399170464.png","width":1256,"height":380,"caption":"Erste Hilfe Schule Berlin GmbH"},"image":{"@id":"https:\/\/www.erstehilfeschuleberlin.de\/#\/schema\/logo\/image\/"},"sameAs":["https:\/\/www.facebook.com\/christina.maddocks\/","https:\/\/www.instagram.com\/christina.maddocks\/","https:\/\/www.youtube.com\/@nursemaddocks"]}]}},"_links":{"self":[{"href":"https:\/\/www.erstehilfeschuleberlin.de\/hi\/wp-json\/wp\/v2\/pages\/494","targetHints":{"allow":["GET"]}}],"collection":[{"href":"https:\/\/www.erstehilfeschuleberlin.de\/hi\/wp-json\/wp\/v2\/pages"}],"about":[{"href":"https:\/\/www.erstehilfeschuleberlin.de\/hi\/wp-json\/wp\/v2\/types\/page"}],"author":[{"embeddable":true,"href":"https:\/\/www.erstehilfeschuleberlin.de\/hi\/wp-json\/wp\/v2\/users\/1"}],"replies":[{"embeddable":true,"href":"https:\/\/www.erstehilfeschuleberlin.de\/hi\/wp-json\/wp\/v2\/comments?post=494"}],"version-history":[{"count":3,"href":"https:\/\/www.erstehilfeschuleberlin.de\/hi\/wp-json\/wp\/v2\/pages\/494\/revisions"}],"predecessor-version":[{"id":1883,"href":"https:\/\/www.erstehilfeschuleberlin.de\/hi\/wp-json\/wp\/v2\/pages\/494\/revisions\/1883"}],"wp:attachment":[{"href":"https:\/\/www.erstehilfeschuleberlin.de\/hi\/wp-json\/wp\/v2\/media?parent=494"}],"curies":[{"name":"wp","href":"https:\/\/api.w.org\/{rel}","templated":true}]}}