
{"id":498,"date":"2024-11-14T15:18:20","date_gmt":"2024-11-14T15:18:20","guid":{"rendered":"https:\/\/staging22.invictus-lead-generation.com\/?page_id=498"},"modified":"2025-01-15T09:44:28","modified_gmt":"2025-01-15T09:44:28","slug":"datenschutz","status":"publish","type":"page","link":"https:\/\/www.erstehilfeschuleberlin.de\/es\/datenschutz\/","title":{"rendered":"Protecci\u00f3n de datos"},"content":{"rendered":"<div style=\"height:100px\" aria-hidden=\"true\" class=\"wp-block-spacer\"><\/div>\n\n\n\n<h1 class=\"wp-block-heading\">Escuela de Primeros Auxilios Christina Maddocks GmbH Pol\u00edtica de privacidad<\/h1>\n\n\n\n<p><br>La presente Pol\u00edtica de Privacidad describe c\u00f3mo se recogen, utilizan y comparten sus datos personales cuando utiliza www.erstehilfeschuleberlin.de (el \u201eSitio Web\u201c).<\/p>\n\n\n\n<p><br>DATOS PERSONALES RECOGIDOS POR NOSOTROS<br>Cuando visita el sitio web, recopilamos autom\u00e1ticamente determinada informaci\u00f3n sobre su dispositivo, incluida informaci\u00f3n sobre el navegador web, la direcci\u00f3n IP, la zona horaria y algunas de las cookies instaladas en su dispositivo. Cuando navega por el sitio web, tambi\u00e9n recopilamos informaci\u00f3n sobre las p\u00e1ginas web individuales o los productos que ve, los sitios web o los t\u00e9rminos de b\u00fasqueda que le llevaron al sitio web e informaci\u00f3n sobre c\u00f3mo interact\u00faa con el sitio web. Nos referimos a esta informaci\u00f3n recopilada autom\u00e1ticamente como \u201eInformaci\u00f3n del dispositivo\".<\/p>\n\n\n\n<p>Recopilamos informaci\u00f3n del dispositivo utilizando las siguientes tecnolog\u00edas:<\/p>\n\n\n\n<ul class=\"wp-block-list\">\n<li>\u201eLas \u201ccookies\" son archivos de datos que se almacenan en un dispositivo u ordenador y suelen contener un identificador \u00fanico an\u00f3nimo.<br>Encontrar\u00e1 m\u00e1s informaci\u00f3n sobre las cookies y c\u00f3mo desactivarlas en http:\/\/www.allaboutcookies.org.<\/li>\n\n\n\n<li>\u201eLos \u201carchivos de registro\" registran las acciones realizadas en el sitio web y recogen datos como la direcci\u00f3n IP, el tipo de navegador, el proveedor de servicios de Internet, las p\u00e1ginas de referencia\/salida y los sellos de fecha\/hora.<\/li>\n\n\n\n<li>\u201eLas \u201cbalizas web\u201e, \u201cetiquetas\u201e y \u201cp\u00edxeles\" son archivos electr\u00f3nicos que recogen informaci\u00f3n sobre su navegaci\u00f3n por el sitio web. Cuando realiza una compra o intenta realizar una compra en el sitio web, tambi\u00e9n recopilamos cierta informaci\u00f3n sobre usted. Esto incluye<br>incluye el nombre, la direcci\u00f3n de facturaci\u00f3n, la direcci\u00f3n de env\u00edo, la informaci\u00f3n de pago (incluidos los n\u00fameros de tarjeta de cr\u00e9dito), la direcci\u00f3n de correo electr\u00f3nico y el n\u00famero de tel\u00e9fono. Nos referimos a esta informaci\u00f3n como \u201einformaci\u00f3n del pedido\u201c.<\/li>\n<\/ul>\n\n\n\n<p>En esta pol\u00edtica de privacidad, \u201edatos personales\u201c se refiere tanto a la informaci\u00f3n del dispositivo como a la informaci\u00f3n del pedido.<\/p>\n\n\n\n<h2 class=\"wp-block-heading\">\u00bfC\u00d3MO UTILIZAMOS SUS DATOS PERSONALES?<\/h2>\n\n\n\n<p>Por lo general, utilizamos la informaci\u00f3n de pedidos que recopilamos para cumplir con los pedidos que recibimos a trav\u00e9s del Sitio (incluido el procesamiento de su informaci\u00f3n de pago, el env\u00edo y el env\u00edo de facturas y\/o confirmaciones de pedidos).<br><\/p>\n\n\n\n<p>Tambi\u00e9n utilizamos esta informaci\u00f3n del pedido para:<br>- Comunicaci\u00f3n con usted;<br>- Comprobar nuestros pedidos para detectar posibles riesgos o fraudes y facilitarle informaci\u00f3n o publicidad relacionada con nuestros productos o servicios, siempre que ello se ajuste a su configuraci\u00f3n de privacidad.<br><\/p>\n\n\n\n<p>Utilizamos la informaci\u00f3n del dispositivo que recopilamos para comprobar posibles riesgos y fraudes (en particular, su direcci\u00f3n IP) y, en general, para mejorar y optimizar nuestro sitio web (por ejemplo, analizando el comportamiento de navegaci\u00f3n de nuestros clientes y su interacci\u00f3n con el sitio web y para evaluar el \u00e9xito de nuestras campa\u00f1as de marketing y publicidad).<br><\/p>\n\n\n\n<h2 class=\"wp-block-heading\">DIVULGACI\u00d3N DE SUS DATOS PERSONALES<\/h2>\n\n\n\n<p>Compartimos sus datos personales con terceros que nos ayudan a utilizar sus datos personales seg\u00fan lo descrito anteriormente. Utilizamos Google Analytics para<br>comprender c\u00f3mo utilizan nuestros clientes el sitio web. Puede encontrar m\u00e1s informaci\u00f3n sobre c\u00f3mo Google utiliza sus datos personales aqu\u00ed: https:\/\/policies.google.com\/privacy?hl=de. Puede desactivar Google Analytics aqu\u00ed: https:\/\/tools.google.com\/dlpage\/gaoptout.<br><\/p>\n\n\n\n<p>Por \u00faltimo, tambi\u00e9n podemos compartir su informaci\u00f3n personal para cumplir con las leyes y reglamentos aplicables, para responder a una citaci\u00f3n, orden de registro u otra solicitud legal de informaci\u00f3n que recibamos, o para ejercer nuestros derechos en virtud de la legislaci\u00f3n aplicable.<br>de lo contrario.<br><br>Como se ha descrito anteriormente, utilizamos sus datos personales para ofrecerle publicidad dirigida o comunicaciones de marketing que creemos que pueden ser de su inter\u00e9s. M\u00e1s informaci\u00f3n sobre c\u00f3mo funciona la publicidad dirigida,<br>puede consultarse en la p\u00e1gina de informaci\u00f3n de la Network Advertising Initiative (\u201eNAI\u201c) en http:\/\/www.networkadvertising.org\/understanding-onlineadvertising\/how-does-it-work.<br>Puede desactivar los anuncios orientados aqu\u00ed:<br><br>FACEBOOK - https:\/\/www.facebook.com\/settings\/?tab=ads<br>GOOGLE - https:\/\/www.google.com\/settings\/ads\/anonymous<br>BING - https:\/\/advertise.bingads.microsoft.com\/en-us\/resources\/policies\/personalized-ads<br><\/p>\n\n\n\n<p>Adem\u00e1s, puede desactivar algunos de estos servicios a trav\u00e9s del portal de inhabilitaci\u00f3n de la Digital Advertising Alliance: http:\/\/optout.aboutads.info\/.<\/p>\n\n\n\n<p><br><strong>NO SEGUIR<br><\/strong>Tenga en cuenta que no modificamos los procedimientos de recogida y uso de datos de nuestro sitio web si recibimos una se\u00f1al \u201eDo NoTrack\u201c de su navegador.<br><\/p>\n\n\n\n<p><strong>SUS DERECHOS<br><\/strong>Si es usted residente europeo, tiene derecho a acceder a los datos personales que tenemos sobre usted y a solicitar que se corrijan, actualicen o supriman. Si desea ejercer este derecho, p\u00f3ngase en contacto con nosotros utilizando los datos de contacto que figuran a continuaci\u00f3n.<br><\/p>\n\n\n\n<p>Si se encuentra en Europa, tenga en cuenta tambi\u00e9n que podemos procesar su informaci\u00f3n para cumplir contratos con usted (por ejemplo, si realiza un pedido a trav\u00e9s del Sitio) o para perseguir nuestros intereses comerciales leg\u00edtimos enumerados anteriormente. Tenga en cuenta tambi\u00e9n que sus datos se transferir\u00e1n fuera de Europa, incluidos Canad\u00e1 y Estados Unidos.<br><\/p>\n\n\n\n<p><strong>CONSERVACI\u00d3N DE DATOS<br><\/strong>Si realiza un pedido a trav\u00e9s del sitio web, conservaremos la informaci\u00f3n de su pedido para nuestros registros, a menos que nos pida que eliminemos estos datos.<br><\/p>\n\n\n\n<p><strong>CAMBIOS<\/strong><br>Podemos cambiar esta Pol\u00edtica de Privacidad de vez en cuando para reflejar cambios en nuestras pr\u00e1cticas o por otras razones operativas, legales o reglamentarias.<br><\/p>\n\n\n\n<p><strong>CONTACTO<\/strong><br>Para obtener m\u00e1s informaci\u00f3n sobre nuestras pr\u00e1cticas de privacidad, si tiene alguna pregunta o si desea presentar una queja, p\u00f3ngase en contacto con nosotros por correo electr\u00f3nico en christina@erstehilfeschuleberlin.de o por correo postal en la direcci\u00f3n que figura a continuaci\u00f3n:<br>Adlergestell 129, Berl\u00edn, Berl\u00edn, 12439 , Alemania<\/p>\n\n\n\n<p><\/p>","protected":false},"excerpt":{"rendered":"<p>Erste Hilfe Schule Christina Maddocks GmbH Datenschutzerkl\u00e4rung In dieser Datenschutzerkl\u00e4rung wird beschrieben, wie Ihre personenbezogenen Daten erfasst, verwendet und weitergegeben werden, wenn Sie www.erstehilfeschuleberlin.de (die &#8222;Website&#8220;) nutzen. VON UNS ERFASSTE PERSONENBEZOGENE DATENWenn Sie die Website besuchen, erfassen wir automatisch bestimmte Informationen \u00fcber Ihr Ger\u00e4t, darunter Informationen zum Webbrowser, der IPAdresse, der Zeitzone und einigen der [&hellip;]<\/p>\n","protected":false},"author":1,"featured_media":0,"parent":0,"menu_order":0,"comment_status":"closed","ping_status":"closed","template":"","meta":{"footnotes":""},"class_list":["post-498","page","type-page","status-publish","hentry"],"yoast_head":"<!-- This site is optimized with the Yoast SEO plugin v27.4 - https:\/\/yoast.com\/product\/yoast-seo-wordpress\/ -->\n<title>Erste Hilfe Schule Datenschutzerkl\u00e4rung<\/title>\n<meta name=\"description\" content=\"Erste Hilfe Schule Christina Maddocks GmbH Datenschutzerkl\u00e4rung\" \/>\n<meta name=\"robots\" content=\"index, follow, max-snippet:-1, max-image-preview:large, max-video-preview:-1\" \/>\n<link rel=\"canonical\" href=\"https:\/\/www.erstehilfeschuleberlin.de\/es\/datenschutz\/\" \/>\n<meta property=\"og:locale\" content=\"es_ES\" \/>\n<meta property=\"og:type\" content=\"article\" \/>\n<meta property=\"og:title\" content=\"Erste Hilfe Schule Datenschutzerkl\u00e4rung\" \/>\n<meta property=\"og:description\" content=\"Erste Hilfe Schule Christina Maddocks GmbH Datenschutzerkl\u00e4rung\" \/>\n<meta property=\"og:url\" content=\"https:\/\/www.erstehilfeschuleberlin.de\/es\/datenschutz\/\" \/>\n<meta property=\"og:site_name\" content=\"Erste Hilfe Schule Berlin\" \/>\n<meta property=\"article:publisher\" content=\"https:\/\/www.facebook.com\/christina.maddocks\/\" \/>\n<meta property=\"article:modified_time\" content=\"2025-01-15T09:44:28+00:00\" \/>\n<meta name=\"twitter:card\" content=\"summary_large_image\" \/>\n<meta name=\"twitter:label1\" content=\"Tiempo de lectura\" \/>\n\t<meta name=\"twitter:data1\" content=\"5 minutos\" \/>\n<script type=\"application\/ld+json\" class=\"yoast-schema-graph\">{\"@context\":\"https:\\\/\\\/schema.org\",\"@graph\":[{\"@type\":\"WebPage\",\"@id\":\"https:\\\/\\\/www.erstehilfeschuleberlin.de\\\/datenschutz\\\/\",\"url\":\"https:\\\/\\\/www.erstehilfeschuleberlin.de\\\/datenschutz\\\/\",\"name\":\"Erste Hilfe Schule Datenschutzerkl\u00e4rung\",\"isPartOf\":{\"@id\":\"https:\\\/\\\/www.erstehilfeschuleberlin.de\\\/#website\"},\"datePublished\":\"2024-11-14T15:18:20+00:00\",\"dateModified\":\"2025-01-15T09:44:28+00:00\",\"description\":\"Erste Hilfe Schule Christina Maddocks GmbH Datenschutzerkl\u00e4rung\",\"breadcrumb\":{\"@id\":\"https:\\\/\\\/www.erstehilfeschuleberlin.de\\\/datenschutz\\\/#breadcrumb\"},\"inLanguage\":\"es\",\"potentialAction\":[{\"@type\":\"ReadAction\",\"target\":[\"https:\\\/\\\/www.erstehilfeschuleberlin.de\\\/datenschutz\\\/\"]}]},{\"@type\":\"BreadcrumbList\",\"@id\":\"https:\\\/\\\/www.erstehilfeschuleberlin.de\\\/datenschutz\\\/#breadcrumb\",\"itemListElement\":[{\"@type\":\"ListItem\",\"position\":1,\"name\":\"Startseite\",\"item\":\"https:\\\/\\\/www.erstehilfeschuleberlin.de\\\/\"},{\"@type\":\"ListItem\",\"position\":2,\"name\":\"Datenschutz\"}]},{\"@type\":\"WebSite\",\"@id\":\"https:\\\/\\\/www.erstehilfeschuleberlin.de\\\/#website\",\"url\":\"https:\\\/\\\/www.erstehilfeschuleberlin.de\\\/\",\"name\":\"Erste Hilfe Schule Berlin\",\"description\":\"\",\"publisher\":{\"@id\":\"https:\\\/\\\/www.erstehilfeschuleberlin.de\\\/#organization\"},\"potentialAction\":[{\"@type\":\"SearchAction\",\"target\":{\"@type\":\"EntryPoint\",\"urlTemplate\":\"https:\\\/\\\/www.erstehilfeschuleberlin.de\\\/?s={search_term_string}\"},\"query-input\":{\"@type\":\"PropertyValueSpecification\",\"valueRequired\":true,\"valueName\":\"search_term_string\"}}],\"inLanguage\":\"es\"},{\"@type\":\"Organization\",\"@id\":\"https:\\\/\\\/www.erstehilfeschuleberlin.de\\\/#organization\",\"name\":\"Erste Hilfe Schule Berlin GmbH\",\"url\":\"https:\\\/\\\/www.erstehilfeschuleberlin.de\\\/\",\"logo\":{\"@type\":\"ImageObject\",\"inLanguage\":\"es\",\"@id\":\"https:\\\/\\\/www.erstehilfeschuleberlin.de\\\/#\\\/schema\\\/logo\\\/image\\\/\",\"url\":\"https:\\\/\\\/www.erstehilfeschuleberlin.de\\\/wp-content\\\/uploads\\\/2024\\\/11\\\/Erste-Hilfe-Schule-logo-e1731399170464.png\",\"contentUrl\":\"https:\\\/\\\/www.erstehilfeschuleberlin.de\\\/wp-content\\\/uploads\\\/2024\\\/11\\\/Erste-Hilfe-Schule-logo-e1731399170464.png\",\"width\":1256,\"height\":380,\"caption\":\"Erste Hilfe Schule Berlin GmbH\"},\"image\":{\"@id\":\"https:\\\/\\\/www.erstehilfeschuleberlin.de\\\/#\\\/schema\\\/logo\\\/image\\\/\"},\"sameAs\":[\"https:\\\/\\\/www.facebook.com\\\/christina.maddocks\\\/\",\"https:\\\/\\\/www.instagram.com\\\/christina.maddocks\\\/\",\"https:\\\/\\\/www.youtube.com\\\/@nursemaddocks\"]}]}<\/script>\n<!-- \/ Yoast SEO plugin. -->","yoast_head_json":{"title":"Erste Hilfe Schule Datenschutzerkl\u00e4rung","description":"Escuela de Primeros Auxilios Christina Maddocks GmbH Pol\u00edtica de privacidad","robots":{"index":"index","follow":"follow","max-snippet":"max-snippet:-1","max-image-preview":"max-image-preview:large","max-video-preview":"max-video-preview:-1"},"canonical":"https:\/\/www.erstehilfeschuleberlin.de\/es\/datenschutz\/","og_locale":"es_ES","og_type":"article","og_title":"Erste Hilfe Schule Datenschutzerkl\u00e4rung","og_description":"Erste Hilfe Schule Christina Maddocks GmbH Datenschutzerkl\u00e4rung","og_url":"https:\/\/www.erstehilfeschuleberlin.de\/es\/datenschutz\/","og_site_name":"Erste Hilfe Schule Berlin","article_publisher":"https:\/\/www.facebook.com\/christina.maddocks\/","article_modified_time":"2025-01-15T09:44:28+00:00","twitter_card":"summary_large_image","twitter_misc":{"Tiempo de lectura":"5 minutos"},"schema":{"@context":"https:\/\/schema.org","@graph":[{"@type":"WebPage","@id":"https:\/\/www.erstehilfeschuleberlin.de\/datenschutz\/","url":"https:\/\/www.erstehilfeschuleberlin.de\/datenschutz\/","name":"Erste Hilfe Schule Datenschutzerkl\u00e4rung","isPartOf":{"@id":"https:\/\/www.erstehilfeschuleberlin.de\/#website"},"datePublished":"2024-11-14T15:18:20+00:00","dateModified":"2025-01-15T09:44:28+00:00","description":"Escuela de Primeros Auxilios Christina Maddocks GmbH Pol\u00edtica de privacidad","breadcrumb":{"@id":"https:\/\/www.erstehilfeschuleberlin.de\/datenschutz\/#breadcrumb"},"inLanguage":"es","potentialAction":[{"@type":"ReadAction","target":["https:\/\/www.erstehilfeschuleberlin.de\/datenschutz\/"]}]},{"@type":"BreadcrumbList","@id":"https:\/\/www.erstehilfeschuleberlin.de\/datenschutz\/#breadcrumb","itemListElement":[{"@type":"ListItem","position":1,"name":"Startseite","item":"https:\/\/www.erstehilfeschuleberlin.de\/"},{"@type":"ListItem","position":2,"name":"Datenschutz"}]},{"@type":"WebSite","@id":"https:\/\/www.erstehilfeschuleberlin.de\/#website","url":"https:\/\/www.erstehilfeschuleberlin.de\/","name":"Escuela de Primeros Auxilios de Berl\u00edn","description":"","publisher":{"@id":"https:\/\/www.erstehilfeschuleberlin.de\/#organization"},"potentialAction":[{"@type":"SearchAction","target":{"@type":"EntryPoint","urlTemplate":"https:\/\/www.erstehilfeschuleberlin.de\/?s={search_term_string}"},"query-input":{"@type":"PropertyValueSpecification","valueRequired":true,"valueName":"search_term_string"}}],"inLanguage":"es"},{"@type":"Organization","@id":"https:\/\/www.erstehilfeschuleberlin.de\/#organization","name":"Escuela de Primeros Auxilios Berlin GmbH","url":"https:\/\/www.erstehilfeschuleberlin.de\/","logo":{"@type":"ImageObject","inLanguage":"es","@id":"https:\/\/www.erstehilfeschuleberlin.de\/#\/schema\/logo\/image\/","url":"https:\/\/www.erstehilfeschuleberlin.de\/wp-content\/uploads\/2024\/11\/Erste-Hilfe-Schule-logo-e1731399170464.png","contentUrl":"https:\/\/www.erstehilfeschuleberlin.de\/wp-content\/uploads\/2024\/11\/Erste-Hilfe-Schule-logo-e1731399170464.png","width":1256,"height":380,"caption":"Erste Hilfe Schule Berlin GmbH"},"image":{"@id":"https:\/\/www.erstehilfeschuleberlin.de\/#\/schema\/logo\/image\/"},"sameAs":["https:\/\/www.facebook.com\/christina.maddocks\/","https:\/\/www.instagram.com\/christina.maddocks\/","https:\/\/www.youtube.com\/@nursemaddocks"]}]}},"_links":{"self":[{"href":"https:\/\/www.erstehilfeschuleberlin.de\/es\/wp-json\/wp\/v2\/pages\/498","targetHints":{"allow":["GET"]}}],"collection":[{"href":"https:\/\/www.erstehilfeschuleberlin.de\/es\/wp-json\/wp\/v2\/pages"}],"about":[{"href":"https:\/\/www.erstehilfeschuleberlin.de\/es\/wp-json\/wp\/v2\/types\/page"}],"author":[{"embeddable":true,"href":"https:\/\/www.erstehilfeschuleberlin.de\/es\/wp-json\/wp\/v2\/users\/1"}],"replies":[{"embeddable":true,"href":"https:\/\/www.erstehilfeschuleberlin.de\/es\/wp-json\/wp\/v2\/comments?post=498"}],"version-history":[{"count":4,"href":"https:\/\/www.erstehilfeschuleberlin.de\/es\/wp-json\/wp\/v2\/pages\/498\/revisions"}],"predecessor-version":[{"id":1881,"href":"https:\/\/www.erstehilfeschuleberlin.de\/es\/wp-json\/wp\/v2\/pages\/498\/revisions\/1881"}],"wp:attachment":[{"href":"https:\/\/www.erstehilfeschuleberlin.de\/es\/wp-json\/wp\/v2\/media?parent=498"}],"curies":[{"name":"wp","href":"https:\/\/api.w.org\/{rel}","templated":true}]}}