
{"id":494,"date":"2024-11-14T15:08:56","date_gmt":"2024-11-14T15:08:56","guid":{"rendered":"https:\/\/staging22.invictus-lead-generation.com\/?page_id=494"},"modified":"2025-01-15T09:52:14","modified_gmt":"2025-01-15T09:52:14","slug":"stornierungsbedingungen","status":"publish","type":"page","link":"https:\/\/www.erstehilfeschuleberlin.de\/es\/stornierungsbedingungen\/","title":{"rendered":"Condiciones de anulaci\u00f3n"},"content":{"rendered":"<div style=\"height:100px\" aria-hidden=\"true\" class=\"wp-block-spacer\"><\/div>\n\n\n\n<h1 class=\"wp-block-heading\">Condiciones de anulaci\u00f3n<\/h1>\n\n\n\n<p>Para garantizar una base clara y justa para todos los participantes, se aplican las siguientes condiciones de cancelaci\u00f3n a nuestros cursos y eventos. Estas condiciones rigen la cancelaci\u00f3n de inscripciones y la gesti\u00f3n de los pagos ya efectuados. Lea atentamente las condiciones.<\/p>\n\n\n\n<h2 class=\"wp-block-heading\"><strong>1. cancelaci\u00f3n por parte del participante<\/strong><\/h2>\n\n\n\n<p>Si desea cancelar su inscripci\u00f3n, inf\u00f3rmenos por escrito (por correo electr\u00f3nico o carta). Las condiciones de cancelaci\u00f3n son las siguientes:<\/p>\n\n\n\n<p>\u2022 <strong>Hasta 30 d\u00edas antes del inicio del curso<\/strong>Las cancelaciones recibidas al menos 30 d\u00edas antes del inicio del curso se reembolsar\u00e1n \u00edntegramente menos 10 % en concepto de gastos de tramitaci\u00f3n.<\/p>\n\n\n\n<p>\u2022 <strong>De 29 a 14 d\u00edas antes del inicio del curso<\/strong>Las cancelaciones recibidas entre 29 y 14 d\u00edas antes del inicio del curso recibir\u00e1n un reembolso del 50 % del precio del curso.<\/p>\n\n\n\n<p>\u2022 <strong>Menos de 14 d\u00edas antes del inicio del curso<\/strong>Las cancelaciones recibidas menos de 14 d\u00edas antes del inicio del curso no se reembolsar\u00e1n, ya que normalmente no se pueden reasignar las plazas.<\/p>\n\n\n\n<h2 class=\"wp-block-heading\"><strong>2. cambio de reserva<\/strong><\/h2>\n\n\n\n<p>Es posible cambiar la reserva o sustituir a un participante por otro hasta el inicio del curso. Si desea volver a reservar su participaci\u00f3n en un curso para una fecha posterior, podr\u00e1 hacerlo gratuitamente hasta 14 d\u00edas antes del inicio original del curso; de lo contrario, se aplicar\u00e1n las condiciones de cancelaci\u00f3n habituales.<\/p>\n\n\n\n<h2 class=\"wp-block-heading\"><strong>3. cancelaci\u00f3n por parte del prestador<\/strong><\/h2>\n\n\n\n<p>En casos excepcionales, podemos vernos obligados a cancelar un curso (por ejemplo, por n\u00famero insuficiente de participantes, enfermedad del instructor o fuerza mayor). En tal caso, le devolveremos el importe \u00edntegro del curso o le ofreceremos la posibilidad de participar en otra fecha.<\/p>\n\n\n\n<h2 class=\"wp-block-heading\"><strong>4. fuerza mayor<\/strong><\/h2>\n\n\n\n<p>En caso de fuerza mayor (por ejemplo, cat\u00e1strofes naturales, pandemias, disturbios pol\u00edticos), nos reservamos el derecho de cancelar o aplazar el curso. En tal caso, le reembolsaremos el importe abonado por el curso o le ofreceremos la posibilidad de participar en una fecha posterior.<\/p>\n\n\n\n<h2 class=\"wp-block-heading\"><strong>5. informaci\u00f3n adicional<\/strong><\/h2>\n\n\n\n<p>Para m\u00e1s informaci\u00f3n o preguntas sobre nuestras condiciones de cancelaci\u00f3n, p\u00f3ngase en contacto con nosotros en cualquier momento. Estaremos encantados de ayudarle con su consulta.<\/p>\n\n\n\n<p>Le agradecemos su comprensi\u00f3n y esperamos darle la bienvenida a nuestros cursos.<\/p>","protected":false},"excerpt":{"rendered":"<p>Stornierungsbedingungen Um eine klare und faire Grundlage f\u00fcr alle Teilnehmer zu gew\u00e4hrleisten, gelten die folgenden Stornobedingungen f\u00fcr unsere Kurse und Veranstaltungen. Diese Bedingungen regeln die Stornierung von Anmeldungen und den Umgang mit bereits geleisteten Zahlungen. Bitte lesen Sie die Bedingungen sorgf\u00e4ltig durch. 1. Stornierung durch den Teilnehmer Wenn Sie Ihre Anmeldung stornieren m\u00f6chten, bitten wir [&hellip;]<\/p>\n","protected":false},"author":1,"featured_media":0,"parent":0,"menu_order":0,"comment_status":"closed","ping_status":"closed","template":"","meta":{"footnotes":""},"class_list":["post-494","page","type-page","status-publish","hentry"],"yoast_head":"<!-- This site is optimized with the Yoast SEO plugin v27.4 - https:\/\/yoast.com\/product\/yoast-seo-wordpress\/ -->\n<title>Stornierungsbedingungen | Erste Hilfe Schule Berlin<\/title>\n<meta name=\"description\" content=\"Erfahren Sie mehr \u00fcber die Stornierungsbedingungen unserer Erste Hilfe Kurse. Wir bieten faire Regelungen f\u00fcr Ihre Buchung.\" \/>\n<meta name=\"robots\" content=\"index, follow, max-snippet:-1, max-image-preview:large, max-video-preview:-1\" \/>\n<link rel=\"canonical\" href=\"https:\/\/www.erstehilfeschuleberlin.de\/es\/stornierungsbedingungen\/\" \/>\n<meta property=\"og:locale\" content=\"es_ES\" \/>\n<meta property=\"og:type\" content=\"article\" \/>\n<meta property=\"og:title\" content=\"Stornierungsbedingungen | Erste Hilfe Schule Berlin\" \/>\n<meta property=\"og:description\" content=\"Erfahren Sie mehr \u00fcber die Stornierungsbedingungen unserer Erste Hilfe Kurse. Wir bieten faire Regelungen f\u00fcr Ihre Buchung.\" \/>\n<meta property=\"og:url\" content=\"https:\/\/www.erstehilfeschuleberlin.de\/es\/stornierungsbedingungen\/\" \/>\n<meta property=\"og:site_name\" content=\"Erste Hilfe Schule Berlin\" \/>\n<meta property=\"article:publisher\" content=\"https:\/\/www.facebook.com\/christina.maddocks\/\" \/>\n<meta property=\"article:modified_time\" content=\"2025-01-15T09:52:14+00:00\" \/>\n<meta name=\"twitter:card\" content=\"summary_large_image\" \/>\n<meta name=\"twitter:label1\" content=\"Tiempo de lectura\" \/>\n\t<meta name=\"twitter:data1\" content=\"2 minutos\" \/>\n<script type=\"application\/ld+json\" class=\"yoast-schema-graph\">{\"@context\":\"https:\\\/\\\/schema.org\",\"@graph\":[{\"@type\":\"WebPage\",\"@id\":\"https:\\\/\\\/www.erstehilfeschuleberlin.de\\\/stornierungsbedingungen\\\/\",\"url\":\"https:\\\/\\\/www.erstehilfeschuleberlin.de\\\/stornierungsbedingungen\\\/\",\"name\":\"Stornierungsbedingungen | Erste Hilfe Schule Berlin\",\"isPartOf\":{\"@id\":\"https:\\\/\\\/www.erstehilfeschuleberlin.de\\\/#website\"},\"datePublished\":\"2024-11-14T15:08:56+00:00\",\"dateModified\":\"2025-01-15T09:52:14+00:00\",\"description\":\"Erfahren Sie mehr \u00fcber die Stornierungsbedingungen unserer Erste Hilfe Kurse. Wir bieten faire Regelungen f\u00fcr Ihre Buchung.\",\"breadcrumb\":{\"@id\":\"https:\\\/\\\/www.erstehilfeschuleberlin.de\\\/stornierungsbedingungen\\\/#breadcrumb\"},\"inLanguage\":\"es\",\"potentialAction\":[{\"@type\":\"ReadAction\",\"target\":[\"https:\\\/\\\/www.erstehilfeschuleberlin.de\\\/stornierungsbedingungen\\\/\"]}]},{\"@type\":\"BreadcrumbList\",\"@id\":\"https:\\\/\\\/www.erstehilfeschuleberlin.de\\\/stornierungsbedingungen\\\/#breadcrumb\",\"itemListElement\":[{\"@type\":\"ListItem\",\"position\":1,\"name\":\"Startseite\",\"item\":\"https:\\\/\\\/www.erstehilfeschuleberlin.de\\\/\"},{\"@type\":\"ListItem\",\"position\":2,\"name\":\"Stornierungsbedingungen\"}]},{\"@type\":\"WebSite\",\"@id\":\"https:\\\/\\\/www.erstehilfeschuleberlin.de\\\/#website\",\"url\":\"https:\\\/\\\/www.erstehilfeschuleberlin.de\\\/\",\"name\":\"Erste Hilfe Schule Berlin\",\"description\":\"\",\"publisher\":{\"@id\":\"https:\\\/\\\/www.erstehilfeschuleberlin.de\\\/#organization\"},\"potentialAction\":[{\"@type\":\"SearchAction\",\"target\":{\"@type\":\"EntryPoint\",\"urlTemplate\":\"https:\\\/\\\/www.erstehilfeschuleberlin.de\\\/?s={search_term_string}\"},\"query-input\":{\"@type\":\"PropertyValueSpecification\",\"valueRequired\":true,\"valueName\":\"search_term_string\"}}],\"inLanguage\":\"es\"},{\"@type\":\"Organization\",\"@id\":\"https:\\\/\\\/www.erstehilfeschuleberlin.de\\\/#organization\",\"name\":\"Erste Hilfe Schule Berlin GmbH\",\"url\":\"https:\\\/\\\/www.erstehilfeschuleberlin.de\\\/\",\"logo\":{\"@type\":\"ImageObject\",\"inLanguage\":\"es\",\"@id\":\"https:\\\/\\\/www.erstehilfeschuleberlin.de\\\/#\\\/schema\\\/logo\\\/image\\\/\",\"url\":\"https:\\\/\\\/www.erstehilfeschuleberlin.de\\\/wp-content\\\/uploads\\\/2024\\\/11\\\/Erste-Hilfe-Schule-logo-e1731399170464.png\",\"contentUrl\":\"https:\\\/\\\/www.erstehilfeschuleberlin.de\\\/wp-content\\\/uploads\\\/2024\\\/11\\\/Erste-Hilfe-Schule-logo-e1731399170464.png\",\"width\":1256,\"height\":380,\"caption\":\"Erste Hilfe Schule Berlin GmbH\"},\"image\":{\"@id\":\"https:\\\/\\\/www.erstehilfeschuleberlin.de\\\/#\\\/schema\\\/logo\\\/image\\\/\"},\"sameAs\":[\"https:\\\/\\\/www.facebook.com\\\/christina.maddocks\\\/\",\"https:\\\/\\\/www.instagram.com\\\/christina.maddocks\\\/\",\"https:\\\/\\\/www.youtube.com\\\/@nursemaddocks\"]}]}<\/script>\n<!-- \/ Yoast SEO plugin. -->","yoast_head_json":{"title":"Stornierungsbedingungen | Erste Hilfe Schule Berlin","description":"Erfahren Sie mehr \u00fcber die Stornierungsbedingungen unserer Erste Hilfe Kurse. Wir bieten faire Regelungen f\u00fcr Ihre Buchung.","robots":{"index":"index","follow":"follow","max-snippet":"max-snippet:-1","max-image-preview":"max-image-preview:large","max-video-preview":"max-video-preview:-1"},"canonical":"https:\/\/www.erstehilfeschuleberlin.de\/es\/stornierungsbedingungen\/","og_locale":"es_ES","og_type":"article","og_title":"Stornierungsbedingungen | Erste Hilfe Schule Berlin","og_description":"Erfahren Sie mehr \u00fcber die Stornierungsbedingungen unserer Erste Hilfe Kurse. Wir bieten faire Regelungen f\u00fcr Ihre Buchung.","og_url":"https:\/\/www.erstehilfeschuleberlin.de\/es\/stornierungsbedingungen\/","og_site_name":"Erste Hilfe Schule Berlin","article_publisher":"https:\/\/www.facebook.com\/christina.maddocks\/","article_modified_time":"2025-01-15T09:52:14+00:00","twitter_card":"summary_large_image","twitter_misc":{"Tiempo de lectura":"2 minutos"},"schema":{"@context":"https:\/\/schema.org","@graph":[{"@type":"WebPage","@id":"https:\/\/www.erstehilfeschuleberlin.de\/stornierungsbedingungen\/","url":"https:\/\/www.erstehilfeschuleberlin.de\/stornierungsbedingungen\/","name":"Stornierungsbedingungen | Erste Hilfe Schule Berlin","isPartOf":{"@id":"https:\/\/www.erstehilfeschuleberlin.de\/#website"},"datePublished":"2024-11-14T15:08:56+00:00","dateModified":"2025-01-15T09:52:14+00:00","description":"Erfahren Sie mehr \u00fcber die Stornierungsbedingungen unserer Erste Hilfe Kurse. Wir bieten faire Regelungen f\u00fcr Ihre Buchung.","breadcrumb":{"@id":"https:\/\/www.erstehilfeschuleberlin.de\/stornierungsbedingungen\/#breadcrumb"},"inLanguage":"es","potentialAction":[{"@type":"ReadAction","target":["https:\/\/www.erstehilfeschuleberlin.de\/stornierungsbedingungen\/"]}]},{"@type":"BreadcrumbList","@id":"https:\/\/www.erstehilfeschuleberlin.de\/stornierungsbedingungen\/#breadcrumb","itemListElement":[{"@type":"ListItem","position":1,"name":"Startseite","item":"https:\/\/www.erstehilfeschuleberlin.de\/"},{"@type":"ListItem","position":2,"name":"Stornierungsbedingungen"}]},{"@type":"WebSite","@id":"https:\/\/www.erstehilfeschuleberlin.de\/#website","url":"https:\/\/www.erstehilfeschuleberlin.de\/","name":"Escuela de Primeros Auxilios de Berl\u00edn","description":"","publisher":{"@id":"https:\/\/www.erstehilfeschuleberlin.de\/#organization"},"potentialAction":[{"@type":"SearchAction","target":{"@type":"EntryPoint","urlTemplate":"https:\/\/www.erstehilfeschuleberlin.de\/?s={search_term_string}"},"query-input":{"@type":"PropertyValueSpecification","valueRequired":true,"valueName":"search_term_string"}}],"inLanguage":"es"},{"@type":"Organization","@id":"https:\/\/www.erstehilfeschuleberlin.de\/#organization","name":"Escuela de Primeros Auxilios Berlin GmbH","url":"https:\/\/www.erstehilfeschuleberlin.de\/","logo":{"@type":"ImageObject","inLanguage":"es","@id":"https:\/\/www.erstehilfeschuleberlin.de\/#\/schema\/logo\/image\/","url":"https:\/\/www.erstehilfeschuleberlin.de\/wp-content\/uploads\/2024\/11\/Erste-Hilfe-Schule-logo-e1731399170464.png","contentUrl":"https:\/\/www.erstehilfeschuleberlin.de\/wp-content\/uploads\/2024\/11\/Erste-Hilfe-Schule-logo-e1731399170464.png","width":1256,"height":380,"caption":"Erste Hilfe Schule Berlin GmbH"},"image":{"@id":"https:\/\/www.erstehilfeschuleberlin.de\/#\/schema\/logo\/image\/"},"sameAs":["https:\/\/www.facebook.com\/christina.maddocks\/","https:\/\/www.instagram.com\/christina.maddocks\/","https:\/\/www.youtube.com\/@nursemaddocks"]}]}},"_links":{"self":[{"href":"https:\/\/www.erstehilfeschuleberlin.de\/es\/wp-json\/wp\/v2\/pages\/494","targetHints":{"allow":["GET"]}}],"collection":[{"href":"https:\/\/www.erstehilfeschuleberlin.de\/es\/wp-json\/wp\/v2\/pages"}],"about":[{"href":"https:\/\/www.erstehilfeschuleberlin.de\/es\/wp-json\/wp\/v2\/types\/page"}],"author":[{"embeddable":true,"href":"https:\/\/www.erstehilfeschuleberlin.de\/es\/wp-json\/wp\/v2\/users\/1"}],"replies":[{"embeddable":true,"href":"https:\/\/www.erstehilfeschuleberlin.de\/es\/wp-json\/wp\/v2\/comments?post=494"}],"version-history":[{"count":3,"href":"https:\/\/www.erstehilfeschuleberlin.de\/es\/wp-json\/wp\/v2\/pages\/494\/revisions"}],"predecessor-version":[{"id":1883,"href":"https:\/\/www.erstehilfeschuleberlin.de\/es\/wp-json\/wp\/v2\/pages\/494\/revisions\/1883"}],"wp:attachment":[{"href":"https:\/\/www.erstehilfeschuleberlin.de\/es\/wp-json\/wp\/v2\/media?parent=494"}],"curies":[{"name":"wp","href":"https:\/\/api.w.org\/{rel}","templated":true}]}}