
{"id":494,"date":"2024-11-14T15:08:56","date_gmt":"2024-11-14T15:08:56","guid":{"rendered":"https:\/\/staging22.invictus-lead-generation.com\/?page_id=494"},"modified":"2025-01-15T09:52:14","modified_gmt":"2025-01-15T09:52:14","slug":"stornierungsbedingungen","status":"publish","type":"page","link":"https:\/\/www.erstehilfeschuleberlin.de\/en\/stornierungsbedingungen\/","title":{"rendered":"Cancellation conditions"},"content":{"rendered":"<div style=\"height:100px\" aria-hidden=\"true\" class=\"wp-block-spacer\"><\/div>\n\n\n\n<h1 class=\"wp-block-heading\">Cancellation conditions<\/h1>\n\n\n\n<p>To ensure a clear and fair basis for all participants, the following cancellation conditions apply to our courses and events. These conditions govern the cancellation of registrations and the handling of payments already made. Please read the conditions carefully.<\/p>\n\n\n\n<h2 class=\"wp-block-heading\"><strong>1. cancellation by the participant<\/strong><\/h2>\n\n\n\n<p>If you wish to cancel your registration, please inform us in writing (by e-mail or letter). The cancellation conditions are as follows:<\/p>\n\n\n\n<p>\u2022 <strong>Up to 30 days before the start of the course<\/strong>Cancellations received at least 30 days before the start of the course will be refunded in full minus a processing fee of 10 %.<\/p>\n\n\n\n<p>\u2022 <strong>From 29 to 14 days before the start of the course<\/strong>Cancellations received between 29 and 14 days before the start of the course will be refunded 50 % of the course fee.<\/p>\n\n\n\n<p>\u2022 <strong>Less than 14 days before the start of the course<\/strong>Cancellations received less than 14 days before the start of the course will not be refunded, as places cannot usually be reallocated.<\/p>\n\n\n\n<h2 class=\"wp-block-heading\"><strong>2. rebooking<\/strong><\/h2>\n\n\n\n<p>The rebooking or replacement of a participant by another participant is possible until the start of the course. If you wish to rebook your participation in a course for a later date, this is possible free of charge up to 14 days before the original start of the course, otherwise the regular cancellation conditions apply.<\/p>\n\n\n\n<h2 class=\"wp-block-heading\"><strong>3. cancellation by the provider<\/strong><\/h2>\n\n\n\n<p>In exceptional cases, we may have to cancel a course (e.g. due to insufficient numbers of participants, illness of the instructor or force majeure). In this case, we will refund the entire course fee or offer you the opportunity to take part on another date.<\/p>\n\n\n\n<h2 class=\"wp-block-heading\"><strong>4. force majeure<\/strong><\/h2>\n\n\n\n<p>In the event of force majeure (e.g. natural disasters, pandemics, political unrest), we reserve the right to cancel or postpone the course. In this case, we will refund the course fee paid or offer you the opportunity to attend at a later date.<\/p>\n\n\n\n<h2 class=\"wp-block-heading\"><strong>5. further information<\/strong><\/h2>\n\n\n\n<p>For further information or questions about our cancellation conditions, please contact us at any time. We will be happy to help you with your enquiry.<\/p>\n\n\n\n<p>We thank you for your understanding and look forward to welcoming you to our courses!<\/p>","protected":false},"excerpt":{"rendered":"<p>Stornierungsbedingungen Um eine klare und faire Grundlage f\u00fcr alle Teilnehmer zu gew\u00e4hrleisten, gelten die folgenden Stornobedingungen f\u00fcr unsere Kurse und Veranstaltungen. Diese Bedingungen regeln die Stornierung von Anmeldungen und den Umgang mit bereits geleisteten Zahlungen. Bitte lesen Sie die Bedingungen sorgf\u00e4ltig durch. 1. Stornierung durch den Teilnehmer Wenn Sie Ihre Anmeldung stornieren m\u00f6chten, bitten wir [&hellip;]<\/p>\n","protected":false},"author":1,"featured_media":0,"parent":0,"menu_order":0,"comment_status":"closed","ping_status":"closed","template":"","meta":{"footnotes":""},"class_list":["post-494","page","type-page","status-publish","hentry"],"yoast_head":"<!-- This site is optimized with the Yoast SEO plugin v27.5 - https:\/\/yoast.com\/product\/yoast-seo-wordpress\/ -->\n<title>Stornierungsbedingungen | Erste Hilfe Schule Berlin<\/title>\n<meta name=\"description\" content=\"Erfahren Sie mehr \u00fcber die Stornierungsbedingungen unserer Erste Hilfe Kurse. Wir bieten faire Regelungen f\u00fcr Ihre Buchung.\" \/>\n<meta name=\"robots\" content=\"index, follow, max-snippet:-1, max-image-preview:large, max-video-preview:-1\" \/>\n<link rel=\"canonical\" href=\"https:\/\/www.erstehilfeschuleberlin.de\/en\/stornierungsbedingungen\/\" \/>\n<meta property=\"og:locale\" content=\"en_GB\" \/>\n<meta property=\"og:type\" content=\"article\" \/>\n<meta property=\"og:title\" content=\"Stornierungsbedingungen | Erste Hilfe Schule Berlin\" \/>\n<meta property=\"og:description\" content=\"Erfahren Sie mehr \u00fcber die Stornierungsbedingungen unserer Erste Hilfe Kurse. Wir bieten faire Regelungen f\u00fcr Ihre Buchung.\" \/>\n<meta property=\"og:url\" content=\"https:\/\/www.erstehilfeschuleberlin.de\/en\/stornierungsbedingungen\/\" \/>\n<meta property=\"og:site_name\" content=\"Erste Hilfe Schule Berlin\" \/>\n<meta property=\"article:publisher\" content=\"https:\/\/www.facebook.com\/christina.maddocks\/\" \/>\n<meta property=\"article:modified_time\" content=\"2025-01-15T09:52:14+00:00\" \/>\n<meta name=\"twitter:card\" content=\"summary_large_image\" \/>\n<meta name=\"twitter:label1\" content=\"Estimated reading time\" \/>\n\t<meta name=\"twitter:data1\" content=\"2 minutes\" \/>\n<script type=\"application\/ld+json\" class=\"yoast-schema-graph\">{\"@context\":\"https:\\\/\\\/schema.org\",\"@graph\":[{\"@type\":\"WebPage\",\"@id\":\"https:\\\/\\\/www.erstehilfeschuleberlin.de\\\/stornierungsbedingungen\\\/\",\"url\":\"https:\\\/\\\/www.erstehilfeschuleberlin.de\\\/stornierungsbedingungen\\\/\",\"name\":\"Stornierungsbedingungen | Erste Hilfe Schule Berlin\",\"isPartOf\":{\"@id\":\"https:\\\/\\\/www.erstehilfeschuleberlin.de\\\/#website\"},\"datePublished\":\"2024-11-14T15:08:56+00:00\",\"dateModified\":\"2025-01-15T09:52:14+00:00\",\"description\":\"Erfahren Sie mehr \u00fcber die Stornierungsbedingungen unserer Erste Hilfe Kurse. Wir bieten faire Regelungen f\u00fcr Ihre Buchung.\",\"breadcrumb\":{\"@id\":\"https:\\\/\\\/www.erstehilfeschuleberlin.de\\\/stornierungsbedingungen\\\/#breadcrumb\"},\"inLanguage\":\"en-GB\",\"potentialAction\":[{\"@type\":\"ReadAction\",\"target\":[\"https:\\\/\\\/www.erstehilfeschuleberlin.de\\\/stornierungsbedingungen\\\/\"]}]},{\"@type\":\"BreadcrumbList\",\"@id\":\"https:\\\/\\\/www.erstehilfeschuleberlin.de\\\/stornierungsbedingungen\\\/#breadcrumb\",\"itemListElement\":[{\"@type\":\"ListItem\",\"position\":1,\"name\":\"Startseite\",\"item\":\"https:\\\/\\\/www.erstehilfeschuleberlin.de\\\/\"},{\"@type\":\"ListItem\",\"position\":2,\"name\":\"Stornierungsbedingungen\"}]},{\"@type\":\"WebSite\",\"@id\":\"https:\\\/\\\/www.erstehilfeschuleberlin.de\\\/#website\",\"url\":\"https:\\\/\\\/www.erstehilfeschuleberlin.de\\\/\",\"name\":\"Erste Hilfe Schule Berlin\",\"description\":\"\",\"publisher\":{\"@id\":\"https:\\\/\\\/www.erstehilfeschuleberlin.de\\\/#organization\"},\"potentialAction\":[{\"@type\":\"SearchAction\",\"target\":{\"@type\":\"EntryPoint\",\"urlTemplate\":\"https:\\\/\\\/www.erstehilfeschuleberlin.de\\\/?s={search_term_string}\"},\"query-input\":{\"@type\":\"PropertyValueSpecification\",\"valueRequired\":true,\"valueName\":\"search_term_string\"}}],\"inLanguage\":\"en-GB\"},{\"@type\":\"Organization\",\"@id\":\"https:\\\/\\\/www.erstehilfeschuleberlin.de\\\/#organization\",\"name\":\"Erste Hilfe Schule Berlin GmbH\",\"url\":\"https:\\\/\\\/www.erstehilfeschuleberlin.de\\\/\",\"logo\":{\"@type\":\"ImageObject\",\"inLanguage\":\"en-GB\",\"@id\":\"https:\\\/\\\/www.erstehilfeschuleberlin.de\\\/#\\\/schema\\\/logo\\\/image\\\/\",\"url\":\"https:\\\/\\\/www.erstehilfeschuleberlin.de\\\/wp-content\\\/uploads\\\/2024\\\/11\\\/Erste-Hilfe-Schule-logo-e1731399170464.png\",\"contentUrl\":\"https:\\\/\\\/www.erstehilfeschuleberlin.de\\\/wp-content\\\/uploads\\\/2024\\\/11\\\/Erste-Hilfe-Schule-logo-e1731399170464.png\",\"width\":1256,\"height\":380,\"caption\":\"Erste Hilfe Schule Berlin GmbH\"},\"image\":{\"@id\":\"https:\\\/\\\/www.erstehilfeschuleberlin.de\\\/#\\\/schema\\\/logo\\\/image\\\/\"},\"sameAs\":[\"https:\\\/\\\/www.facebook.com\\\/christina.maddocks\\\/\",\"https:\\\/\\\/www.instagram.com\\\/christina.maddocks\\\/\",\"https:\\\/\\\/www.youtube.com\\\/@nursemaddocks\"]}]}<\/script>\n<!-- \/ Yoast SEO plugin. -->","yoast_head_json":{"title":"Stornierungsbedingungen | Erste Hilfe Schule Berlin","description":"Erfahren Sie mehr \u00fcber die Stornierungsbedingungen unserer Erste Hilfe Kurse. Wir bieten faire Regelungen f\u00fcr Ihre Buchung.","robots":{"index":"index","follow":"follow","max-snippet":"max-snippet:-1","max-image-preview":"max-image-preview:large","max-video-preview":"max-video-preview:-1"},"canonical":"https:\/\/www.erstehilfeschuleberlin.de\/en\/stornierungsbedingungen\/","og_locale":"en_GB","og_type":"article","og_title":"Stornierungsbedingungen | Erste Hilfe Schule Berlin","og_description":"Erfahren Sie mehr \u00fcber die Stornierungsbedingungen unserer Erste Hilfe Kurse. Wir bieten faire Regelungen f\u00fcr Ihre Buchung.","og_url":"https:\/\/www.erstehilfeschuleberlin.de\/en\/stornierungsbedingungen\/","og_site_name":"Erste Hilfe Schule Berlin","article_publisher":"https:\/\/www.facebook.com\/christina.maddocks\/","article_modified_time":"2025-01-15T09:52:14+00:00","twitter_card":"summary_large_image","twitter_misc":{"Estimated reading time":"2 minutes"},"schema":{"@context":"https:\/\/schema.org","@graph":[{"@type":"WebPage","@id":"https:\/\/www.erstehilfeschuleberlin.de\/stornierungsbedingungen\/","url":"https:\/\/www.erstehilfeschuleberlin.de\/stornierungsbedingungen\/","name":"Stornierungsbedingungen | Erste Hilfe Schule Berlin","isPartOf":{"@id":"https:\/\/www.erstehilfeschuleberlin.de\/#website"},"datePublished":"2024-11-14T15:08:56+00:00","dateModified":"2025-01-15T09:52:14+00:00","description":"Erfahren Sie mehr \u00fcber die Stornierungsbedingungen unserer Erste Hilfe Kurse. Wir bieten faire Regelungen f\u00fcr Ihre Buchung.","breadcrumb":{"@id":"https:\/\/www.erstehilfeschuleberlin.de\/stornierungsbedingungen\/#breadcrumb"},"inLanguage":"en-GB","potentialAction":[{"@type":"ReadAction","target":["https:\/\/www.erstehilfeschuleberlin.de\/stornierungsbedingungen\/"]}]},{"@type":"BreadcrumbList","@id":"https:\/\/www.erstehilfeschuleberlin.de\/stornierungsbedingungen\/#breadcrumb","itemListElement":[{"@type":"ListItem","position":1,"name":"Startseite","item":"https:\/\/www.erstehilfeschuleberlin.de\/"},{"@type":"ListItem","position":2,"name":"Stornierungsbedingungen"}]},{"@type":"WebSite","@id":"https:\/\/www.erstehilfeschuleberlin.de\/#website","url":"https:\/\/www.erstehilfeschuleberlin.de\/","name":"First Aid School Berlin","description":"","publisher":{"@id":"https:\/\/www.erstehilfeschuleberlin.de\/#organization"},"potentialAction":[{"@type":"SearchAction","target":{"@type":"EntryPoint","urlTemplate":"https:\/\/www.erstehilfeschuleberlin.de\/?s={search_term_string}"},"query-input":{"@type":"PropertyValueSpecification","valueRequired":true,"valueName":"search_term_string"}}],"inLanguage":"en-GB"},{"@type":"Organization","@id":"https:\/\/www.erstehilfeschuleberlin.de\/#organization","name":"First Aid School Berlin GmbH","url":"https:\/\/www.erstehilfeschuleberlin.de\/","logo":{"@type":"ImageObject","inLanguage":"en-GB","@id":"https:\/\/www.erstehilfeschuleberlin.de\/#\/schema\/logo\/image\/","url":"https:\/\/www.erstehilfeschuleberlin.de\/wp-content\/uploads\/2024\/11\/Erste-Hilfe-Schule-logo-e1731399170464.png","contentUrl":"https:\/\/www.erstehilfeschuleberlin.de\/wp-content\/uploads\/2024\/11\/Erste-Hilfe-Schule-logo-e1731399170464.png","width":1256,"height":380,"caption":"Erste Hilfe Schule Berlin GmbH"},"image":{"@id":"https:\/\/www.erstehilfeschuleberlin.de\/#\/schema\/logo\/image\/"},"sameAs":["https:\/\/www.facebook.com\/christina.maddocks\/","https:\/\/www.instagram.com\/christina.maddocks\/","https:\/\/www.youtube.com\/@nursemaddocks"]}]}},"_links":{"self":[{"href":"https:\/\/www.erstehilfeschuleberlin.de\/en\/wp-json\/wp\/v2\/pages\/494","targetHints":{"allow":["GET"]}}],"collection":[{"href":"https:\/\/www.erstehilfeschuleberlin.de\/en\/wp-json\/wp\/v2\/pages"}],"about":[{"href":"https:\/\/www.erstehilfeschuleberlin.de\/en\/wp-json\/wp\/v2\/types\/page"}],"author":[{"embeddable":true,"href":"https:\/\/www.erstehilfeschuleberlin.de\/en\/wp-json\/wp\/v2\/users\/1"}],"replies":[{"embeddable":true,"href":"https:\/\/www.erstehilfeschuleberlin.de\/en\/wp-json\/wp\/v2\/comments?post=494"}],"version-history":[{"count":3,"href":"https:\/\/www.erstehilfeschuleberlin.de\/en\/wp-json\/wp\/v2\/pages\/494\/revisions"}],"predecessor-version":[{"id":1883,"href":"https:\/\/www.erstehilfeschuleberlin.de\/en\/wp-json\/wp\/v2\/pages\/494\/revisions\/1883"}],"wp:attachment":[{"href":"https:\/\/www.erstehilfeschuleberlin.de\/en\/wp-json\/wp\/v2\/media?parent=494"}],"curies":[{"name":"wp","href":"https:\/\/api.w.org\/{rel}","templated":true}]}}