
{"id":489,"date":"2024-11-14T15:00:49","date_gmt":"2024-11-14T15:00:49","guid":{"rendered":"https:\/\/staging22.invictus-lead-generation.com\/?page_id=489"},"modified":"2025-11-06T08:41:35","modified_gmt":"2025-11-06T08:41:35","slug":"abrechnung","status":"publish","type":"page","link":"https:\/\/www.erstehilfeschuleberlin.de\/en\/abrechnung\/","title":{"rendered":"Billing &amp; costs"},"content":{"rendered":"<div style=\"height:100px\" aria-hidden=\"true\" class=\"wp-block-spacer\"><\/div>\n\n\n\n<h1 class=\"wp-block-heading\">Billing &amp; costs<\/h1>\n\n\n\n<p>The&nbsp;<strong><a href=\"https:\/\/erstehilfeschuleberlin.de\/wp-content\/uploads\/2024\/11\/DGUV-Abrechnungsformular-.pdf\">DGUV accounting form<\/a><\/strong>&nbsp;is an important document for companies and organisations that participate in measures to promote occupational health and safety. It is used for the proper accounting of training courses, training programmes or measures that are funded by the German Social Accident Insurance (DGUV). The use of this form enables companies to apply for the corresponding subsidies or reimbursements for the training courses and measures carried out.<\/p>\n\n\n\n<h2 class=\"wp-block-heading\">Billing form<\/h2>\n\n\n\n<div data-wp-interactive=\"core\/file\" class=\"wp-block-file\"><object data-wp-bind--hidden=\"!state.hasPdfPreview\" hidden class=\"wp-block-file__embed\" data=\"https:\/\/www.erstehilfeschuleberlin.de\/wp-content\/uploads\/2024\/11\/DGUV-Abrechnungsformular-.pdf\" type=\"application\/pdf\" style=\"width:100%;height:600px\" aria-label=\"Embed of DGUV Abrechnungsformular.\"><\/object><a id=\"wp-block-file--media-3d6d6498-5ad6-42ea-9ddf-89b2c57798b2\" href=\"https:\/\/www.erstehilfeschuleberlin.de\/wp-content\/uploads\/2024\/11\/DGUV-Abrechnungsformular-.pdf\">DGUV accounting form<\/a><a href=\"https:\/\/www.erstehilfeschuleberlin.de\/wp-content\/uploads\/2024\/11\/DGUV-Abrechnungsformular-.pdf\" class=\"wp-block-file__button wp-element-button\" download aria-describedby=\"wp-block-file--media-3d6d6498-5ad6-42ea-9ddf-89b2c57798b2\">Download<\/a><\/div>\n\n\n\n<p>This billing form for first aid courses in accordance with DGUV guidelines serves as a means of payment for those participants in first aid training courses who are employed by companies, educational institutions and other organisations &amp; have accident insurance through their employer. The German Social Accident Insurance (DGUV) requires that first aiders receive regular training in order to be able to provide qualified first aid in emergencies. This form is used to settle the costs incurred for these training courses with the accident insurance providers. The First Aid School Berlin takes care of this procedure and the participants in the first aid course bring the completed form with them on the day of the course.&nbsp;<\/p>\n\n\n\n<div style=\"height:100px\" aria-hidden=\"true\" class=\"wp-block-spacer\"><\/div>\n\n\n\n<h2 class=\"wp-block-heading\">Instructions<\/h2>\n\n\n\n<figure class=\"wp-block-embed is-type-video is-provider-youtube wp-block-embed-youtube wp-embed-aspect-16-9 wp-has-aspect-ratio\"><div class=\"wp-block-embed__wrapper\">\n<iframe title=\"DGUV billing form for company first aid training courses\" width=\"800\" height=\"450\" src=\"https:\/\/www.youtube.com\/embed\/de4BeMBBmmA?feature=oembed\" frameborder=\"0\" allow=\"accelerometer; autoplay; clipboard-write; encrypted-media; gyroscope; picture-in-picture; web-share\" referrerpolicy=\"strict-origin-when-cross-origin\" allowfullscreen><\/iframe>\n<\/div><\/figure>\n\n\n\n<p>Instructions in English can be found <a href=\"https:\/\/youtu.be\/CCdjsRBz-7g\">here<\/a>.<\/p>\n\n\n\n<div style=\"height:100px\" aria-hidden=\"true\" class=\"wp-block-spacer\"><\/div>\n\n\n\n<h2 class=\"wp-block-heading\"><strong>Contents of the form<\/strong><\/h2>\n\n\n\n<p>The form records all essential information about the training and the participants.<\/p>\n\n\n\n<blockquote class=\"wp-block-quote is-layout-flow wp-block-quote-is-layout-flow\">\n<p>In principle, the entire green section must be completed by the member company.&nbsp;<\/p>\n<\/blockquote>\n\n\n\n<p><em>The yellow part is completed by the First Aid School Berlin.&nbsp;<\/em><\/p>\n\n\n\n<p>1. <strong>Information about the training<\/strong>Date and location of the first aid training course as well as the name and address of the training provider and the course number.&nbsp;<\/p>\n\n\n\n<p>2. <strong>List of participants<\/strong>List of employees attending the course, valid ONLY with the signature of the PARTICIPANT to confirm attendance on the day of the course. If there are more than 10 participants, a second form must be completed.&nbsp;<\/p>\n\n\n\n<p>3.&nbsp; <strong>Signature &amp; stamp of the company: Only with contact data, membership number, stamp and signature of the company, Erste Hilfe Schule Berlin can submit the form for billing.&nbsp;<\/strong><\/p>\n\n\n\n<p><strong>4 BGW and BGN have special accounting forms that must be applied for separately.&nbsp;<\/strong><\/p>\n\n\n\n<div style=\"height:100px\" aria-hidden=\"true\" class=\"wp-block-spacer\"><\/div>\n\n\n\n<h2 class=\"wp-block-heading\"><strong>Important information on the DGUV billing form:<\/strong><\/h2>\n\n\n\n<p>1. <strong>Purpose of the form<\/strong>:<\/p>\n\n\n\n<p>- The settlement form is used to claim the subsidies offered by the DGUV for training and further training measures in the area of safety and health at work.<\/p>\n\n\n\n<p>- It enables the documentation of all relevant information on the measures carried out.<\/p>\n\n\n\n<p>2. <strong>Who can use the form?<\/strong>:<\/p>\n\n\n\n<p>- All DGUV member companies that participate in recognised training programmes or prevention measures.<\/p>\n\n\n\n<p>- This includes companies from various sectors that would like to offer their employees relevant further training in the area of occupational safety.<\/p>\n\n\n\n<p>3. <strong>Contents of the form<\/strong>:<\/p>\n\n\n\n<p>The DGUV accounting form typically contains the following information:<\/p>\n\n\n\n<p>\u2022 <strong>Company data<\/strong>Name, address, contact details of the company.<\/p>\n\n\n\n<p>\u2022 <strong>Course and measure details<\/strong>Title of the measure, date, duration, number of participating employees.<\/p>\n\n\n\n<p>\u2022 <strong>Cost overview<\/strong>Breakdown of the costs of the measure, any amounts already paid and the amount of reimbursement requested.<\/p>\n\n\n\n<p>\u2022 <strong>Signature and confirmation<\/strong>Confirmation of the accuracy of the information by a responsible person in the company.<\/p>\n\n\n\n<p>4. <strong>Submission of the form<\/strong>:<\/p>\n\n\n\n<p>- The completed claim form should generally be sent to the relevant accident insurance fund or the relevant DGUV contact person.<\/p>\n\n\n\n<p>- Please note the deadlines for submission to ensure that your enquiry can be processed on time.<\/p>\n\n\n\n<p>5. <strong>Important notes<\/strong>:<\/p>\n\n\n\n<p>- Make sure that all information on the form is complete and correct to avoid delays in processing.<\/p>\n\n\n\n<p>- It is advisable to keep copies of all relevant documents (e.g. certificates of attendance, invoices) in order to be able to present them in the event of a subsequent claim.<\/p>\n\n\n\n<p><strong>Conclusion<\/strong><\/p>\n\n\n\n<p>The DGUV settlement form or the application for vouchers from the relevant accident insurance fund is a key element in the approval of funding for training in the area of occupational safety. By completing the form correctly and submitting it on time or applying for the vouchers, companies can receive financial support for their measures to improve the health and safety of their employees. If you have any questions regarding the use of the form or the documents to be submitted, please contact the DGUV or your local accident insurance fund.<\/p>\n\n\n\n<div style=\"height:100px\" aria-hidden=\"true\" class=\"wp-block-spacer\"><\/div>\n\n\n\n<p><\/p>","protected":false},"excerpt":{"rendered":"<p>Abrechnung &amp; Kosten Das&nbsp;DGUV Abrechnungsformular&nbsp;ist ein wichtiges Dokument f\u00fcr Unternehmen und Organisationen, die an Ma\u00dfnahmen zur F\u00f6rderung der Arbeitssicherheit und Gesundheitsschutz teilnehmen. Es dient der ordnungsgem\u00e4\u00dfen Abrechnung von Lehrg\u00e4ngen, Schulungen oder Ma\u00dfnahmen, die von der Deutschen Gesetzlichen Unfallversicherung (DGUV) gef\u00f6rdert werden. Die Verwendung dieses Formulars erm\u00f6glicht es den Unternehmen, die entsprechenden Zusch\u00fcsse oder Erstattungen f\u00fcr [&hellip;]<\/p>\n","protected":false},"author":1,"featured_media":0,"parent":0,"menu_order":0,"comment_status":"closed","ping_status":"closed","template":"","meta":{"footnotes":""},"class_list":["post-489","page","type-page","status-publish","hentry"],"yoast_head":"<!-- This site is optimized with the Yoast SEO plugin v27.5 - https:\/\/yoast.com\/product\/yoast-seo-wordpress\/ -->\n<title>Abrechnungsformular f\u00fcr Erste-Hilfe-Kurse nach DGUV-Richtlinien<\/title>\n<meta name=\"description\" content=\"Das ausgef\u00fcllte Abrechnungsformular ist in der Regel an die zust\u00e4ndige Unfallkasse oder den Ansprechpartner der DGUV zu senden.\" \/>\n<meta name=\"robots\" content=\"index, follow, max-snippet:-1, max-image-preview:large, max-video-preview:-1\" \/>\n<link rel=\"canonical\" href=\"https:\/\/www.erstehilfeschuleberlin.de\/en\/abrechnung\/\" \/>\n<meta property=\"og:locale\" content=\"en_GB\" \/>\n<meta property=\"og:type\" content=\"article\" \/>\n<meta property=\"og:title\" content=\"Abrechnungsformular f\u00fcr Erste-Hilfe-Kurse nach DGUV-Richtlinien\" \/>\n<meta property=\"og:description\" content=\"Das ausgef\u00fcllte Abrechnungsformular ist in der Regel an die zust\u00e4ndige Unfallkasse oder den Ansprechpartner der DGUV zu senden.\" \/>\n<meta property=\"og:url\" content=\"https:\/\/www.erstehilfeschuleberlin.de\/en\/abrechnung\/\" \/>\n<meta property=\"og:site_name\" content=\"Erste Hilfe Schule Berlin\" \/>\n<meta property=\"article:publisher\" content=\"https:\/\/www.facebook.com\/christina.maddocks\/\" \/>\n<meta property=\"article:modified_time\" content=\"2025-11-06T08:41:35+00:00\" \/>\n<meta name=\"twitter:card\" content=\"summary_large_image\" \/>\n<meta name=\"twitter:label1\" content=\"Estimated reading time\" \/>\n\t<meta name=\"twitter:data1\" content=\"4 minutes\" \/>\n<script type=\"application\/ld+json\" class=\"yoast-schema-graph\">{\"@context\":\"https:\\\/\\\/schema.org\",\"@graph\":[{\"@type\":\"WebPage\",\"@id\":\"https:\\\/\\\/www.erstehilfeschuleberlin.de\\\/abrechnung\\\/\",\"url\":\"https:\\\/\\\/www.erstehilfeschuleberlin.de\\\/abrechnung\\\/\",\"name\":\"Abrechnungsformular f\u00fcr Erste-Hilfe-Kurse nach DGUV-Richtlinien\",\"isPartOf\":{\"@id\":\"https:\\\/\\\/www.erstehilfeschuleberlin.de\\\/#website\"},\"datePublished\":\"2024-11-14T15:00:49+00:00\",\"dateModified\":\"2025-11-06T08:41:35+00:00\",\"description\":\"Das ausgef\u00fcllte Abrechnungsformular ist in der Regel an die zust\u00e4ndige Unfallkasse oder den Ansprechpartner der DGUV zu senden.\",\"breadcrumb\":{\"@id\":\"https:\\\/\\\/www.erstehilfeschuleberlin.de\\\/abrechnung\\\/#breadcrumb\"},\"inLanguage\":\"en-GB\",\"potentialAction\":[{\"@type\":\"ReadAction\",\"target\":[\"https:\\\/\\\/www.erstehilfeschuleberlin.de\\\/abrechnung\\\/\"]}]},{\"@type\":\"BreadcrumbList\",\"@id\":\"https:\\\/\\\/www.erstehilfeschuleberlin.de\\\/abrechnung\\\/#breadcrumb\",\"itemListElement\":[{\"@type\":\"ListItem\",\"position\":1,\"name\":\"Startseite\",\"item\":\"https:\\\/\\\/www.erstehilfeschuleberlin.de\\\/\"},{\"@type\":\"ListItem\",\"position\":2,\"name\":\"Abrechnung &amp; Kosten\"}]},{\"@type\":\"WebSite\",\"@id\":\"https:\\\/\\\/www.erstehilfeschuleberlin.de\\\/#website\",\"url\":\"https:\\\/\\\/www.erstehilfeschuleberlin.de\\\/\",\"name\":\"Erste Hilfe Schule Berlin\",\"description\":\"\",\"publisher\":{\"@id\":\"https:\\\/\\\/www.erstehilfeschuleberlin.de\\\/#organization\"},\"potentialAction\":[{\"@type\":\"SearchAction\",\"target\":{\"@type\":\"EntryPoint\",\"urlTemplate\":\"https:\\\/\\\/www.erstehilfeschuleberlin.de\\\/?s={search_term_string}\"},\"query-input\":{\"@type\":\"PropertyValueSpecification\",\"valueRequired\":true,\"valueName\":\"search_term_string\"}}],\"inLanguage\":\"en-GB\"},{\"@type\":\"Organization\",\"@id\":\"https:\\\/\\\/www.erstehilfeschuleberlin.de\\\/#organization\",\"name\":\"Erste Hilfe Schule Berlin GmbH\",\"url\":\"https:\\\/\\\/www.erstehilfeschuleberlin.de\\\/\",\"logo\":{\"@type\":\"ImageObject\",\"inLanguage\":\"en-GB\",\"@id\":\"https:\\\/\\\/www.erstehilfeschuleberlin.de\\\/#\\\/schema\\\/logo\\\/image\\\/\",\"url\":\"https:\\\/\\\/www.erstehilfeschuleberlin.de\\\/wp-content\\\/uploads\\\/2024\\\/11\\\/Erste-Hilfe-Schule-logo-e1731399170464.png\",\"contentUrl\":\"https:\\\/\\\/www.erstehilfeschuleberlin.de\\\/wp-content\\\/uploads\\\/2024\\\/11\\\/Erste-Hilfe-Schule-logo-e1731399170464.png\",\"width\":1256,\"height\":380,\"caption\":\"Erste Hilfe Schule Berlin GmbH\"},\"image\":{\"@id\":\"https:\\\/\\\/www.erstehilfeschuleberlin.de\\\/#\\\/schema\\\/logo\\\/image\\\/\"},\"sameAs\":[\"https:\\\/\\\/www.facebook.com\\\/christina.maddocks\\\/\",\"https:\\\/\\\/www.instagram.com\\\/christina.maddocks\\\/\",\"https:\\\/\\\/www.youtube.com\\\/@nursemaddocks\"]}]}<\/script>\n<!-- \/ Yoast SEO plugin. -->","yoast_head_json":{"title":"Abrechnungsformular f\u00fcr Erste-Hilfe-Kurse nach DGUV-Richtlinien","description":"Das ausgef\u00fcllte Abrechnungsformular ist in der Regel an die zust\u00e4ndige Unfallkasse oder den Ansprechpartner der DGUV zu senden.","robots":{"index":"index","follow":"follow","max-snippet":"max-snippet:-1","max-image-preview":"max-image-preview:large","max-video-preview":"max-video-preview:-1"},"canonical":"https:\/\/www.erstehilfeschuleberlin.de\/en\/abrechnung\/","og_locale":"en_GB","og_type":"article","og_title":"Abrechnungsformular f\u00fcr Erste-Hilfe-Kurse nach DGUV-Richtlinien","og_description":"Das ausgef\u00fcllte Abrechnungsformular ist in der Regel an die zust\u00e4ndige Unfallkasse oder den Ansprechpartner der DGUV zu senden.","og_url":"https:\/\/www.erstehilfeschuleberlin.de\/en\/abrechnung\/","og_site_name":"Erste Hilfe Schule Berlin","article_publisher":"https:\/\/www.facebook.com\/christina.maddocks\/","article_modified_time":"2025-11-06T08:41:35+00:00","twitter_card":"summary_large_image","twitter_misc":{"Estimated reading time":"4 minutes"},"schema":{"@context":"https:\/\/schema.org","@graph":[{"@type":"WebPage","@id":"https:\/\/www.erstehilfeschuleberlin.de\/abrechnung\/","url":"https:\/\/www.erstehilfeschuleberlin.de\/abrechnung\/","name":"Abrechnungsformular f\u00fcr Erste-Hilfe-Kurse nach DGUV-Richtlinien","isPartOf":{"@id":"https:\/\/www.erstehilfeschuleberlin.de\/#website"},"datePublished":"2024-11-14T15:00:49+00:00","dateModified":"2025-11-06T08:41:35+00:00","description":"Das ausgef\u00fcllte Abrechnungsformular ist in der Regel an die zust\u00e4ndige Unfallkasse oder den Ansprechpartner der DGUV zu senden.","breadcrumb":{"@id":"https:\/\/www.erstehilfeschuleberlin.de\/abrechnung\/#breadcrumb"},"inLanguage":"en-GB","potentialAction":[{"@type":"ReadAction","target":["https:\/\/www.erstehilfeschuleberlin.de\/abrechnung\/"]}]},{"@type":"BreadcrumbList","@id":"https:\/\/www.erstehilfeschuleberlin.de\/abrechnung\/#breadcrumb","itemListElement":[{"@type":"ListItem","position":1,"name":"Startseite","item":"https:\/\/www.erstehilfeschuleberlin.de\/"},{"@type":"ListItem","position":2,"name":"Abrechnung &amp; Kosten"}]},{"@type":"WebSite","@id":"https:\/\/www.erstehilfeschuleberlin.de\/#website","url":"https:\/\/www.erstehilfeschuleberlin.de\/","name":"First Aid School Berlin","description":"","publisher":{"@id":"https:\/\/www.erstehilfeschuleberlin.de\/#organization"},"potentialAction":[{"@type":"SearchAction","target":{"@type":"EntryPoint","urlTemplate":"https:\/\/www.erstehilfeschuleberlin.de\/?s={search_term_string}"},"query-input":{"@type":"PropertyValueSpecification","valueRequired":true,"valueName":"search_term_string"}}],"inLanguage":"en-GB"},{"@type":"Organization","@id":"https:\/\/www.erstehilfeschuleberlin.de\/#organization","name":"First Aid School Berlin GmbH","url":"https:\/\/www.erstehilfeschuleberlin.de\/","logo":{"@type":"ImageObject","inLanguage":"en-GB","@id":"https:\/\/www.erstehilfeschuleberlin.de\/#\/schema\/logo\/image\/","url":"https:\/\/www.erstehilfeschuleberlin.de\/wp-content\/uploads\/2024\/11\/Erste-Hilfe-Schule-logo-e1731399170464.png","contentUrl":"https:\/\/www.erstehilfeschuleberlin.de\/wp-content\/uploads\/2024\/11\/Erste-Hilfe-Schule-logo-e1731399170464.png","width":1256,"height":380,"caption":"Erste Hilfe Schule Berlin GmbH"},"image":{"@id":"https:\/\/www.erstehilfeschuleberlin.de\/#\/schema\/logo\/image\/"},"sameAs":["https:\/\/www.facebook.com\/christina.maddocks\/","https:\/\/www.instagram.com\/christina.maddocks\/","https:\/\/www.youtube.com\/@nursemaddocks"]}]}},"_links":{"self":[{"href":"https:\/\/www.erstehilfeschuleberlin.de\/en\/wp-json\/wp\/v2\/pages\/489","targetHints":{"allow":["GET"]}}],"collection":[{"href":"https:\/\/www.erstehilfeschuleberlin.de\/en\/wp-json\/wp\/v2\/pages"}],"about":[{"href":"https:\/\/www.erstehilfeschuleberlin.de\/en\/wp-json\/wp\/v2\/types\/page"}],"author":[{"embeddable":true,"href":"https:\/\/www.erstehilfeschuleberlin.de\/en\/wp-json\/wp\/v2\/users\/1"}],"replies":[{"embeddable":true,"href":"https:\/\/www.erstehilfeschuleberlin.de\/en\/wp-json\/wp\/v2\/comments?post=489"}],"version-history":[{"count":11,"href":"https:\/\/www.erstehilfeschuleberlin.de\/en\/wp-json\/wp\/v2\/pages\/489\/revisions"}],"predecessor-version":[{"id":1880,"href":"https:\/\/www.erstehilfeschuleberlin.de\/en\/wp-json\/wp\/v2\/pages\/489\/revisions\/1880"}],"wp:attachment":[{"href":"https:\/\/www.erstehilfeschuleberlin.de\/en\/wp-json\/wp\/v2\/media?parent=489"}],"curies":[{"name":"wp","href":"https:\/\/api.w.org\/{rel}","templated":true}]}}